{"id":12970,"date":"2025-01-04T15:48:48","date_gmt":"2025-01-04T18:48:48","guid":{"rendered":"http:\/\/localhost\/Nilakademi\/?page_id=12970"},"modified":"2025-03-25T02:10:00","modified_gmt":"2025-03-25T05:10:00","slug":"arastirma-proje-destegi-ve-kurumsal-danismanlik-hizmetleri","status":"publish","type":"page","link":"https:\/\/nilakademi.net\/en\/arastirma-proje-destegi-ve-kurumsal-danismanlik-hizmetleri\/","title":{"rendered":"Consultancy Solutions"},"content":{"rendered":"<div data-elementor-type=\"wp-page\" data-elementor-id=\"12970\" class=\"elementor elementor-12970\">\n\t\t\t\t<div class=\"elementor-element elementor-element-623dbc8 e-flex e-con-boxed e-con e-parent\" data-id=\"623dbc8\" data-element_type=\"container\" data-e-type=\"container\">\n\t\t\t\t\t<div class=\"e-con-inner\">\n\t\t\t\t<div class=\"elementor-element elementor-element-702f24d elementor-widget elementor-widget-text-editor\" data-id=\"702f24d\" data-element_type=\"widget\" data-e-type=\"widget\" data-widget_type=\"text-editor.default\">\n\t\t\t\t<div class=\"elementor-widget-container\">\n\t\t\t\t\t\t\t\t\t<p data-pm-slice=\"1 1 []\"><strong>N\u0130L AKADEM\u0130, provides comprehensive consulting services to support your institution\u2019s success and sustainable development. We develop innovative solutions to facilitate your strategic goals and design tailored approaches with our expert team. With professional support in analysis, planning, and implementation, we offer solutions that strengthen your corporate capacity and increase your efficiency.<\/strong><\/p>\n\t\t\t\t\t\t\t\t<\/div>\n\t\t\t\t<\/div>\n\t\t\t\t\t<\/div>\n\t\t\t\t<\/div>\n\t\t<div class=\"elementor-element elementor-element-36951ac e-flex e-con-boxed e-con e-parent\" data-id=\"36951ac\" data-element_type=\"container\" data-e-type=\"container\">\n\t\t\t\t\t<div class=\"e-con-inner\">\n\t\t<div class=\"elementor-element elementor-element-662f111 e-con-full e-flex e-con e-child\" data-id=\"662f111\" data-element_type=\"container\" data-e-type=\"container\">\n\t\t\t\t<div class=\"elementor-element elementor-element-e20d59f elementor-widget elementor-widget-text-editor\" data-id=\"e20d59f\" data-element_type=\"widget\" data-e-type=\"widget\" data-widget_type=\"text-editor.default\">\n\t\t\t\t<div class=\"elementor-widget-container\">\n\t\t\t\t\t\t\t\t\t<h3>Research and Project Support<\/h3>\n<ul>\n<li>Research design<\/li>\n<li>Identifying the best project idea<\/li>\n<li>Determining the most suitable funding source<\/li>\n<li>Finding partners and forming consortia<\/li>\n<li>Managing application procedures<\/li>\n<li>Project management<\/li>\n<li>Monitoring and evaluation<\/li>\n<li>Data analysis<\/li>\n<li>Impact assessment and reporting<\/li>\n<\/ul>\n\t\t\t\t\t\t\t\t<\/div>\n\t\t\t\t<\/div>\n\t\t\t\t<\/div>\n\t\t<div class=\"elementor-element elementor-element-34b61ac e-con-full e-flex e-con e-child\" data-id=\"34b61ac\" data-element_type=\"container\" data-e-type=\"container\">\n\t\t\t\t<div class=\"elementor-element elementor-element-5833d5c elementor-widget elementor-widget-image\" data-id=\"5833d5c\" data-element_type=\"widget\" data-e-type=\"widget\" data-widget_type=\"image.default\">\n\t\t\t\t<div class=\"elementor-widget-container\">\n\t\t\t\t\t\t\t\t\t\t\t\t\t\t\t<img data-recalc-dims=\"1\" loading=\"lazy\" decoding=\"async\" width=\"1024\" height=\"684\" src=\"https:\/\/i0.wp.com\/nilakademi.net\/wp-content\/uploads\/2024\/12\/projeBG.jpg?resize=1024%2C684&#038;ssl=1\" class=\"attachment-large size-large wp-image-12650\" alt=\"\" srcset=\"https:\/\/nilakademi.net\/wp-content\/uploads\/2024\/12\/projeBG.avif 1024w, https:\/\/nilakademi.net\/wp-content\/uploads\/2024\/12\/projeBG.avif 300w, https:\/\/nilakademi.net\/wp-content\/uploads\/2024\/12\/projeBG.avif 768w, https:\/\/nilakademi.net\/wp-content\/uploads\/2024\/12\/projeBG.avif 1536w, https:\/\/nilakademi.net\/wp-content\/uploads\/2024\/12\/projeBG.avif 270w, https:\/\/nilakademi.net\/wp-content\/uploads\/2024\/12\/projeBG.avif 2000w\" sizes=\"auto, (max-width: 1024px) 100vw, 1024px\" \/>\t\t\t\t\t\t\t\t\t\t\t\t\t\t\t<\/div>\n\t\t\t\t<\/div>\n\t\t\t\t<\/div>\n\t\t\t\t\t<\/div>\n\t\t\t\t<\/div>\n\t\t<div class=\"elementor-element elementor-element-ecb6fe8 e-flex e-con-boxed e-con e-parent\" data-id=\"ecb6fe8\" data-element_type=\"container\" data-e-type=\"container\">\n\t\t\t\t\t<div class=\"e-con-inner\">\n\t\t\t\t<div class=\"elementor-element elementor-element-6c45284 elementor-widget elementor-widget-image\" data-id=\"6c45284\" data-element_type=\"widget\" data-e-type=\"widget\" data-widget_type=\"image.default\">\n\t\t\t\t<div class=\"elementor-widget-container\">\n\t\t\t\t\t\t\t\t\t\t\t\t\t\t\t<img loading=\"lazy\" decoding=\"async\" width=\"800\" height=\"600\" src=\"https:\/\/nilakademi.net\/wp-content\/uploads\/2025\/01\/ozelEgitimCozumleri.avif\" class=\"attachment-full size-full wp-image-12818\" alt=\"\" \/>\t\t\t\t\t\t\t\t\t\t\t\t\t\t\t<\/div>\n\t\t\t\t<\/div>\n\t\t\t\t\t<\/div>\n\t\t\t\t<\/div>\n\t\t<div class=\"elementor-element elementor-element-ad2e3e4 e-flex e-con-boxed e-con e-parent\" data-id=\"ad2e3e4\" data-element_type=\"container\" data-e-type=\"container\">\n\t\t\t\t\t<div class=\"e-con-inner\">\n\t\t\t\t<div class=\"elementor-element elementor-element-040162a elementor-widget elementor-widget-text-editor\" data-id=\"040162a\" data-element_type=\"widget\" data-e-type=\"widget\" data-widget_type=\"text-editor.default\">\n\t\t\t\t<div class=\"elementor-widget-container\">\n\t\t\t\t\t\t\t\t\t<h3>Corporate \/ In-Service Training Designs<\/h3>\n<p>We identify your institution\u2019s most effective training needs and design tailored programs to increase corporate capacity.<\/p>\n<h3>What Are the Advantages of Custom-Designed Trainings?<\/h3>\n<p>Customized training programs for individuals and organizations offer distinct advantages compared to standard programs. These trainings are tailored to your personal learning goals and help you identify exactly what is needed to achieve them.\u00a0<\/p>\n<p><strong><span class=\"TextRun SCXW24580948 BCX0\" lang=\"TR-TR\" xml:lang=\"TR-TR\" data-contrast=\"auto\"><span class=\"ContextualSpellingAndGrammarError SCXW24580948 BCX0\">\u00d6zel\u00a0<\/span><span class=\"ContextualSpellingAndGrammarError SCXW24580948 BCX0\">\u00a0tasar\u0131m<\/span>\u00a0<span class=\"NormalTextRun SCXW24580948 BCX0\">e\u011fitim<\/span><span class=\"NormalTextRun SCXW24580948 BCX0\">lerin\u00a0<\/span><span class=\"NormalTextRun SCXW24580948 BCX0\">baz\u0131 avantajlar\u0131 \u015funlard\u0131r:<\/span><\/span><span class=\"EOP SCXW24580948 BCX0\" data-ccp-props=\"{}\">\u00a0<\/span><\/strong><\/p>\n<p class=\"translation-block\"><strong>Efficient:<\/strong> Custom training programs designed to meet participants\u2019 specific needs and tailored to special learning goals related to skill development are faster and more efficient.<\/p>\n<p class=\"translation-block\"><strong>Higher participation:<\/strong> Custom-designed trainings match participants' learning goals and needs, thereby increasing participation and motivation.<\/p>\n<p class=\"translation-block\"><strong>Flexible:<\/strong> Custom trainings are flexible. They can be adapted to your staff\u2019s schedule and availability, and can be delivered in-house or online. Customized training content and learning preferences are also adjustable.<\/p>\n<p><span class=\"EOP SCXW107257423 BCX0\" data-ccp-props=\"{}\">In short, custom-designed trainings provide a more effective learning experience, better performance, and higher participant satisfaction.<\/span><\/p>\n<h3>Corporate Reporting<\/h3>\n<p>Corporate reporting is a systematic process that allows a company to transparently present its financial, managerial, and sustainability performance to its stakeholders. It is vital for building trust with stakeholders, increasing investor interest, and enabling long-term strategic planning. Corporate reporting and evaluation ensure companies transparently share their financial status and sustainability goals with stakeholders. Accurate reporting and evaluation methods contribute to increasing market value and long-term growth.<\/p>\n\t\t\t\t\t\t\t\t<\/div>\n\t\t\t\t<\/div>\n\t\t\t\t\t<\/div>\n\t\t\t\t<\/div>\n\t\t\t\t<\/div>","protected":false},"excerpt":{"rendered":"<p>N\u0130L AKADEM\u0130, kurumlar\u0131n\u0131z\u0131n ba\u015far\u0131s\u0131n\u0131 desteklemek ve s\u00fcrd\u00fcr\u00fclebilir geli\u015fim sa\u011flamak i\u00e7in kapsam\u0131l\u0131 dan\u0131\u015fmanl\u0131k hizmetleri sunar. Stratejik hedeflerinize ula\u015fman\u0131z\u0131 kolayla\u015ft\u0131racak yenilik\u00e7i \u00e7\u00f6z\u00fcmler geli\u015ftiriyor, uzman ekibimizle ihtiyac\u0131n\u0131za \u00f6zel yakla\u015f\u0131mlar tasarl\u0131yoruz. Analiz, planlama ve uygulama a\u015famalar\u0131nda profesyonel deste\u011fimizle, kurumsal kapasitenizi g\u00fc\u00e7lendirecek, verimlili\u011finizi art\u0131racak \u00e7\u00f6z\u00fcmler sunuyoruz. Ara\u015ft\u0131rma ve Proje Deste\u011fi Ara\u015ft\u0131rma Tasar\u0131m\u0131 En do\u011fru proje fikrinin olu\u015fturulmas\u0131, En uygun fon [&hellip;]<\/p>\n","protected":false},"author":1,"featured_media":0,"parent":0,"menu_order":0,"comment_status":"closed","ping_status":"closed","template":"","meta":{"nf_dc_page":"","footnotes":""},"class_list":["post-12970","page","type-page","status-publish","hentry"],"yoast_head":"<!-- This site is optimized with the Yoast SEO plugin v27.5 - https:\/\/yoast.com\/product\/yoast-seo-wordpress\/ -->\n<title>Dan\u0131\u015fmanl\u0131k \u00c7\u00f6z\u00fcmlerimiz - Nil Akademi<\/title>\n<meta name=\"description\" content=\"N\u0130L AKADEM\u0130, stratejik hedeflerinize ula\u015fman\u0131z\u0131 sa\u011flayan kurumsal dan\u0131\u015fmanl\u0131k ve \u00f6zel e\u011fitim \u00e7\u00f6z\u00fcmleri sunar. Verimlili\u011fi art\u0131rmak i\u00e7in bizimle ileti\u015fime ge\u00e7in!\" \/>\n<meta name=\"robots\" content=\"index, follow, max-snippet:-1, max-image-preview:large, max-video-preview:-1\" \/>\n<link rel=\"canonical\" href=\"https:\/\/nilakademi.net\/en\/arastirma-proje-destegi-ve-kurumsal-danismanlik-hizmetleri\/\" \/>\n<meta property=\"og:locale\" content=\"en_US\" \/>\n<meta property=\"og:type\" content=\"article\" \/>\n<meta property=\"og:title\" content=\"Dan\u0131\u015fmanl\u0131k \u00c7\u00f6z\u00fcmlerimiz - Nil Akademi\" \/>\n<meta property=\"og:description\" content=\"N\u0130L AKADEM\u0130, stratejik hedeflerinize ula\u015fman\u0131z\u0131 sa\u011flayan kurumsal dan\u0131\u015fmanl\u0131k ve \u00f6zel e\u011fitim \u00e7\u00f6z\u00fcmleri sunar. Verimlili\u011fi art\u0131rmak i\u00e7in bizimle ileti\u015fime ge\u00e7in!\" \/>\n<meta property=\"og:url\" content=\"https:\/\/nilakademi.net\/en\/arastirma-proje-destegi-ve-kurumsal-danismanlik-hizmetleri\/\" \/>\n<meta property=\"og:site_name\" content=\"Nil Akademi\" \/>\n<meta property=\"article:modified_time\" content=\"2025-03-25T05:10:00+00:00\" \/>\n<meta property=\"og:image\" content=\"https:\/\/nilakademi.net\/wp-content\/uploads\/2024\/12\/projeBG-1024x684.jpg\" \/>\n<meta name=\"twitter:card\" content=\"summary_large_image\" \/>\n<meta name=\"twitter:label1\" content=\"Est. reading time\" \/>\n\t<meta name=\"twitter:data1\" content=\"3 minutes\" \/>\n<script type=\"application\/ld+json\" class=\"yoast-schema-graph\">{\"@context\":\"https:\\\/\\\/schema.org\",\"@graph\":[{\"@type\":\"WebPage\",\"@id\":\"https:\\\/\\\/nilakademi.net\\\/arastirma-proje-destegi-ve-kurumsal-danismanlik-hizmetleri\\\/\",\"url\":\"https:\\\/\\\/nilakademi.net\\\/arastirma-proje-destegi-ve-kurumsal-danismanlik-hizmetleri\\\/\",\"name\":\"Dan\u0131\u015fmanl\u0131k \u00c7\u00f6z\u00fcmlerimiz - Nil Akademi\",\"isPartOf\":{\"@id\":\"https:\\\/\\\/nilakademi.net\\\/#website\"},\"primaryImageOfPage\":{\"@id\":\"https:\\\/\\\/nilakademi.net\\\/arastirma-proje-destegi-ve-kurumsal-danismanlik-hizmetleri\\\/#primaryimage\"},\"image\":{\"@id\":\"https:\\\/\\\/nilakademi.net\\\/arastirma-proje-destegi-ve-kurumsal-danismanlik-hizmetleri\\\/#primaryimage\"},\"thumbnailUrl\":\"https:\\\/\\\/nilakademi.net\\\/wp-content\\\/uploads\\\/2024\\\/12\\\/projeBG-1024x684.jpg\",\"datePublished\":\"2025-01-04T18:48:48+00:00\",\"dateModified\":\"2025-03-25T05:10:00+00:00\",\"description\":\"N\u0130L AKADEM\u0130, stratejik hedeflerinize ula\u015fman\u0131z\u0131 sa\u011flayan kurumsal dan\u0131\u015fmanl\u0131k ve \u00f6zel e\u011fitim \u00e7\u00f6z\u00fcmleri sunar. Verimlili\u011fi art\u0131rmak i\u00e7in bizimle ileti\u015fime ge\u00e7in!\",\"breadcrumb\":{\"@id\":\"https:\\\/\\\/nilakademi.net\\\/arastirma-proje-destegi-ve-kurumsal-danismanlik-hizmetleri\\\/#breadcrumb\"},\"inLanguage\":\"en-US\",\"potentialAction\":[{\"@type\":\"ReadAction\",\"target\":[\"https:\\\/\\\/nilakademi.net\\\/arastirma-proje-destegi-ve-kurumsal-danismanlik-hizmetleri\\\/\"]}]},{\"@type\":\"ImageObject\",\"inLanguage\":\"en-US\",\"@id\":\"https:\\\/\\\/nilakademi.net\\\/arastirma-proje-destegi-ve-kurumsal-danismanlik-hizmetleri\\\/#primaryimage\",\"url\":\"https:\\\/\\\/nilakademi.net\\\/wp-content\\\/uploads\\\/2024\\\/12\\\/projeBG-1024x684.jpg\",\"contentUrl\":\"https:\\\/\\\/nilakademi.net\\\/wp-content\\\/uploads\\\/2024\\\/12\\\/projeBG-1024x684.jpg\"},{\"@type\":\"BreadcrumbList\",\"@id\":\"https:\\\/\\\/nilakademi.net\\\/arastirma-proje-destegi-ve-kurumsal-danismanlik-hizmetleri\\\/#breadcrumb\",\"itemListElement\":[{\"@type\":\"ListItem\",\"position\":1,\"name\":\"Anasayfa\",\"item\":\"https:\\\/\\\/nilakademi.net\\\/\"},{\"@type\":\"ListItem\",\"position\":2,\"name\":\"Dan\u0131\u015fmanl\u0131k \u00c7\u00f6z\u00fcmlerimiz\"}]},{\"@type\":\"WebSite\",\"@id\":\"https:\\\/\\\/nilakademi.net\\\/#website\",\"url\":\"https:\\\/\\\/nilakademi.net\\\/\",\"name\":\"Nil Akademi\",\"description\":\"Uluslararas\u0131 Sertifikal\u0131 E\u011fitim ve Dan\u0131\u015fmanl\u0131k Merkezi\",\"publisher\":{\"@id\":\"https:\\\/\\\/nilakademi.net\\\/#organization\"},\"potentialAction\":[{\"@type\":\"SearchAction\",\"target\":{\"@type\":\"EntryPoint\",\"urlTemplate\":\"https:\\\/\\\/nilakademi.net\\\/?s={search_term_string}\"},\"query-input\":{\"@type\":\"PropertyValueSpecification\",\"valueRequired\":true,\"valueName\":\"search_term_string\"}}],\"inLanguage\":\"en-US\"},{\"@type\":\"Organization\",\"@id\":\"https:\\\/\\\/nilakademi.net\\\/#organization\",\"name\":\"Nil Akademi\",\"url\":\"https:\\\/\\\/nilakademi.net\\\/\",\"logo\":{\"@type\":\"ImageObject\",\"inLanguage\":\"en-US\",\"@id\":\"https:\\\/\\\/nilakademi.net\\\/#\\\/schema\\\/logo\\\/image\\\/\",\"url\":\"https:\\\/\\\/nilakademi.net\\\/wp-content\\\/uploads\\\/2025\\\/01\\\/Logo-web-1024x156.avif\",\"contentUrl\":\"https:\\\/\\\/nilakademi.net\\\/wp-content\\\/uploads\\\/2025\\\/01\\\/Logo-web-1024x156.avif\",\"width\":1031,\"height\":157,\"caption\":\"Nil Akademi\"},\"image\":{\"@id\":\"https:\\\/\\\/nilakademi.net\\\/#\\\/schema\\\/logo\\\/image\\\/\"},\"sameAs\":[\"https:\\\/\\\/www.instagram.com\\\/nilakademik\\\/\",\"https:\\\/\\\/www.linkedin.com\\\/company\\\/nil-akademi-uluslararas-sertifikal-eitim-ve-danmanlk\\\/about\\\/\"]}]}<\/script>\n<!-- \/ Yoast SEO plugin. -->","yoast_head_json":{"title":"Dan\u0131\u015fmanl\u0131k \u00c7\u00f6z\u00fcmlerimiz - Nil Akademi","description":"N\u0130L AKADEM\u0130, stratejik hedeflerinize ula\u015fman\u0131z\u0131 sa\u011flayan kurumsal dan\u0131\u015fmanl\u0131k ve \u00f6zel e\u011fitim \u00e7\u00f6z\u00fcmleri sunar. Verimlili\u011fi art\u0131rmak i\u00e7in bizimle ileti\u015fime ge\u00e7in!","robots":{"index":"index","follow":"follow","max-snippet":"max-snippet:-1","max-image-preview":"max-image-preview:large","max-video-preview":"max-video-preview:-1"},"canonical":"https:\/\/nilakademi.net\/en\/arastirma-proje-destegi-ve-kurumsal-danismanlik-hizmetleri\/","og_locale":"en_US","og_type":"article","og_title":"Dan\u0131\u015fmanl\u0131k \u00c7\u00f6z\u00fcmlerimiz - Nil Akademi","og_description":"N\u0130L AKADEM\u0130, stratejik hedeflerinize ula\u015fman\u0131z\u0131 sa\u011flayan kurumsal dan\u0131\u015fmanl\u0131k ve \u00f6zel e\u011fitim \u00e7\u00f6z\u00fcmleri sunar. Verimlili\u011fi art\u0131rmak i\u00e7in bizimle ileti\u015fime ge\u00e7in!","og_url":"https:\/\/nilakademi.net\/en\/arastirma-proje-destegi-ve-kurumsal-danismanlik-hizmetleri\/","og_site_name":"Nil Akademi","article_modified_time":"2025-03-25T05:10:00+00:00","og_image":[{"url":"https:\/\/nilakademi.net\/wp-content\/uploads\/2024\/12\/projeBG-1024x684.jpg","type":"","width":"","height":""}],"twitter_card":"summary_large_image","twitter_misc":{"Est. reading time":"3 minutes"},"schema":{"@context":"https:\/\/schema.org","@graph":[{"@type":"WebPage","@id":"https:\/\/nilakademi.net\/arastirma-proje-destegi-ve-kurumsal-danismanlik-hizmetleri\/","url":"https:\/\/nilakademi.net\/arastirma-proje-destegi-ve-kurumsal-danismanlik-hizmetleri\/","name":"Dan\u0131\u015fmanl\u0131k \u00c7\u00f6z\u00fcmlerimiz - Nil Akademi","isPartOf":{"@id":"https:\/\/nilakademi.net\/#website"},"primaryImageOfPage":{"@id":"https:\/\/nilakademi.net\/arastirma-proje-destegi-ve-kurumsal-danismanlik-hizmetleri\/#primaryimage"},"image":{"@id":"https:\/\/nilakademi.net\/arastirma-proje-destegi-ve-kurumsal-danismanlik-hizmetleri\/#primaryimage"},"thumbnailUrl":"https:\/\/nilakademi.net\/wp-content\/uploads\/2024\/12\/projeBG-1024x684.jpg","datePublished":"2025-01-04T18:48:48+00:00","dateModified":"2025-03-25T05:10:00+00:00","description":"N\u0130L AKADEM\u0130, stratejik hedeflerinize ula\u015fman\u0131z\u0131 sa\u011flayan kurumsal dan\u0131\u015fmanl\u0131k ve \u00f6zel e\u011fitim \u00e7\u00f6z\u00fcmleri sunar. Verimlili\u011fi art\u0131rmak i\u00e7in bizimle ileti\u015fime ge\u00e7in!","breadcrumb":{"@id":"https:\/\/nilakademi.net\/arastirma-proje-destegi-ve-kurumsal-danismanlik-hizmetleri\/#breadcrumb"},"inLanguage":"en-US","potentialAction":[{"@type":"ReadAction","target":["https:\/\/nilakademi.net\/arastirma-proje-destegi-ve-kurumsal-danismanlik-hizmetleri\/"]}]},{"@type":"ImageObject","inLanguage":"en-US","@id":"https:\/\/nilakademi.net\/arastirma-proje-destegi-ve-kurumsal-danismanlik-hizmetleri\/#primaryimage","url":"https:\/\/nilakademi.net\/wp-content\/uploads\/2024\/12\/projeBG-1024x684.jpg","contentUrl":"https:\/\/nilakademi.net\/wp-content\/uploads\/2024\/12\/projeBG-1024x684.jpg"},{"@type":"BreadcrumbList","@id":"https:\/\/nilakademi.net\/arastirma-proje-destegi-ve-kurumsal-danismanlik-hizmetleri\/#breadcrumb","itemListElement":[{"@type":"ListItem","position":1,"name":"Anasayfa","item":"https:\/\/nilakademi.net\/"},{"@type":"ListItem","position":2,"name":"Dan\u0131\u015fmanl\u0131k \u00c7\u00f6z\u00fcmlerimiz"}]},{"@type":"WebSite","@id":"https:\/\/nilakademi.net\/#website","url":"https:\/\/nilakademi.net\/","name":"Nil Akademi","description":"Uluslararas\u0131 Sertifikal\u0131 E\u011fitim ve Dan\u0131\u015fmanl\u0131k Merkezi","publisher":{"@id":"https:\/\/nilakademi.net\/#organization"},"potentialAction":[{"@type":"SearchAction","target":{"@type":"EntryPoint","urlTemplate":"https:\/\/nilakademi.net\/?s={search_term_string}"},"query-input":{"@type":"PropertyValueSpecification","valueRequired":true,"valueName":"search_term_string"}}],"inLanguage":"en-US"},{"@type":"Organization","@id":"https:\/\/nilakademi.net\/#organization","name":"Nil Akademi","url":"https:\/\/nilakademi.net\/","logo":{"@type":"ImageObject","inLanguage":"en-US","@id":"https:\/\/nilakademi.net\/#\/schema\/logo\/image\/","url":"https:\/\/nilakademi.net\/wp-content\/uploads\/2025\/01\/Logo-web-1024x156.avif","contentUrl":"https:\/\/nilakademi.net\/wp-content\/uploads\/2025\/01\/Logo-web-1024x156.avif","width":1031,"height":157,"caption":"Nil Akademi"},"image":{"@id":"https:\/\/nilakademi.net\/#\/schema\/logo\/image\/"},"sameAs":["https:\/\/www.instagram.com\/nilakademik\/","https:\/\/www.linkedin.com\/company\/nil-akademi-uluslararas-sertifikal-eitim-ve-danmanlk\/about\/"]}]}},"jetpack_sharing_enabled":true,"_links":{"self":[{"href":"https:\/\/nilakademi.net\/en\/wp-json\/wp\/v2\/pages\/12970","targetHints":{"allow":["GET"]}}],"collection":[{"href":"https:\/\/nilakademi.net\/en\/wp-json\/wp\/v2\/pages"}],"about":[{"href":"https:\/\/nilakademi.net\/en\/wp-json\/wp\/v2\/types\/page"}],"author":[{"embeddable":true,"href":"https:\/\/nilakademi.net\/en\/wp-json\/wp\/v2\/users\/1"}],"replies":[{"embeddable":true,"href":"https:\/\/nilakademi.net\/en\/wp-json\/wp\/v2\/comments?post=12970"}],"version-history":[{"count":71,"href":"https:\/\/nilakademi.net\/en\/wp-json\/wp\/v2\/pages\/12970\/revisions"}],"predecessor-version":[{"id":14057,"href":"https:\/\/nilakademi.net\/en\/wp-json\/wp\/v2\/pages\/12970\/revisions\/14057"}],"wp:attachment":[{"href":"https:\/\/nilakademi.net\/en\/wp-json\/wp\/v2\/media?parent=12970"}],"curies":[{"name":"wp","href":"https:\/\/api.w.org\/{rel}","templated":true}]}}