{"id":13256,"date":"2025-01-15T02:15:52","date_gmt":"2025-01-15T05:15:52","guid":{"rendered":"http:\/\/localhost\/Nilakademi\/?page_id=13256"},"modified":"2025-01-15T02:34:06","modified_gmt":"2025-01-15T05:34:06","slug":"kvkk","status":"publish","type":"page","link":"https:\/\/nilakademi.net\/en\/kvkk\/","title":{"rendered":"Kvkk"},"content":{"rendered":"<div data-elementor-type=\"wp-page\" data-elementor-id=\"13256\" class=\"elementor elementor-13256\">\n\t\t\t\t<div class=\"elementor-element elementor-element-36b4cb54 e-flex e-con-boxed e-con e-parent\" data-id=\"36b4cb54\" data-element_type=\"container\" data-e-type=\"container\">\n\t\t\t\t\t<div class=\"e-con-inner\">\n\t\t\t\t<div class=\"elementor-element elementor-element-4db2018 elementor-widget elementor-widget-text-editor\" data-id=\"4db2018\" data-element_type=\"widget\" data-e-type=\"widget\" data-widget_type=\"text-editor.default\">\n\t\t\t\t<div class=\"elementor-widget-container\">\n\t\t\t\t\t\t\t\t\t<p><\/p>\n<h2 class=\"wp-block-heading\">K\u0130\u015e\u0130SEL VER\u0130LER\u0130N KULLANIMI A\u00c7IK RIZA FORMU<\/h2>\n<p>\u00a0<\/p>\n<p>\u0130\u015fbu izin formunu doldurarak,<\/p>\n<p>\u2026\u2026\u2026\u2026.E\u011fitimi kapsam\u0131nda 6698 say\u0131l\u0131 Ki\u015fisel Verilerin Korunmas\u0131 Kanunu\u2019na uygun olarak elde edilecek olan ki\u015fisel ve\/veya \u00f6zel nitelikli ki\u015fisel verilerimin; tamamen veya k\u0131smen elde edilmesi, kaydedilmesi, depolanmas\u0131, de\u011fi\u015ftirilmesi, g\u00fcncellenmesi, periyodik olarak kontrol edilmesi, yeniden d\u00fczenlenmesi, s\u0131n\u0131fland\u0131r\u0131lmas\u0131, i\u015flendikleri ama\u00e7 i\u00e7in gerekli olan ya da ilgili kanunda \u00f6ng\u00f6r\u00fclen s\u00fcre kadar muhafaza edilmesine konu hakk\u0131nda teredd\u00fcde yer vermeyecek \u015fekilde bilgi sahibi ve ayd\u0131nlat\u0131lm\u0131\u015f olarak a\u00e7\u0131k r\u0131zam ile\u00a0onay\u00a0veriyorum.<\/p>\n\t\t\t\t\t\t\t\t<\/div>\n\t\t\t\t<\/div>\n\t\t\t\t\t<\/div>\n\t\t\t\t<\/div>\n\t\t\t\t<\/div>","protected":false},"excerpt":{"rendered":"<p>K\u0130\u015e\u0130SEL VER\u0130LER\u0130N KULLANIMI A\u00c7IK RIZA FORMU \u00a0 \u0130\u015fbu izin formunu doldurarak, \u2026\u2026\u2026\u2026.E\u011fitimi kapsam\u0131nda 6698 say\u0131l\u0131 Ki\u015fisel Verilerin Korunmas\u0131 Kanunu\u2019na uygun olarak elde edilecek olan ki\u015fisel ve\/veya \u00f6zel nitelikli ki\u015fisel verilerimin; tamamen veya k\u0131smen elde edilmesi, kaydedilmesi, depolanmas\u0131, de\u011fi\u015ftirilmesi, g\u00fcncellenmesi, periyodik olarak kontrol edilmesi, yeniden d\u00fczenlenmesi, s\u0131n\u0131fland\u0131r\u0131lmas\u0131, i\u015flendikleri ama\u00e7 i\u00e7in gerekli olan ya da ilgili kanunda [&hellip;]<\/p>\n","protected":false},"author":1,"featured_media":0,"parent":0,"menu_order":0,"comment_status":"closed","ping_status":"closed","template":"","meta":{"nf_dc_page":"","footnotes":""},"class_list":["post-13256","page","type-page","status-publish","hentry"],"yoast_head":"<!-- This site is optimized with the Yoast SEO plugin v27.5 - https:\/\/yoast.com\/product\/yoast-seo-wordpress\/ -->\n<title>Kvkk - Nil Akademi<\/title>\n<meta name=\"robots\" content=\"index, follow, max-snippet:-1, max-image-preview:large, max-video-preview:-1\" \/>\n<link rel=\"canonical\" href=\"https:\/\/nilakademi.net\/en\/kvkk\/\" \/>\n<meta property=\"og:locale\" content=\"en_US\" \/>\n<meta property=\"og:type\" content=\"article\" \/>\n<meta property=\"og:title\" content=\"Kvkk - Nil Akademi\" \/>\n<meta property=\"og:description\" content=\"K\u0130\u015e\u0130SEL VER\u0130LER\u0130N KULLANIMI A\u00c7IK RIZA FORMU \u00a0 \u0130\u015fbu izin formunu doldurarak, \u2026\u2026\u2026\u2026.E\u011fitimi kapsam\u0131nda 6698 say\u0131l\u0131 Ki\u015fisel Verilerin Korunmas\u0131 Kanunu\u2019na uygun olarak elde edilecek olan ki\u015fisel ve\/veya \u00f6zel nitelikli ki\u015fisel verilerimin; tamamen veya k\u0131smen elde edilmesi, kaydedilmesi, depolanmas\u0131, de\u011fi\u015ftirilmesi, g\u00fcncellenmesi, periyodik olarak kontrol edilmesi, yeniden d\u00fczenlenmesi, s\u0131n\u0131fland\u0131r\u0131lmas\u0131, i\u015flendikleri ama\u00e7 i\u00e7in gerekli olan ya da ilgili kanunda [&hellip;]\" \/>\n<meta property=\"og:url\" content=\"https:\/\/nilakademi.net\/en\/kvkk\/\" \/>\n<meta property=\"og:site_name\" content=\"Nil Akademi\" \/>\n<meta property=\"article:modified_time\" content=\"2025-01-15T05:34:06+00:00\" \/>\n<meta name=\"twitter:card\" content=\"summary_large_image\" \/>\n<meta name=\"twitter:label1\" content=\"Est. reading time\" \/>\n\t<meta name=\"twitter:data1\" content=\"1 minute\" \/>\n<script type=\"application\/ld+json\" class=\"yoast-schema-graph\">{\"@context\":\"https:\\\/\\\/schema.org\",\"@graph\":[{\"@type\":\"WebPage\",\"@id\":\"https:\\\/\\\/nilakademi.net\\\/kvkk\\\/\",\"url\":\"https:\\\/\\\/nilakademi.net\\\/kvkk\\\/\",\"name\":\"Kvkk - Nil Akademi\",\"isPartOf\":{\"@id\":\"https:\\\/\\\/nilakademi.net\\\/#website\"},\"datePublished\":\"2025-01-15T05:15:52+00:00\",\"dateModified\":\"2025-01-15T05:34:06+00:00\",\"breadcrumb\":{\"@id\":\"https:\\\/\\\/nilakademi.net\\\/kvkk\\\/#breadcrumb\"},\"inLanguage\":\"en-US\",\"potentialAction\":[{\"@type\":\"ReadAction\",\"target\":[\"https:\\\/\\\/nilakademi.net\\\/kvkk\\\/\"]}]},{\"@type\":\"BreadcrumbList\",\"@id\":\"https:\\\/\\\/nilakademi.net\\\/kvkk\\\/#breadcrumb\",\"itemListElement\":[{\"@type\":\"ListItem\",\"position\":1,\"name\":\"Anasayfa\",\"item\":\"https:\\\/\\\/nilakademi.net\\\/\"},{\"@type\":\"ListItem\",\"position\":2,\"name\":\"Kvkk\"}]},{\"@type\":\"WebSite\",\"@id\":\"https:\\\/\\\/nilakademi.net\\\/#website\",\"url\":\"https:\\\/\\\/nilakademi.net\\\/\",\"name\":\"Nil Akademi\",\"description\":\"Uluslararas\u0131 Sertifikal\u0131 E\u011fitim ve Dan\u0131\u015fmanl\u0131k Merkezi\",\"publisher\":{\"@id\":\"https:\\\/\\\/nilakademi.net\\\/#organization\"},\"potentialAction\":[{\"@type\":\"SearchAction\",\"target\":{\"@type\":\"EntryPoint\",\"urlTemplate\":\"https:\\\/\\\/nilakademi.net\\\/?s={search_term_string}\"},\"query-input\":{\"@type\":\"PropertyValueSpecification\",\"valueRequired\":true,\"valueName\":\"search_term_string\"}}],\"inLanguage\":\"en-US\"},{\"@type\":\"Organization\",\"@id\":\"https:\\\/\\\/nilakademi.net\\\/#organization\",\"name\":\"Nil Akademi\",\"url\":\"https:\\\/\\\/nilakademi.net\\\/\",\"logo\":{\"@type\":\"ImageObject\",\"inLanguage\":\"en-US\",\"@id\":\"https:\\\/\\\/nilakademi.net\\\/#\\\/schema\\\/logo\\\/image\\\/\",\"url\":\"https:\\\/\\\/nilakademi.net\\\/wp-content\\\/uploads\\\/2025\\\/01\\\/Logo-web-1024x156.avif\",\"contentUrl\":\"https:\\\/\\\/nilakademi.net\\\/wp-content\\\/uploads\\\/2025\\\/01\\\/Logo-web-1024x156.avif\",\"width\":1031,\"height\":157,\"caption\":\"Nil Akademi\"},\"image\":{\"@id\":\"https:\\\/\\\/nilakademi.net\\\/#\\\/schema\\\/logo\\\/image\\\/\"},\"sameAs\":[\"https:\\\/\\\/www.instagram.com\\\/nilakademik\\\/\",\"https:\\\/\\\/www.linkedin.com\\\/company\\\/nil-akademi-uluslararas-sertifikal-eitim-ve-danmanlk\\\/about\\\/\"]}]}<\/script>\n<!-- \/ Yoast SEO plugin. -->","yoast_head_json":{"title":"Kvkk - Nil Akademi","robots":{"index":"index","follow":"follow","max-snippet":"max-snippet:-1","max-image-preview":"max-image-preview:large","max-video-preview":"max-video-preview:-1"},"canonical":"https:\/\/nilakademi.net\/en\/kvkk\/","og_locale":"en_US","og_type":"article","og_title":"Kvkk - Nil Akademi","og_description":"K\u0130\u015e\u0130SEL VER\u0130LER\u0130N KULLANIMI A\u00c7IK RIZA FORMU \u00a0 \u0130\u015fbu izin formunu doldurarak, \u2026\u2026\u2026\u2026.E\u011fitimi kapsam\u0131nda 6698 say\u0131l\u0131 Ki\u015fisel Verilerin Korunmas\u0131 Kanunu\u2019na uygun olarak elde edilecek olan ki\u015fisel ve\/veya \u00f6zel nitelikli ki\u015fisel verilerimin; tamamen veya k\u0131smen elde edilmesi, kaydedilmesi, depolanmas\u0131, de\u011fi\u015ftirilmesi, g\u00fcncellenmesi, periyodik olarak kontrol edilmesi, yeniden d\u00fczenlenmesi, s\u0131n\u0131fland\u0131r\u0131lmas\u0131, i\u015flendikleri ama\u00e7 i\u00e7in gerekli olan ya da ilgili kanunda [&hellip;]","og_url":"https:\/\/nilakademi.net\/en\/kvkk\/","og_site_name":"Nil Akademi","article_modified_time":"2025-01-15T05:34:06+00:00","twitter_card":"summary_large_image","twitter_misc":{"Est. reading time":"1 minute"},"schema":{"@context":"https:\/\/schema.org","@graph":[{"@type":"WebPage","@id":"https:\/\/nilakademi.net\/kvkk\/","url":"https:\/\/nilakademi.net\/kvkk\/","name":"Kvkk - Nil Akademi","isPartOf":{"@id":"https:\/\/nilakademi.net\/#website"},"datePublished":"2025-01-15T05:15:52+00:00","dateModified":"2025-01-15T05:34:06+00:00","breadcrumb":{"@id":"https:\/\/nilakademi.net\/kvkk\/#breadcrumb"},"inLanguage":"en-US","potentialAction":[{"@type":"ReadAction","target":["https:\/\/nilakademi.net\/kvkk\/"]}]},{"@type":"BreadcrumbList","@id":"https:\/\/nilakademi.net\/kvkk\/#breadcrumb","itemListElement":[{"@type":"ListItem","position":1,"name":"Anasayfa","item":"https:\/\/nilakademi.net\/"},{"@type":"ListItem","position":2,"name":"Kvkk"}]},{"@type":"WebSite","@id":"https:\/\/nilakademi.net\/#website","url":"https:\/\/nilakademi.net\/","name":"Nil Akademi","description":"Uluslararas\u0131 Sertifikal\u0131 E\u011fitim ve Dan\u0131\u015fmanl\u0131k Merkezi","publisher":{"@id":"https:\/\/nilakademi.net\/#organization"},"potentialAction":[{"@type":"SearchAction","target":{"@type":"EntryPoint","urlTemplate":"https:\/\/nilakademi.net\/?s={search_term_string}"},"query-input":{"@type":"PropertyValueSpecification","valueRequired":true,"valueName":"search_term_string"}}],"inLanguage":"en-US"},{"@type":"Organization","@id":"https:\/\/nilakademi.net\/#organization","name":"Nil Akademi","url":"https:\/\/nilakademi.net\/","logo":{"@type":"ImageObject","inLanguage":"en-US","@id":"https:\/\/nilakademi.net\/#\/schema\/logo\/image\/","url":"https:\/\/nilakademi.net\/wp-content\/uploads\/2025\/01\/Logo-web-1024x156.avif","contentUrl":"https:\/\/nilakademi.net\/wp-content\/uploads\/2025\/01\/Logo-web-1024x156.avif","width":1031,"height":157,"caption":"Nil Akademi"},"image":{"@id":"https:\/\/nilakademi.net\/#\/schema\/logo\/image\/"},"sameAs":["https:\/\/www.instagram.com\/nilakademik\/","https:\/\/www.linkedin.com\/company\/nil-akademi-uluslararas-sertifikal-eitim-ve-danmanlk\/about\/"]}]}},"jetpack_sharing_enabled":true,"_links":{"self":[{"href":"https:\/\/nilakademi.net\/en\/wp-json\/wp\/v2\/pages\/13256","targetHints":{"allow":["GET"]}}],"collection":[{"href":"https:\/\/nilakademi.net\/en\/wp-json\/wp\/v2\/pages"}],"about":[{"href":"https:\/\/nilakademi.net\/en\/wp-json\/wp\/v2\/types\/page"}],"author":[{"embeddable":true,"href":"https:\/\/nilakademi.net\/en\/wp-json\/wp\/v2\/users\/1"}],"replies":[{"embeddable":true,"href":"https:\/\/nilakademi.net\/en\/wp-json\/wp\/v2\/comments?post=13256"}],"version-history":[{"count":4,"href":"https:\/\/nilakademi.net\/en\/wp-json\/wp\/v2\/pages\/13256\/revisions"}],"predecessor-version":[{"id":13260,"href":"https:\/\/nilakademi.net\/en\/wp-json\/wp\/v2\/pages\/13256\/revisions\/13260"}],"wp:attachment":[{"href":"https:\/\/nilakademi.net\/en\/wp-json\/wp\/v2\/media?parent=13256"}],"curies":[{"name":"wp","href":"https:\/\/api.w.org\/{rel}","templated":true}]}}