{"id":13373,"date":"2025-01-18T14:47:04","date_gmt":"2025-01-18T17:47:04","guid":{"rendered":"http:\/\/localhost\/Nilakademi\/?page_id=13373"},"modified":"2025-03-04T17:33:21","modified_gmt":"2025-03-04T20:33:21","slug":"egitmen-basvuru-formu","status":"publish","type":"page","link":"https:\/\/nilakademi.net\/en\/egitmen-basvuru-formu\/","title":{"rendered":"E\u011fitmen \/ Uzman Ba\u015fvuru Formu"},"content":{"rendered":"<div data-elementor-type=\"wp-page\" data-elementor-id=\"13373\" class=\"elementor elementor-13373\">\n\t\t\t\t<div class=\"elementor-element elementor-element-36ac09b e-flex e-con-boxed e-con e-parent\" data-id=\"36ac09b\" data-element_type=\"container\" data-e-type=\"container\">\n\t\t\t\t\t<div class=\"e-con-inner\">\n\t\t\t\t<div class=\"elementor-element elementor-element-46f9cfb elementor-widget elementor-widget-stm_contact_form_7\" data-id=\"46f9cfb\" data-element_type=\"widget\" data-e-type=\"widget\" data-widget_type=\"stm_contact_form_7.default\">\n\t\t\t\t<div class=\"elementor-widget-container\">\n\t\t\t\t\t\n<div class=\"wpcf7 no-js\" id=\"wpcf7-f13372-o1\" lang=\"en-US\" dir=\"ltr\" data-wpcf7-id=\"13372\">\n<div class=\"screen-reader-response\"><p role=\"status\" aria-live=\"polite\" aria-atomic=\"true\"><\/p> <ul><\/ul><\/div>\n<form action=\"\/en\/wp-json\/wp\/v2\/pages\/13373#wpcf7-f13372-o1\" method=\"post\" class=\"wpcf7-form init\" aria-label=\"Contact form\" enctype=\"multipart\/form-data\" novalidate=\"novalidate\" data-status=\"init\" data-trp-original-action=\"\/en\/wp-json\/wp\/v2\/pages\/13373#wpcf7-f13372-o1\">\n<fieldset class=\"hidden-fields-container\"><input type=\"hidden\" name=\"_wpcf7\" value=\"13372\" \/><input type=\"hidden\" name=\"_wpcf7_version\" value=\"6.1.5\" \/><input type=\"hidden\" name=\"_wpcf7_locale\" value=\"en_US\" \/><input type=\"hidden\" name=\"_wpcf7_unit_tag\" value=\"wpcf7-f13372-o1\" \/><input type=\"hidden\" name=\"_wpcf7_container_post\" value=\"0\" \/><input type=\"hidden\" name=\"_wpcf7_posted_data_hash\" value=\"\" \/><input type=\"hidden\" name=\"_wpcf7_recaptcha_response\" value=\"\" \/>\n<\/fieldset>\n<div>\n\t<p><strong>E\u011fitmen Uzman Ba\u015fvuru Formu<\/strong>\n\t<\/p>\n<\/div>\n<p>Deneyiminizi ve uzmanl\u0131\u011f\u0131n\u0131z\u0131 payla\u015farak N\u0130L Akademi\u2019nin yenilik\u00e7i e\u011fitim a\u011f\u0131na kat\u0131lmak ister misiniz? Ba\u015fvurunuzla, bilgi ve tecr\u00fcbelerinizi geni\u015f bir kitleye aktarma f\u0131rsat\u0131 yakalayabilir, e\u011fitimde fark yaratabilirsiniz. E\u011fitimci kadromuzun bir par\u00e7as\u0131 olarak, bireylerin geli\u015fimine katk\u0131da bulunurken kendi kariyerinizde de yeni bir ad\u0131m atabilirsiniz.\n<\/p>\n<p><strong>L\u00fctfen a\u015fa\u011f\u0131daki formu eksiksiz doldurarak ba\u015fvurunuzu tamamlay\u0131n\u0131z. Ba\u015fvurunuz, uzman ekibimiz taraf\u0131ndan de\u011ferlendirilip en k\u0131sa s\u00fcrede sizinle ileti\u015fime ge\u00e7ilecektir.<\/strong>\n<\/p>\n<div class=\"form-group\">\n\t<p><span class=\"wpcf7-form-control-wrap\" data-name=\"your-name\"><input size=\"40\" maxlength=\"400\" class=\"wpcf7-form-control wpcf7-text wpcf7-validates-as-required form-control\" aria-required=\"true\" aria-invalid=\"false\" placeholder=\"Name Surname\" value=\"\" type=\"text\" name=\"your-name\" \/><\/span><br \/>\n<span class=\"wpcf7-form-control-wrap\" data-name=\"your-phone\"><input size=\"40\" maxlength=\"400\" class=\"wpcf7-form-control wpcf7-tel wpcf7-validates-as-required wpcf7-text wpcf7-validates-as-tel form-control\" aria-required=\"true\" aria-invalid=\"false\" placeholder=\"Your Phone Number\" value=\"\" type=\"tel\" name=\"your-phone\" \/><\/span><br \/>\n<span class=\"wpcf7-form-control-wrap\" data-name=\"your-email\"><input size=\"40\" maxlength=\"400\" class=\"wpcf7-form-control wpcf7-email wpcf7-validates-as-required wpcf7-text wpcf7-validates-as-email form-control\" aria-required=\"true\" aria-invalid=\"false\" placeholder=\"Your E-Mail Adress\" value=\"\" type=\"email\" name=\"your-email\" \/><\/span><br \/>\n\"L\u00fctfen sizi daha iyi tan\u0131yabilmemiz ve ba\u015fvurunuzu de\u011ferlendirebilmemiz i\u00e7in \u00f6zge\u00e7mi\u015finizi y\u00fckleyiniz.\"<br \/>\n<span class=\"wpcf7-form-control-wrap\" data-name=\"file-46\"><input size=\"40\" class=\"wpcf7-form-control wpcf7-file wpcf7-validates-as-required\" accept=\".pdf,.jpg,.jpeg,.png\" aria-required=\"true\" aria-invalid=\"false\" type=\"file\" name=\"file-46\" \/><\/span><br \/>\n<span class=\"wpcf7-form-control-wrap\" data-name=\"textarea-231\"><textarea cols=\"40\" rows=\"10\" maxlength=\"2000\" class=\"wpcf7-form-control wpcf7-textarea\" aria-invalid=\"false\" name=\"textarea-231\">A\u00e7\u0131klama...<\/textarea><\/span>\n\t<\/p>\n<\/div>\n<p><br \/>\n<span class=\"wpcf7-form-control-wrap\" data-name=\"acceptance-194\"><span class=\"wpcf7-form-control wpcf7-acceptance\"><span class=\"wpcf7-list-item\"><label><input type=\"checkbox\" name=\"acceptance-194\" value=\"1\" aria-invalid=\"false\" \/><span class=\"wpcf7-list-item-label\">\"I consent to the processing, storage, and, when necessary, sharing of my personal data with third parties within the country by Nil Akademi, in accordance with the Law on the Protection of Personal Data No. 6698 (KVKK) and relevant legislation, for the purposes stated in the information notice.<\/span><\/label><\/span><\/span><\/span>\n<\/p>\n<p><a href=\"https:\/\/nilakademi.net\/en\/egitimci-acik-riza-formu\/\" style=\"margin:15px; display:block; text-align:right;\">Click here to read the Explicit Consent Statement.<\/a>\n<\/p>\n<div style=\"text-align:right;\">\n\t<p><button type=\"submit\" class=\"btn btn-default\" style=\"background:#227AFF!important;\">Send<\/button>\n\t<\/p>\n<\/div>\n<p><img decoding=\"async\" loading=\"lazy\" src=\"\" class=\"ajax-loader\" style=\"visibility: hidden;\" alt=\"g\u00f6nderiliyor ...\" \/>\n<\/p><input type='hidden' class='wpcf7-pum' value='{\"closepopup\":false,\"closedelay\":0,\"openpopup\":false,\"openpopup_id\":0}' \/><div class=\"wpcf7-response-output\" aria-hidden=\"true\"><\/div>\n<input type=\"hidden\" name=\"trp-form-language\" value=\"en\"\/><\/form>\n<\/div>\n\t\t\t\t<\/div>\n\t\t\t\t<\/div>\n\t\t\t\t\t<\/div>\n\t\t\t\t<\/div>\n\t\t\t\t<\/div>","protected":false},"excerpt":{"rendered":"<p>E\u011fitmen Uzman Ba\u015fvuru Formu Deneyiminizi ve uzmanl\u0131\u011f\u0131n\u0131z\u0131 payla\u015farak N\u0130L Akademi\u2019nin yenilik\u00e7i e\u011fitim a\u011f\u0131na kat\u0131lmak ister misiniz? Ba\u015fvurunuzla, bilgi ve tecr\u00fcbelerinizi geni\u015f bir kitleye aktarma f\u0131rsat\u0131 yakalayabilir, e\u011fitimde fark yaratabilirsiniz. E\u011fitimci kadromuzun bir par\u00e7as\u0131 olarak, bireylerin geli\u015fimine katk\u0131da bulunurken kendi kariyerinizde de yeni bir ad\u0131m atabilirsiniz. \u00a0 L\u00fctfen a\u015fa\u011f\u0131daki formu eksiksiz doldurarak ba\u015fvurunuzu tamamlay\u0131n\u0131z. Ba\u015fvurunuz, uzman [&hellip;]<\/p>\n","protected":false},"author":1,"featured_media":0,"parent":0,"menu_order":0,"comment_status":"closed","ping_status":"closed","template":"","meta":{"nf_dc_page":"","footnotes":""},"class_list":["post-13373","page","type-page","status-publish","hentry"],"yoast_head":"<!-- This site is optimized with the Yoast SEO plugin v27.5 - https:\/\/yoast.com\/product\/yoast-seo-wordpress\/ -->\n<title>E\u011fitmen \/ Uzman Ba\u015fvuru Formu - Nil Akademi<\/title>\n<meta name=\"robots\" content=\"index, follow, max-snippet:-1, max-image-preview:large, max-video-preview:-1\" \/>\n<link rel=\"canonical\" href=\"https:\/\/nilakademi.net\/en\/egitmen-basvuru-formu\/\" \/>\n<meta property=\"og:locale\" content=\"en_US\" \/>\n<meta property=\"og:type\" content=\"article\" \/>\n<meta property=\"og:title\" content=\"E\u011fitmen \/ Uzman Ba\u015fvuru Formu - Nil Akademi\" \/>\n<meta property=\"og:description\" content=\"E\u011fitmen Uzman Ba\u015fvuru Formu Deneyiminizi ve uzmanl\u0131\u011f\u0131n\u0131z\u0131 payla\u015farak N\u0130L Akademi\u2019nin yenilik\u00e7i e\u011fitim a\u011f\u0131na kat\u0131lmak ister misiniz? Ba\u015fvurunuzla, bilgi ve tecr\u00fcbelerinizi geni\u015f bir kitleye aktarma f\u0131rsat\u0131 yakalayabilir, e\u011fitimde fark yaratabilirsiniz. E\u011fitimci kadromuzun bir par\u00e7as\u0131 olarak, bireylerin geli\u015fimine katk\u0131da bulunurken kendi kariyerinizde de yeni bir ad\u0131m atabilirsiniz. \u00a0 L\u00fctfen a\u015fa\u011f\u0131daki formu eksiksiz doldurarak ba\u015fvurunuzu tamamlay\u0131n\u0131z. Ba\u015fvurunuz, uzman [&hellip;]\" \/>\n<meta property=\"og:url\" content=\"https:\/\/nilakademi.net\/en\/egitmen-basvuru-formu\/\" \/>\n<meta property=\"og:site_name\" content=\"Nil Akademi\" \/>\n<meta property=\"article:modified_time\" content=\"2025-03-04T20:33:21+00:00\" \/>\n<meta name=\"twitter:card\" content=\"summary_large_image\" \/>\n<meta name=\"twitter:label1\" content=\"Est. reading time\" \/>\n\t<meta name=\"twitter:data1\" content=\"1 minute\" \/>\n<script type=\"application\/ld+json\" class=\"yoast-schema-graph\">{\"@context\":\"https:\\\/\\\/schema.org\",\"@graph\":[{\"@type\":\"WebPage\",\"@id\":\"https:\\\/\\\/nilakademi.net\\\/egitmen-basvuru-formu\\\/\",\"url\":\"https:\\\/\\\/nilakademi.net\\\/egitmen-basvuru-formu\\\/\",\"name\":\"E\u011fitmen \\\/ Uzman Ba\u015fvuru Formu - Nil Akademi\",\"isPartOf\":{\"@id\":\"https:\\\/\\\/nilakademi.net\\\/#website\"},\"datePublished\":\"2025-01-18T17:47:04+00:00\",\"dateModified\":\"2025-03-04T20:33:21+00:00\",\"breadcrumb\":{\"@id\":\"https:\\\/\\\/nilakademi.net\\\/egitmen-basvuru-formu\\\/#breadcrumb\"},\"inLanguage\":\"en-US\",\"potentialAction\":[{\"@type\":\"ReadAction\",\"target\":[\"https:\\\/\\\/nilakademi.net\\\/egitmen-basvuru-formu\\\/\"]}]},{\"@type\":\"BreadcrumbList\",\"@id\":\"https:\\\/\\\/nilakademi.net\\\/egitmen-basvuru-formu\\\/#breadcrumb\",\"itemListElement\":[{\"@type\":\"ListItem\",\"position\":1,\"name\":\"Anasayfa\",\"item\":\"https:\\\/\\\/nilakademi.net\\\/\"},{\"@type\":\"ListItem\",\"position\":2,\"name\":\"E\u011fitmen \\\/ Uzman Ba\u015fvuru Formu\"}]},{\"@type\":\"WebSite\",\"@id\":\"https:\\\/\\\/nilakademi.net\\\/#website\",\"url\":\"https:\\\/\\\/nilakademi.net\\\/\",\"name\":\"Nil Akademi\",\"description\":\"Uluslararas\u0131 Sertifikal\u0131 E\u011fitim ve Dan\u0131\u015fmanl\u0131k Merkezi\",\"publisher\":{\"@id\":\"https:\\\/\\\/nilakademi.net\\\/#organization\"},\"potentialAction\":[{\"@type\":\"SearchAction\",\"target\":{\"@type\":\"EntryPoint\",\"urlTemplate\":\"https:\\\/\\\/nilakademi.net\\\/?s={search_term_string}\"},\"query-input\":{\"@type\":\"PropertyValueSpecification\",\"valueRequired\":true,\"valueName\":\"search_term_string\"}}],\"inLanguage\":\"en-US\"},{\"@type\":\"Organization\",\"@id\":\"https:\\\/\\\/nilakademi.net\\\/#organization\",\"name\":\"Nil Akademi\",\"url\":\"https:\\\/\\\/nilakademi.net\\\/\",\"logo\":{\"@type\":\"ImageObject\",\"inLanguage\":\"en-US\",\"@id\":\"https:\\\/\\\/nilakademi.net\\\/#\\\/schema\\\/logo\\\/image\\\/\",\"url\":\"https:\\\/\\\/nilakademi.net\\\/wp-content\\\/uploads\\\/2025\\\/01\\\/Logo-web-1024x156.avif\",\"contentUrl\":\"https:\\\/\\\/nilakademi.net\\\/wp-content\\\/uploads\\\/2025\\\/01\\\/Logo-web-1024x156.avif\",\"width\":1031,\"height\":157,\"caption\":\"Nil Akademi\"},\"image\":{\"@id\":\"https:\\\/\\\/nilakademi.net\\\/#\\\/schema\\\/logo\\\/image\\\/\"},\"sameAs\":[\"https:\\\/\\\/www.instagram.com\\\/nilakademik\\\/\",\"https:\\\/\\\/www.linkedin.com\\\/company\\\/nil-akademi-uluslararas-sertifikal-eitim-ve-danmanlk\\\/about\\\/\"]}]}<\/script>\n<!-- \/ Yoast SEO plugin. -->","yoast_head_json":{"title":"E\u011fitmen \/ Uzman Ba\u015fvuru Formu - Nil Akademi","robots":{"index":"index","follow":"follow","max-snippet":"max-snippet:-1","max-image-preview":"max-image-preview:large","max-video-preview":"max-video-preview:-1"},"canonical":"https:\/\/nilakademi.net\/en\/egitmen-basvuru-formu\/","og_locale":"en_US","og_type":"article","og_title":"E\u011fitmen \/ Uzman Ba\u015fvuru Formu - Nil Akademi","og_description":"E\u011fitmen Uzman Ba\u015fvuru Formu Deneyiminizi ve uzmanl\u0131\u011f\u0131n\u0131z\u0131 payla\u015farak N\u0130L Akademi\u2019nin yenilik\u00e7i e\u011fitim a\u011f\u0131na kat\u0131lmak ister misiniz? Ba\u015fvurunuzla, bilgi ve tecr\u00fcbelerinizi geni\u015f bir kitleye aktarma f\u0131rsat\u0131 yakalayabilir, e\u011fitimde fark yaratabilirsiniz. E\u011fitimci kadromuzun bir par\u00e7as\u0131 olarak, bireylerin geli\u015fimine katk\u0131da bulunurken kendi kariyerinizde de yeni bir ad\u0131m atabilirsiniz. \u00a0 L\u00fctfen a\u015fa\u011f\u0131daki formu eksiksiz doldurarak ba\u015fvurunuzu tamamlay\u0131n\u0131z. Ba\u015fvurunuz, uzman [&hellip;]","og_url":"https:\/\/nilakademi.net\/en\/egitmen-basvuru-formu\/","og_site_name":"Nil Akademi","article_modified_time":"2025-03-04T20:33:21+00:00","twitter_card":"summary_large_image","twitter_misc":{"Est. reading time":"1 minute"},"schema":{"@context":"https:\/\/schema.org","@graph":[{"@type":"WebPage","@id":"https:\/\/nilakademi.net\/egitmen-basvuru-formu\/","url":"https:\/\/nilakademi.net\/egitmen-basvuru-formu\/","name":"E\u011fitmen \/ Uzman Ba\u015fvuru Formu - Nil Akademi","isPartOf":{"@id":"https:\/\/nilakademi.net\/#website"},"datePublished":"2025-01-18T17:47:04+00:00","dateModified":"2025-03-04T20:33:21+00:00","breadcrumb":{"@id":"https:\/\/nilakademi.net\/egitmen-basvuru-formu\/#breadcrumb"},"inLanguage":"en-US","potentialAction":[{"@type":"ReadAction","target":["https:\/\/nilakademi.net\/egitmen-basvuru-formu\/"]}]},{"@type":"BreadcrumbList","@id":"https:\/\/nilakademi.net\/egitmen-basvuru-formu\/#breadcrumb","itemListElement":[{"@type":"ListItem","position":1,"name":"Anasayfa","item":"https:\/\/nilakademi.net\/"},{"@type":"ListItem","position":2,"name":"E\u011fitmen \/ Uzman Ba\u015fvuru Formu"}]},{"@type":"WebSite","@id":"https:\/\/nilakademi.net\/#website","url":"https:\/\/nilakademi.net\/","name":"Nil Akademi","description":"Uluslararas\u0131 Sertifikal\u0131 E\u011fitim ve Dan\u0131\u015fmanl\u0131k Merkezi","publisher":{"@id":"https:\/\/nilakademi.net\/#organization"},"potentialAction":[{"@type":"SearchAction","target":{"@type":"EntryPoint","urlTemplate":"https:\/\/nilakademi.net\/?s={search_term_string}"},"query-input":{"@type":"PropertyValueSpecification","valueRequired":true,"valueName":"search_term_string"}}],"inLanguage":"en-US"},{"@type":"Organization","@id":"https:\/\/nilakademi.net\/#organization","name":"Nil Akademi","url":"https:\/\/nilakademi.net\/","logo":{"@type":"ImageObject","inLanguage":"en-US","@id":"https:\/\/nilakademi.net\/#\/schema\/logo\/image\/","url":"https:\/\/nilakademi.net\/wp-content\/uploads\/2025\/01\/Logo-web-1024x156.avif","contentUrl":"https:\/\/nilakademi.net\/wp-content\/uploads\/2025\/01\/Logo-web-1024x156.avif","width":1031,"height":157,"caption":"Nil Akademi"},"image":{"@id":"https:\/\/nilakademi.net\/#\/schema\/logo\/image\/"},"sameAs":["https:\/\/www.instagram.com\/nilakademik\/","https:\/\/www.linkedin.com\/company\/nil-akademi-uluslararas-sertifikal-eitim-ve-danmanlk\/about\/"]}]}},"jetpack_sharing_enabled":true,"_links":{"self":[{"href":"https:\/\/nilakademi.net\/en\/wp-json\/wp\/v2\/pages\/13373","targetHints":{"allow":["GET"]}}],"collection":[{"href":"https:\/\/nilakademi.net\/en\/wp-json\/wp\/v2\/pages"}],"about":[{"href":"https:\/\/nilakademi.net\/en\/wp-json\/wp\/v2\/types\/page"}],"author":[{"embeddable":true,"href":"https:\/\/nilakademi.net\/en\/wp-json\/wp\/v2\/users\/1"}],"replies":[{"embeddable":true,"href":"https:\/\/nilakademi.net\/en\/wp-json\/wp\/v2\/comments?post=13373"}],"version-history":[{"count":10,"href":"https:\/\/nilakademi.net\/en\/wp-json\/wp\/v2\/pages\/13373\/revisions"}],"predecessor-version":[{"id":13877,"href":"https:\/\/nilakademi.net\/en\/wp-json\/wp\/v2\/pages\/13373\/revisions\/13877"}],"wp:attachment":[{"href":"https:\/\/nilakademi.net\/en\/wp-json\/wp\/v2\/media?parent=13373"}],"curies":[{"name":"wp","href":"https:\/\/api.w.org\/{rel}","templated":true}]}}