{"id":13430,"date":"2025-01-21T17:35:01","date_gmt":"2025-01-21T20:35:01","guid":{"rendered":"https:\/\/nilakademi.net\/?page_id=13430"},"modified":"2025-03-04T17:22:04","modified_gmt":"2025-03-04T20:22:04","slug":"kursiyer-acik-riza-formu","status":"publish","type":"page","link":"https:\/\/nilakademi.net\/en\/kursiyer-acik-riza-formu\/","title":{"rendered":"Kursiyerler \u0130\u00e7in Ki\u015fisel Verilerin Kullan\u0131m\u0131 A\u00e7\u0131k R\u0131za Formu"},"content":{"rendered":"<div data-elementor-type=\"wp-page\" data-elementor-id=\"13430\" class=\"elementor elementor-13430\">\n\t\t\t\t<div class=\"elementor-element elementor-element-42783c0 e-flex e-con-boxed e-con e-parent\" data-id=\"42783c0\" data-element_type=\"container\" data-e-type=\"container\">\n\t\t\t\t\t<div class=\"e-con-inner\">\n\t\t\t\t<div class=\"elementor-element elementor-element-e958c2c elementor-widget elementor-widget-stm_contact_form_7\" data-id=\"e958c2c\" data-element_type=\"widget\" data-e-type=\"widget\" data-widget_type=\"stm_contact_form_7.default\">\n\t\t\t\t<div class=\"elementor-widget-container\">\n\t\t\t\t\t\n<div class=\"wpcf7 no-js\" id=\"wpcf7-f13434-o1\" lang=\"en-US\" dir=\"ltr\" data-wpcf7-id=\"13434\">\n<div class=\"screen-reader-response\"><p role=\"status\" aria-live=\"polite\" aria-atomic=\"true\"><\/p> <ul><\/ul><\/div>\n<form action=\"\/en\/wp-json\/wp\/v2\/pages\/13430#wpcf7-f13434-o1\" method=\"post\" class=\"wpcf7-form init\" aria-label=\"Contact form\" novalidate=\"novalidate\" data-status=\"init\" data-trp-original-action=\"\/en\/wp-json\/wp\/v2\/pages\/13430#wpcf7-f13434-o1\">\n<fieldset class=\"hidden-fields-container\"><input type=\"hidden\" name=\"_wpcf7\" value=\"13434\" \/><input type=\"hidden\" name=\"_wpcf7_version\" value=\"6.1.5\" \/><input type=\"hidden\" name=\"_wpcf7_locale\" value=\"en_US\" \/><input type=\"hidden\" name=\"_wpcf7_unit_tag\" value=\"wpcf7-f13434-o1\" \/><input type=\"hidden\" name=\"_wpcf7_container_post\" value=\"0\" \/><input type=\"hidden\" name=\"_wpcf7_posted_data_hash\" value=\"\" \/><input type=\"hidden\" name=\"_wpcf7_recaptcha_response\" value=\"\" \/>\n<\/fieldset>\n<div>\n\t<p><strong>\u0130\u015fbu izin\u00a0 formunu doldurarak,\u00a0<\/strong>\n\t<\/p>\n<\/div>\n<p><br \/>\nNil Akademi taraf\u0131ndan verilen ve kat\u0131l\u0131mc\u0131s\u0131 oldu\u011fum e\u011fitimler kapsam\u0131nda 6698 say\u0131l\u0131 Ki\u015fisel Verilerin Korunmas\u0131 Kanunu\u2019na uygun olarak elde edilecek olan ki\u015fisel ve\/veya \u00f6zel nitelikli ki\u015fisel verilerimin; tamamen veya k\u0131smen elde edilmesi, kaydedilmesi, depolanmas\u0131, de\u011fi\u015ftirilmesi, g\u00fcncellenmesi, periyodik olarak kontrol edilmesi, yeniden d\u00fczenlenmesi, s\u0131n\u0131fland\u0131r\u0131lmas\u0131, i\u015flendikleri ama\u00e7 i\u00e7in gerekli olan ya da ilgili kanunda \u00f6ng\u00f6r\u00fclen s\u00fcre kadar muhafaza edilmesine konu hakk\u0131nda teredd\u00fcde yer vermeyecek \u015fekilde bilgi sahibi ve ayd\u0131nlat\u0131lm\u0131\u015f olarak a\u00e7\u0131k r\u0131zam ile onay veriyorum.\n<\/p>\n<div class=\"form-group\">\n\t<p><span class=\"wpcf7-form-control-wrap\" data-name=\"your-name\"><input size=\"40\" maxlength=\"400\" class=\"wpcf7-form-control wpcf7-text wpcf7-validates-as-required form-control\" aria-required=\"true\" aria-invalid=\"false\" placeholder=\"Ad\u0131n\u0131z\" value=\"\" type=\"text\" name=\"your-name\" \/><\/span><br \/>\n<span class=\"wpcf7-form-control-wrap\" data-name=\"your-surname\"><input size=\"40\" maxlength=\"400\" class=\"wpcf7-form-control wpcf7-text wpcf7-validates-as-required form-control\" aria-required=\"true\" aria-invalid=\"false\" placeholder=\"Soyad\u0131n\u0131z\" value=\"\" type=\"text\" name=\"your-surname\" \/><\/span><br \/>\n<span class=\"wpcf7-form-control-wrap\" data-name=\"radio-254\"><span class=\"wpcf7-form-control wpcf7-radio\"><span class=\"wpcf7-list-item first\"><label><input type=\"radio\" name=\"radio-254\" value=\"R\u0131zam vard\u0131r.\" \/><span class=\"wpcf7-list-item-label\">R\u0131zam vard\u0131r.<\/span><\/label><\/span><span class=\"wpcf7-list-item last\"><label><input type=\"radio\" name=\"radio-254\" value=\"R\u0131zam yoktur.\" \/><span class=\"wpcf7-list-item-label\">R\u0131zam yoktur.<\/span><\/label><\/span><\/span><\/span>\n\t<\/p>\n<\/div>\n<div style=\"text-align:right;\">\n\t<p><button type=\"submit\" class=\"btn btn-default\" style=\"background:#227AFF!important;\">Send<\/button>\n\t<\/p>\n<\/div>\n<p><img decoding=\"async\" loading=\"lazy\" src=\"\" class=\"ajax-loader\" style=\"visibility: hidden;\" alt=\"g\u00f6nderiliyor ...\" \/>\n<\/p><input type='hidden' class='wpcf7-pum' value='{\"closepopup\":false,\"closedelay\":0,\"openpopup\":false,\"openpopup_id\":0}' \/><div class=\"wpcf7-response-output\" aria-hidden=\"true\"><\/div>\n<input type=\"hidden\" name=\"trp-form-language\" value=\"en\"\/><\/form>\n<\/div>\n\t\t\t\t<\/div>\n\t\t\t\t<\/div>\n\t\t\t\t\t<\/div>\n\t\t\t\t<\/div>\n\t\t\t\t<\/div>","protected":false},"excerpt":{"rendered":"<p>\u0130\u015fbu izin\u00a0 formunu doldurarak,\u00a0 Nil Akademi taraf\u0131ndan verilen ve kat\u0131l\u0131mc\u0131s\u0131 oldu\u011fum e\u011fitimler kapsam\u0131nda 6698 say\u0131l\u0131 Ki\u015fisel Verilerin Korunmas\u0131 Kanunu\u2019na uygun olarak elde edilecek olan ki\u015fisel ve\/veya \u00f6zel nitelikli ki\u015fisel verilerimin; tamamen veya k\u0131smen elde edilmesi, kaydedilmesi, depolanmas\u0131, de\u011fi\u015ftirilmesi, g\u00fcncellenmesi, periyodik olarak kontrol edilmesi, yeniden d\u00fczenlenmesi, s\u0131n\u0131fland\u0131r\u0131lmas\u0131, i\u015flendikleri ama\u00e7 i\u00e7in gerekli olan ya da ilgili kanunda [&hellip;]<\/p>\n","protected":false},"author":1,"featured_media":0,"parent":0,"menu_order":0,"comment_status":"closed","ping_status":"closed","template":"","meta":{"nf_dc_page":"","footnotes":""},"class_list":["post-13430","page","type-page","status-publish","hentry"],"yoast_head":"<!-- This site is optimized with the Yoast SEO plugin v27.5 - https:\/\/yoast.com\/product\/yoast-seo-wordpress\/ -->\n<title>Kursiyerler \u0130\u00e7in Ki\u015fisel Verilerin Kullan\u0131m\u0131 A\u00e7\u0131k R\u0131za Formu - Nil Akademi<\/title>\n<meta name=\"robots\" content=\"index, follow, max-snippet:-1, max-image-preview:large, max-video-preview:-1\" \/>\n<link rel=\"canonical\" href=\"https:\/\/nilakademi.net\/en\/kursiyer-acik-riza-formu\/\" \/>\n<meta property=\"og:locale\" content=\"en_US\" \/>\n<meta property=\"og:type\" content=\"article\" \/>\n<meta property=\"og:title\" content=\"Kursiyerler \u0130\u00e7in Ki\u015fisel Verilerin Kullan\u0131m\u0131 A\u00e7\u0131k R\u0131za Formu - Nil Akademi\" \/>\n<meta property=\"og:description\" content=\"\u0130\u015fbu izin\u00a0 formunu doldurarak,\u00a0 Nil Akademi taraf\u0131ndan verilen ve kat\u0131l\u0131mc\u0131s\u0131 oldu\u011fum e\u011fitimler kapsam\u0131nda 6698 say\u0131l\u0131 Ki\u015fisel Verilerin Korunmas\u0131 Kanunu\u2019na uygun olarak elde edilecek olan ki\u015fisel ve\/veya \u00f6zel nitelikli ki\u015fisel verilerimin; tamamen veya k\u0131smen elde edilmesi, kaydedilmesi, depolanmas\u0131, de\u011fi\u015ftirilmesi, g\u00fcncellenmesi, periyodik olarak kontrol edilmesi, yeniden d\u00fczenlenmesi, s\u0131n\u0131fland\u0131r\u0131lmas\u0131, i\u015flendikleri ama\u00e7 i\u00e7in gerekli olan ya da ilgili kanunda [&hellip;]\" \/>\n<meta property=\"og:url\" content=\"https:\/\/nilakademi.net\/en\/kursiyer-acik-riza-formu\/\" \/>\n<meta property=\"og:site_name\" content=\"Nil Akademi\" \/>\n<meta property=\"article:modified_time\" content=\"2025-03-04T20:22:04+00:00\" \/>\n<meta name=\"twitter:card\" content=\"summary_large_image\" \/>\n<meta name=\"twitter:label1\" content=\"Est. reading time\" \/>\n\t<meta name=\"twitter:data1\" content=\"1 minute\" \/>\n<script type=\"application\/ld+json\" class=\"yoast-schema-graph\">{\"@context\":\"https:\\\/\\\/schema.org\",\"@graph\":[{\"@type\":\"WebPage\",\"@id\":\"https:\\\/\\\/nilakademi.net\\\/kursiyer-acik-riza-formu\\\/\",\"url\":\"https:\\\/\\\/nilakademi.net\\\/kursiyer-acik-riza-formu\\\/\",\"name\":\"Kursiyerler \u0130\u00e7in Ki\u015fisel Verilerin Kullan\u0131m\u0131 A\u00e7\u0131k R\u0131za Formu - Nil Akademi\",\"isPartOf\":{\"@id\":\"https:\\\/\\\/nilakademi.net\\\/#website\"},\"datePublished\":\"2025-01-21T20:35:01+00:00\",\"dateModified\":\"2025-03-04T20:22:04+00:00\",\"breadcrumb\":{\"@id\":\"https:\\\/\\\/nilakademi.net\\\/kursiyer-acik-riza-formu\\\/#breadcrumb\"},\"inLanguage\":\"en-US\",\"potentialAction\":[{\"@type\":\"ReadAction\",\"target\":[\"https:\\\/\\\/nilakademi.net\\\/kursiyer-acik-riza-formu\\\/\"]}]},{\"@type\":\"BreadcrumbList\",\"@id\":\"https:\\\/\\\/nilakademi.net\\\/kursiyer-acik-riza-formu\\\/#breadcrumb\",\"itemListElement\":[{\"@type\":\"ListItem\",\"position\":1,\"name\":\"Anasayfa\",\"item\":\"https:\\\/\\\/nilakademi.net\\\/\"},{\"@type\":\"ListItem\",\"position\":2,\"name\":\"Kursiyerler \u0130\u00e7in Ki\u015fisel Verilerin Kullan\u0131m\u0131 A\u00e7\u0131k R\u0131za Formu\"}]},{\"@type\":\"WebSite\",\"@id\":\"https:\\\/\\\/nilakademi.net\\\/#website\",\"url\":\"https:\\\/\\\/nilakademi.net\\\/\",\"name\":\"Nil Akademi\",\"description\":\"Uluslararas\u0131 Sertifikal\u0131 E\u011fitim ve Dan\u0131\u015fmanl\u0131k Merkezi\",\"publisher\":{\"@id\":\"https:\\\/\\\/nilakademi.net\\\/#organization\"},\"potentialAction\":[{\"@type\":\"SearchAction\",\"target\":{\"@type\":\"EntryPoint\",\"urlTemplate\":\"https:\\\/\\\/nilakademi.net\\\/?s={search_term_string}\"},\"query-input\":{\"@type\":\"PropertyValueSpecification\",\"valueRequired\":true,\"valueName\":\"search_term_string\"}}],\"inLanguage\":\"en-US\"},{\"@type\":\"Organization\",\"@id\":\"https:\\\/\\\/nilakademi.net\\\/#organization\",\"name\":\"Nil Akademi\",\"url\":\"https:\\\/\\\/nilakademi.net\\\/\",\"logo\":{\"@type\":\"ImageObject\",\"inLanguage\":\"en-US\",\"@id\":\"https:\\\/\\\/nilakademi.net\\\/#\\\/schema\\\/logo\\\/image\\\/\",\"url\":\"https:\\\/\\\/nilakademi.net\\\/wp-content\\\/uploads\\\/2025\\\/01\\\/Logo-web-1024x156.avif\",\"contentUrl\":\"https:\\\/\\\/nilakademi.net\\\/wp-content\\\/uploads\\\/2025\\\/01\\\/Logo-web-1024x156.avif\",\"width\":1031,\"height\":157,\"caption\":\"Nil Akademi\"},\"image\":{\"@id\":\"https:\\\/\\\/nilakademi.net\\\/#\\\/schema\\\/logo\\\/image\\\/\"},\"sameAs\":[\"https:\\\/\\\/www.instagram.com\\\/nilakademik\\\/\",\"https:\\\/\\\/www.linkedin.com\\\/company\\\/nil-akademi-uluslararas-sertifikal-eitim-ve-danmanlk\\\/about\\\/\"]}]}<\/script>\n<!-- \/ Yoast SEO plugin. -->","yoast_head_json":{"title":"Kursiyerler \u0130\u00e7in Ki\u015fisel Verilerin Kullan\u0131m\u0131 A\u00e7\u0131k R\u0131za Formu - Nil Akademi","robots":{"index":"index","follow":"follow","max-snippet":"max-snippet:-1","max-image-preview":"max-image-preview:large","max-video-preview":"max-video-preview:-1"},"canonical":"https:\/\/nilakademi.net\/en\/kursiyer-acik-riza-formu\/","og_locale":"en_US","og_type":"article","og_title":"Kursiyerler \u0130\u00e7in Ki\u015fisel Verilerin Kullan\u0131m\u0131 A\u00e7\u0131k R\u0131za Formu - Nil Akademi","og_description":"\u0130\u015fbu izin\u00a0 formunu doldurarak,\u00a0 Nil Akademi taraf\u0131ndan verilen ve kat\u0131l\u0131mc\u0131s\u0131 oldu\u011fum e\u011fitimler kapsam\u0131nda 6698 say\u0131l\u0131 Ki\u015fisel Verilerin Korunmas\u0131 Kanunu\u2019na uygun olarak elde edilecek olan ki\u015fisel ve\/veya \u00f6zel nitelikli ki\u015fisel verilerimin; tamamen veya k\u0131smen elde edilmesi, kaydedilmesi, depolanmas\u0131, de\u011fi\u015ftirilmesi, g\u00fcncellenmesi, periyodik olarak kontrol edilmesi, yeniden d\u00fczenlenmesi, s\u0131n\u0131fland\u0131r\u0131lmas\u0131, i\u015flendikleri ama\u00e7 i\u00e7in gerekli olan ya da ilgili kanunda [&hellip;]","og_url":"https:\/\/nilakademi.net\/en\/kursiyer-acik-riza-formu\/","og_site_name":"Nil Akademi","article_modified_time":"2025-03-04T20:22:04+00:00","twitter_card":"summary_large_image","twitter_misc":{"Est. reading time":"1 minute"},"schema":{"@context":"https:\/\/schema.org","@graph":[{"@type":"WebPage","@id":"https:\/\/nilakademi.net\/kursiyer-acik-riza-formu\/","url":"https:\/\/nilakademi.net\/kursiyer-acik-riza-formu\/","name":"Kursiyerler \u0130\u00e7in Ki\u015fisel Verilerin Kullan\u0131m\u0131 A\u00e7\u0131k R\u0131za Formu - Nil Akademi","isPartOf":{"@id":"https:\/\/nilakademi.net\/#website"},"datePublished":"2025-01-21T20:35:01+00:00","dateModified":"2025-03-04T20:22:04+00:00","breadcrumb":{"@id":"https:\/\/nilakademi.net\/kursiyer-acik-riza-formu\/#breadcrumb"},"inLanguage":"en-US","potentialAction":[{"@type":"ReadAction","target":["https:\/\/nilakademi.net\/kursiyer-acik-riza-formu\/"]}]},{"@type":"BreadcrumbList","@id":"https:\/\/nilakademi.net\/kursiyer-acik-riza-formu\/#breadcrumb","itemListElement":[{"@type":"ListItem","position":1,"name":"Anasayfa","item":"https:\/\/nilakademi.net\/"},{"@type":"ListItem","position":2,"name":"Kursiyerler \u0130\u00e7in Ki\u015fisel Verilerin Kullan\u0131m\u0131 A\u00e7\u0131k R\u0131za Formu"}]},{"@type":"WebSite","@id":"https:\/\/nilakademi.net\/#website","url":"https:\/\/nilakademi.net\/","name":"Nil Akademi","description":"Uluslararas\u0131 Sertifikal\u0131 E\u011fitim ve Dan\u0131\u015fmanl\u0131k Merkezi","publisher":{"@id":"https:\/\/nilakademi.net\/#organization"},"potentialAction":[{"@type":"SearchAction","target":{"@type":"EntryPoint","urlTemplate":"https:\/\/nilakademi.net\/?s={search_term_string}"},"query-input":{"@type":"PropertyValueSpecification","valueRequired":true,"valueName":"search_term_string"}}],"inLanguage":"en-US"},{"@type":"Organization","@id":"https:\/\/nilakademi.net\/#organization","name":"Nil Akademi","url":"https:\/\/nilakademi.net\/","logo":{"@type":"ImageObject","inLanguage":"en-US","@id":"https:\/\/nilakademi.net\/#\/schema\/logo\/image\/","url":"https:\/\/nilakademi.net\/wp-content\/uploads\/2025\/01\/Logo-web-1024x156.avif","contentUrl":"https:\/\/nilakademi.net\/wp-content\/uploads\/2025\/01\/Logo-web-1024x156.avif","width":1031,"height":157,"caption":"Nil Akademi"},"image":{"@id":"https:\/\/nilakademi.net\/#\/schema\/logo\/image\/"},"sameAs":["https:\/\/www.instagram.com\/nilakademik\/","https:\/\/www.linkedin.com\/company\/nil-akademi-uluslararas-sertifikal-eitim-ve-danmanlk\/about\/"]}]}},"jetpack_sharing_enabled":true,"_links":{"self":[{"href":"https:\/\/nilakademi.net\/en\/wp-json\/wp\/v2\/pages\/13430","targetHints":{"allow":["GET"]}}],"collection":[{"href":"https:\/\/nilakademi.net\/en\/wp-json\/wp\/v2\/pages"}],"about":[{"href":"https:\/\/nilakademi.net\/en\/wp-json\/wp\/v2\/types\/page"}],"author":[{"embeddable":true,"href":"https:\/\/nilakademi.net\/en\/wp-json\/wp\/v2\/users\/1"}],"replies":[{"embeddable":true,"href":"https:\/\/nilakademi.net\/en\/wp-json\/wp\/v2\/comments?post=13430"}],"version-history":[{"count":34,"href":"https:\/\/nilakademi.net\/en\/wp-json\/wp\/v2\/pages\/13430\/revisions"}],"predecessor-version":[{"id":13870,"href":"https:\/\/nilakademi.net\/en\/wp-json\/wp\/v2\/pages\/13430\/revisions\/13870"}],"wp:attachment":[{"href":"https:\/\/nilakademi.net\/en\/wp-json\/wp\/v2\/media?parent=13430"}],"curies":[{"name":"wp","href":"https:\/\/api.w.org\/{rel}","templated":true}]}}