{"id":13884,"date":"2025-03-05T17:01:14","date_gmt":"2025-03-05T20:01:14","guid":{"rendered":"https:\/\/nilakademi.net\/?page_id=13884"},"modified":"2025-03-05T17:04:48","modified_gmt":"2025-03-05T20:04:48","slug":"etkinlik-kayit-formu","status":"publish","type":"page","link":"https:\/\/nilakademi.net\/en\/etkinlik-kayit-formu\/","title":{"rendered":"Etkinlik Kay\u0131t Formu"},"content":{"rendered":"<div data-elementor-type=\"wp-page\" data-elementor-id=\"13884\" class=\"elementor elementor-13884\">\n\t\t\t\t<div class=\"elementor-element elementor-element-af057f0 e-flex e-con-boxed e-con e-parent\" data-id=\"af057f0\" data-element_type=\"container\" data-e-type=\"container\">\n\t\t\t\t\t<div class=\"e-con-inner\">\n\t\t\t\t<div class=\"elementor-element elementor-element-094bfc4 elementor-widget elementor-widget-stm_contact_form_7\" data-id=\"094bfc4\" data-element_type=\"widget\" data-e-type=\"widget\" data-widget_type=\"stm_contact_form_7.default\">\n\t\t\t\t<div class=\"elementor-widget-container\">\n\t\t\t\t\t\n<div class=\"wpcf7 no-js\" id=\"wpcf7-f13883-o1\" lang=\"en-US\" dir=\"ltr\" data-wpcf7-id=\"13883\">\n<div class=\"screen-reader-response\"><p role=\"status\" aria-live=\"polite\" aria-atomic=\"true\"><\/p> <ul><\/ul><\/div>\n<form action=\"\/en\/wp-json\/wp\/v2\/pages\/13884#wpcf7-f13883-o1\" method=\"post\" class=\"wpcf7-form init wpcf7-acceptance-as-validation\" aria-label=\"Contact form\" enctype=\"multipart\/form-data\" novalidate=\"novalidate\" data-status=\"init\" data-trp-original-action=\"\/en\/wp-json\/wp\/v2\/pages\/13884#wpcf7-f13883-o1\">\n<fieldset class=\"hidden-fields-container\"><input type=\"hidden\" name=\"_wpcf7\" value=\"13883\" \/><input type=\"hidden\" name=\"_wpcf7_version\" value=\"6.1.5\" \/><input type=\"hidden\" name=\"_wpcf7_locale\" value=\"en_US\" \/><input type=\"hidden\" name=\"_wpcf7_unit_tag\" value=\"wpcf7-f13883-o1\" \/><input type=\"hidden\" name=\"_wpcf7_container_post\" value=\"0\" \/><input type=\"hidden\" name=\"_wpcf7_posted_data_hash\" value=\"\" \/><input type=\"hidden\" name=\"_wpcf7_recaptcha_response\" value=\"\" \/>\n<\/fieldset>\n<div class=\"Iban\">\n\t<div>\n\t\t<p><strong>IBAN Bilgileri<\/strong>\n\t\t<\/p>\n\t<\/div>\n\t<div class=\"aliciIban\">\n\t\t<p>DEN\u0130Z YETK\u0130N AKER\n\t\t<\/p>\n\t<\/div>\n\t<p><strong>TR 2800 0670 1000 0000 2624 110<\/strong>\n\t<\/p>\n\t<p class=\"uyari\">\u00d6deme yaparken, banka \u00f6deme a\u00e7\u0131klamas\u0131 k\u0131sm\u0131na l\u00fctfen Ad\u0131n\u0131z\u0131 Soyad\u0131n\u0131z\u0131 ve Koku E\u011fitimi\u00a0yaz\u0131n\u0131z.\n\t<\/p>\n<\/div>\n<div class=\"form-group\">\n\t<p><span class=\"wpcf7-form-control-wrap\" data-name=\"your-name\"><input size=\"40\" maxlength=\"400\" class=\"wpcf7-form-control wpcf7-text wpcf7-validates-as-required form-control\" aria-required=\"true\" aria-invalid=\"false\" placeholder=\"Name Surname\" value=\"\" type=\"text\" name=\"your-name\" \/><\/span><br \/>\n<span class=\"wpcf7-form-control-wrap\" data-name=\"your-phone\"><input size=\"40\" maxlength=\"400\" class=\"wpcf7-form-control wpcf7-tel wpcf7-validates-as-required wpcf7-text wpcf7-validates-as-tel form-control\" aria-required=\"true\" aria-invalid=\"false\" placeholder=\"Your Phone Number\" value=\"\" type=\"tel\" name=\"your-phone\" \/><\/span><br \/>\n<span class=\"wpcf7-form-control-wrap\" data-name=\"your-email\"><input size=\"40\" maxlength=\"400\" class=\"wpcf7-form-control wpcf7-email wpcf7-validates-as-required wpcf7-text wpcf7-validates-as-email form-control\" aria-required=\"true\" aria-invalid=\"false\" placeholder=\"Your E-Mail Adress\" value=\"\" type=\"email\" name=\"your-email\" \/><\/span><br \/>\n<span class=\"wpcf7-form-control-wrap\" data-name=\"select-295\"><select class=\"wpcf7-form-control wpcf7-select\" aria-invalid=\"false\" name=\"select-295\"><option value=\"\">Etkinlik Se\u00e7in<\/option><option value=\"Kad\u0131nlar\u0131n \u0130zinde: Kokular\u0131n Gizemli D\u00fcnyas\u0131na Bir Yolculuk\">Kad\u0131nlar\u0131n \u0130zinde: Kokular\u0131n Gizemli D\u00fcnyas\u0131na Bir Yolculuk<\/option><\/select><\/span>\n\t<\/p>\n\t<p><br \/>\n\"L\u00fctfen kay\u0131d\u0131n\u0131z\u0131 tamamlamak i\u00e7in \u00f6deme yapt\u0131ktan sonra dekontunuzu y\u00fckleyiniz.\"\n\t<\/p>\n\t<p><span class=\"wpcf7-form-control-wrap\" data-name=\"file-689\"><input size=\"40\" class=\"wpcf7-form-control wpcf7-file wpcf7-validates-as-required\" accept=\".pdf,.jpg,.jpeg,.png\" aria-required=\"true\" aria-invalid=\"false\" type=\"file\" name=\"file-689\" \/><\/span><br \/>\n<span class=\"wpcf7-form-control-wrap\" data-name=\"textarea-231\"><textarea cols=\"40\" rows=\"10\" maxlength=\"2000\" class=\"wpcf7-form-control wpcf7-textarea\" aria-invalid=\"false\" name=\"textarea-231\">A\u00e7\u0131klama...<\/textarea><\/span>\n\t<\/p>\n<\/div>\n<p><br \/>\n<span class=\"wpcf7-form-control-wrap\" data-name=\"acceptance-194\"><span class=\"wpcf7-form-control wpcf7-acceptance\"><span class=\"wpcf7-list-item\"><label><input type=\"checkbox\" name=\"acceptance-194\" value=\"1\" aria-invalid=\"false\" \/><span class=\"wpcf7-list-item-label\">Ki\u015fisel verilerimin, 6698 Say\u0131l\u0131 Ki\u015fisel Verilerin Korunmas\u0131 Kanunu (KVKK) ve ilgili mevzuat h\u00fck\u00fcmlerine uygun olarak, Nil Akademi taraf\u0131ndan ayd\u0131nlatma metninde belirtilen ama\u00e7larla i\u015flenmesine, saklanmas\u0131na ve gerekti\u011finde yurt i\u00e7indeki \u00fc\u00e7\u00fcnc\u00fc taraflarla payla\u015f\u0131lmas\u0131na onay veriyorum.<\/span><\/label><\/span><\/span><\/span>\n<\/p>\n<p><a href=\"https:\/\/nilakademi.net\/en\/kvkk\/\" style=\"margin:15px; display:block; text-align:right;\">Click here to read the Explicit Consent Statement.<\/a>\n<\/p>\n<div style=\"text-align:right;\">\n\t<p><button type=\"submit\" class=\"btn btn-default\" style=\"background:#227AFF!important;\">Send<\/button>\n\t<\/p>\n<\/div>\n<p><img decoding=\"async\" loading=\"lazy\" src=\"\" class=\"ajax-loader\" style=\"visibility: hidden;\" alt=\"g\u00f6nderiliyor ...\" \/>\n<\/p><input type='hidden' class='wpcf7-pum' value='{\"closepopup\":false,\"closedelay\":0,\"openpopup\":false,\"openpopup_id\":0}' \/><div class=\"wpcf7-response-output\" aria-hidden=\"true\"><\/div>\n<input type=\"hidden\" name=\"trp-form-language\" value=\"en\"\/><\/form>\n<\/div>\n\t\t\t\t<\/div>\n\t\t\t\t<\/div>\n\t\t\t\t\t<\/div>\n\t\t\t\t<\/div>\n\t\t\t\t<\/div>","protected":false},"excerpt":{"rendered":"<p>IBAN Bilgileri DEN\u0130Z YETK\u0130N AKER TR 2800 0670 1000 0000 2624 110 A\u00e7\u0131klama k\u0131sm\u0131na l\u00fctfen: Ad Soyad ve Koku e\u011fitimi yaz\u0131n\u0131z. Etkinlik Se\u00e7inKad\u0131nlar\u0131n \u0130zinde: Kokular\u0131n Gizemli D\u00fcnyas\u0131na Bir Yolculuk &#8220;L\u00fctfen kay\u0131d\u0131n\u0131z\u0131 tamamlamak i\u00e7in \u00f6deme yapt\u0131ktan sonra dekontunuzu y\u00fckleyiniz.&#8221; A\u00e7\u0131klama&#8230; Ki\u015fisel verilerimin, 6698 Say\u0131l\u0131 Ki\u015fisel Verilerin Korunmas\u0131 Kanunu (KVKK) ve ilgili mevzuat h\u00fck\u00fcmlerine uygun olarak, Nil [&hellip;]<\/p>\n","protected":false},"author":1,"featured_media":0,"parent":0,"menu_order":0,"comment_status":"closed","ping_status":"closed","template":"","meta":{"nf_dc_page":"","footnotes":""},"class_list":["post-13884","page","type-page","status-publish","hentry"],"yoast_head":"<!-- This site is optimized with the Yoast SEO plugin v27.5 - https:\/\/yoast.com\/product\/yoast-seo-wordpress\/ -->\n<title>Etkinlik Kay\u0131t Formu - Nil Akademi<\/title>\n<meta name=\"description\" content=\"N\u0130L AKADEM\u0130 ile online webinarlar ve uygulamal\u0131 at\u00f6lye \u00e7al\u0131\u015fmalar\u0131yla profesyonel geli\u015fiminizi destekleyin.\" \/>\n<meta name=\"robots\" content=\"index, follow, max-snippet:-1, max-image-preview:large, max-video-preview:-1\" \/>\n<link rel=\"canonical\" href=\"https:\/\/nilakademi.net\/en\/etkinlik-kayit-formu\/\" \/>\n<meta property=\"og:locale\" content=\"en_US\" \/>\n<meta property=\"og:type\" content=\"article\" \/>\n<meta property=\"og:title\" content=\"Etkinlik Kay\u0131t Formu - Nil Akademi\" \/>\n<meta property=\"og:description\" content=\"N\u0130L AKADEM\u0130 ile online webinarlar ve uygulamal\u0131 at\u00f6lye \u00e7al\u0131\u015fmalar\u0131yla profesyonel geli\u015fiminizi destekleyin.\" \/>\n<meta property=\"og:url\" content=\"https:\/\/nilakademi.net\/en\/etkinlik-kayit-formu\/\" \/>\n<meta property=\"og:site_name\" content=\"Nil Akademi\" \/>\n<meta property=\"article:modified_time\" content=\"2025-03-05T20:04:48+00:00\" \/>\n<meta name=\"twitter:card\" content=\"summary_large_image\" \/>\n<meta name=\"twitter:label1\" content=\"Est. reading time\" \/>\n\t<meta name=\"twitter:data1\" content=\"1 minute\" \/>\n<script type=\"application\/ld+json\" class=\"yoast-schema-graph\">{\"@context\":\"https:\\\/\\\/schema.org\",\"@graph\":[{\"@type\":\"WebPage\",\"@id\":\"https:\\\/\\\/nilakademi.net\\\/etkinlik-kayit-formu\\\/\",\"url\":\"https:\\\/\\\/nilakademi.net\\\/etkinlik-kayit-formu\\\/\",\"name\":\"Etkinlik Kay\u0131t Formu - Nil Akademi\",\"isPartOf\":{\"@id\":\"https:\\\/\\\/nilakademi.net\\\/#website\"},\"datePublished\":\"2025-03-05T20:01:14+00:00\",\"dateModified\":\"2025-03-05T20:04:48+00:00\",\"description\":\"N\u0130L AKADEM\u0130 ile online webinarlar ve uygulamal\u0131 at\u00f6lye \u00e7al\u0131\u015fmalar\u0131yla profesyonel geli\u015fiminizi destekleyin.\",\"breadcrumb\":{\"@id\":\"https:\\\/\\\/nilakademi.net\\\/etkinlik-kayit-formu\\\/#breadcrumb\"},\"inLanguage\":\"en-US\",\"potentialAction\":[{\"@type\":\"ReadAction\",\"target\":[\"https:\\\/\\\/nilakademi.net\\\/etkinlik-kayit-formu\\\/\"]}]},{\"@type\":\"BreadcrumbList\",\"@id\":\"https:\\\/\\\/nilakademi.net\\\/etkinlik-kayit-formu\\\/#breadcrumb\",\"itemListElement\":[{\"@type\":\"ListItem\",\"position\":1,\"name\":\"Anasayfa\",\"item\":\"https:\\\/\\\/nilakademi.net\\\/\"},{\"@type\":\"ListItem\",\"position\":2,\"name\":\"Etkinlik Kay\u0131t Formu\"}]},{\"@type\":\"WebSite\",\"@id\":\"https:\\\/\\\/nilakademi.net\\\/#website\",\"url\":\"https:\\\/\\\/nilakademi.net\\\/\",\"name\":\"Nil Akademi\",\"description\":\"Uluslararas\u0131 Sertifikal\u0131 E\u011fitim ve Dan\u0131\u015fmanl\u0131k Merkezi\",\"publisher\":{\"@id\":\"https:\\\/\\\/nilakademi.net\\\/#organization\"},\"potentialAction\":[{\"@type\":\"SearchAction\",\"target\":{\"@type\":\"EntryPoint\",\"urlTemplate\":\"https:\\\/\\\/nilakademi.net\\\/?s={search_term_string}\"},\"query-input\":{\"@type\":\"PropertyValueSpecification\",\"valueRequired\":true,\"valueName\":\"search_term_string\"}}],\"inLanguage\":\"en-US\"},{\"@type\":\"Organization\",\"@id\":\"https:\\\/\\\/nilakademi.net\\\/#organization\",\"name\":\"Nil Akademi\",\"url\":\"https:\\\/\\\/nilakademi.net\\\/\",\"logo\":{\"@type\":\"ImageObject\",\"inLanguage\":\"en-US\",\"@id\":\"https:\\\/\\\/nilakademi.net\\\/#\\\/schema\\\/logo\\\/image\\\/\",\"url\":\"https:\\\/\\\/nilakademi.net\\\/wp-content\\\/uploads\\\/2025\\\/01\\\/Logo-web-1024x156.avif\",\"contentUrl\":\"https:\\\/\\\/nilakademi.net\\\/wp-content\\\/uploads\\\/2025\\\/01\\\/Logo-web-1024x156.avif\",\"width\":1031,\"height\":157,\"caption\":\"Nil Akademi\"},\"image\":{\"@id\":\"https:\\\/\\\/nilakademi.net\\\/#\\\/schema\\\/logo\\\/image\\\/\"},\"sameAs\":[\"https:\\\/\\\/www.instagram.com\\\/nilakademik\\\/\",\"https:\\\/\\\/www.linkedin.com\\\/company\\\/nil-akademi-uluslararas-sertifikal-eitim-ve-danmanlk\\\/about\\\/\"]}]}<\/script>\n<!-- \/ Yoast SEO plugin. -->","yoast_head_json":{"title":"Etkinlik Kay\u0131t Formu - Nil Akademi","description":"N\u0130L AKADEM\u0130 ile online webinarlar ve uygulamal\u0131 at\u00f6lye \u00e7al\u0131\u015fmalar\u0131yla profesyonel geli\u015fiminizi destekleyin.","robots":{"index":"index","follow":"follow","max-snippet":"max-snippet:-1","max-image-preview":"max-image-preview:large","max-video-preview":"max-video-preview:-1"},"canonical":"https:\/\/nilakademi.net\/en\/etkinlik-kayit-formu\/","og_locale":"en_US","og_type":"article","og_title":"Etkinlik Kay\u0131t Formu - Nil Akademi","og_description":"N\u0130L AKADEM\u0130 ile online webinarlar ve uygulamal\u0131 at\u00f6lye \u00e7al\u0131\u015fmalar\u0131yla profesyonel geli\u015fiminizi destekleyin.","og_url":"https:\/\/nilakademi.net\/en\/etkinlik-kayit-formu\/","og_site_name":"Nil Akademi","article_modified_time":"2025-03-05T20:04:48+00:00","twitter_card":"summary_large_image","twitter_misc":{"Est. reading time":"1 minute"},"schema":{"@context":"https:\/\/schema.org","@graph":[{"@type":"WebPage","@id":"https:\/\/nilakademi.net\/etkinlik-kayit-formu\/","url":"https:\/\/nilakademi.net\/etkinlik-kayit-formu\/","name":"Etkinlik Kay\u0131t Formu - Nil Akademi","isPartOf":{"@id":"https:\/\/nilakademi.net\/#website"},"datePublished":"2025-03-05T20:01:14+00:00","dateModified":"2025-03-05T20:04:48+00:00","description":"N\u0130L AKADEM\u0130 ile online webinarlar ve uygulamal\u0131 at\u00f6lye \u00e7al\u0131\u015fmalar\u0131yla profesyonel geli\u015fiminizi destekleyin.","breadcrumb":{"@id":"https:\/\/nilakademi.net\/etkinlik-kayit-formu\/#breadcrumb"},"inLanguage":"en-US","potentialAction":[{"@type":"ReadAction","target":["https:\/\/nilakademi.net\/etkinlik-kayit-formu\/"]}]},{"@type":"BreadcrumbList","@id":"https:\/\/nilakademi.net\/etkinlik-kayit-formu\/#breadcrumb","itemListElement":[{"@type":"ListItem","position":1,"name":"Anasayfa","item":"https:\/\/nilakademi.net\/"},{"@type":"ListItem","position":2,"name":"Etkinlik Kay\u0131t Formu"}]},{"@type":"WebSite","@id":"https:\/\/nilakademi.net\/#website","url":"https:\/\/nilakademi.net\/","name":"Nil Akademi","description":"Uluslararas\u0131 Sertifikal\u0131 E\u011fitim ve Dan\u0131\u015fmanl\u0131k Merkezi","publisher":{"@id":"https:\/\/nilakademi.net\/#organization"},"potentialAction":[{"@type":"SearchAction","target":{"@type":"EntryPoint","urlTemplate":"https:\/\/nilakademi.net\/?s={search_term_string}"},"query-input":{"@type":"PropertyValueSpecification","valueRequired":true,"valueName":"search_term_string"}}],"inLanguage":"en-US"},{"@type":"Organization","@id":"https:\/\/nilakademi.net\/#organization","name":"Nil Akademi","url":"https:\/\/nilakademi.net\/","logo":{"@type":"ImageObject","inLanguage":"en-US","@id":"https:\/\/nilakademi.net\/#\/schema\/logo\/image\/","url":"https:\/\/nilakademi.net\/wp-content\/uploads\/2025\/01\/Logo-web-1024x156.avif","contentUrl":"https:\/\/nilakademi.net\/wp-content\/uploads\/2025\/01\/Logo-web-1024x156.avif","width":1031,"height":157,"caption":"Nil Akademi"},"image":{"@id":"https:\/\/nilakademi.net\/#\/schema\/logo\/image\/"},"sameAs":["https:\/\/www.instagram.com\/nilakademik\/","https:\/\/www.linkedin.com\/company\/nil-akademi-uluslararas-sertifikal-eitim-ve-danmanlk\/about\/"]}]}},"jetpack_sharing_enabled":true,"_links":{"self":[{"href":"https:\/\/nilakademi.net\/en\/wp-json\/wp\/v2\/pages\/13884","targetHints":{"allow":["GET"]}}],"collection":[{"href":"https:\/\/nilakademi.net\/en\/wp-json\/wp\/v2\/pages"}],"about":[{"href":"https:\/\/nilakademi.net\/en\/wp-json\/wp\/v2\/types\/page"}],"author":[{"embeddable":true,"href":"https:\/\/nilakademi.net\/en\/wp-json\/wp\/v2\/users\/1"}],"replies":[{"embeddable":true,"href":"https:\/\/nilakademi.net\/en\/wp-json\/wp\/v2\/comments?post=13884"}],"version-history":[{"count":5,"href":"https:\/\/nilakademi.net\/en\/wp-json\/wp\/v2\/pages\/13884\/revisions"}],"predecessor-version":[{"id":13890,"href":"https:\/\/nilakademi.net\/en\/wp-json\/wp\/v2\/pages\/13884\/revisions\/13890"}],"wp:attachment":[{"href":"https:\/\/nilakademi.net\/en\/wp-json\/wp\/v2\/media?parent=13884"}],"curies":[{"name":"wp","href":"https:\/\/api.w.org\/{rel}","templated":true}]}}