{"id":14288,"date":"2025-05-04T15:14:24","date_gmt":"2025-05-04T18:14:24","guid":{"rendered":"https:\/\/nilakademi.net\/?page_id=14288"},"modified":"2025-05-04T15:16:41","modified_gmt":"2025-05-04T18:16:41","slug":"gizlilik-ve-guvenlik-politikasi","status":"publish","type":"page","link":"https:\/\/nilakademi.net\/en\/gizlilik-ve-guvenlik-politikasi\/","title":{"rendered":"Privacy and Security Policy"},"content":{"rendered":"\t\t<div data-elementor-type=\"wp-page\" data-elementor-id=\"14288\" class=\"elementor elementor-14288\">\n\t\t\t\t<div class=\"elementor-element elementor-element-36b4cb54 e-flex e-con-boxed e-con e-parent\" data-id=\"36b4cb54\" data-element_type=\"container\" data-e-type=\"container\">\n\t\t\t\t\t<div class=\"e-con-inner\">\n\t\t\t\t<div class=\"elementor-element elementor-element-4db2018 elementor-widget elementor-widget-text-editor\" data-id=\"4db2018\" data-element_type=\"widget\" data-e-type=\"widget\" data-widget_type=\"text-editor.default\">\n\t\t\t\t<div class=\"elementor-widget-container\">\n\t\t\t\t\t\t\t\t\t<p><\/p>\n<h2 class=\"wp-block-heading\"><b><span data-contrast=\"none\">Gizlilik ve G\u00fcvenlik Politikas\u0131\u00a0<\/span><\/b><span data-ccp-props=\"{&quot;201341983&quot;:0,&quot;335557856&quot;:16777215,&quot;335559739&quot;:360,&quot;335559740&quot;:240}\">\u00a0<\/span><\/h2>\n<p><span data-contrast=\"none\">N\u0130L AKADEM\u0130 b\u00fcnyesinde verilen t\u00fcm hizmetler <\/span><i><span data-contrast=\"none\">Mint Metro, H\u00fcrriyet Mahallesi Dr. Cemil Beng\u00fc Cd. No.4 34403 \u00c7a\u011flayan \/\u0130stanbul<\/span><\/i><span data-contrast=\"none\"> adresinde kay\u0131tl\u0131 Deniz Yetkin Aker Nil Akademi Uluslararas\u0131 E\u011fitim ve Dan\u0131\u015fmanl\u0131k firmam\u0131za aittir ve firmam\u0131z taraf\u0131ndan i\u015fletilir.<\/span><span data-ccp-props=\"{&quot;201341983&quot;:0,&quot;335551550&quot;:6,&quot;335551620&quot;:6,&quot;335557856&quot;:16777215,&quot;335559739&quot;:360,&quot;335559740&quot;:240}\">\u00a0<\/span><\/p>\n<p><span data-contrast=\"none\">Firmam\u0131z, \u00e7e\u015fitli ama\u00e7larla ki\u015fisel veriler toplayabilir. A\u015fa\u011f\u0131da, toplanan ki\u015fisel verilerin nas\u0131l ve ne \u015fekilde topland\u0131\u011f\u0131, bu verilerin nas\u0131l ve ne \u015fekilde korundu\u011fu belirtilmi\u015ftir.<\/span><span data-ccp-props=\"{&quot;201341983&quot;:0,&quot;335551550&quot;:6,&quot;335551620&quot;:6,&quot;335557856&quot;:16777215,&quot;335559739&quot;:360,&quot;335559740&quot;:240}\">\u00a0<\/span><\/p>\n<p><strong>Ki\u015fisel Verilerin Toplanmas\u0131\u00a0<\/strong><\/p>\n<p><span data-contrast=\"none\">\u00dcyelik veya web sitemizde yer alan \u00e7e\u015fitli form ve anketlerin doldurulmas\u0131 suretiyle \u00fcyelerin kendileriyle ilgili bir tak\u0131m ki\u015fisel bilgileri (isim-soy isim, firma bilgileri, telefon, adres veya e-posta adresleri gibi) firmam\u0131z taraf\u0131ndan i\u015fin do\u011fas\u0131 gere\u011fi toplanmaktad\u0131r.<\/span><span data-ccp-props=\"{&quot;201341983&quot;:0,&quot;335551550&quot;:6,&quot;335551620&quot;:6,&quot;335557856&quot;:16777215,&quot;335559739&quot;:360,&quot;335559740&quot;:240}\">\u00a0<\/span><\/p>\n<p><strong>Kampanya ve Bilgilendirme\u00a0<\/strong><\/p>\n<p><span data-contrast=\"none\">Firmam\u0131z baz\u0131 d\u00f6nemlerde m\u00fc\u015fterilerine ve \u00fcyelerine kampanya bilgileri, yeni \u00fcr\u00fcnler hakk\u0131nda bilgiler, promosyon teklifleri g\u00f6nderebilir. \u00dcyelerimiz bu gibi bilgileri al\u0131p almama konusunda her t\u00fcrl\u00fc se\u00e7imi \u00fcye olurken yapabilir, sonras\u0131nda \u00fcye giri\u015fi yapt\u0131ktan sonra hesap bilgileri b\u00f6l\u00fcm\u00fcnden bu se\u00e7imi de\u011fi\u015ftirebilir ya da kendisine gelen bilgilendirme iletisindeki linkle bildirim yapabilir.<\/span><span data-ccp-props=\"{&quot;201341983&quot;:0,&quot;335551550&quot;:6,&quot;335551620&quot;:6,&quot;335557856&quot;:16777215,&quot;335559739&quot;:360,&quot;335559740&quot;:240}\">\u00a0<\/span><\/p>\n<p><strong>Ki\u015fisel Bilgilerin G\u00fcvenli\u011fi\u00a0<\/strong><\/p>\n<p><span data-contrast=\"none\">Web sitemiz\u00fczerinden veya eposta ile ger\u00e7ekle\u015ftirilen onay s\u00fcrecinde, \u00fcyelerimiz taraf\u0131ndanfirmam\u0131za elektronik ortamdan iletilen ki\u015fisel bilgiler, \u00dcyelerimiz ile yapt\u0131\u011f\u0131m\u0131z &#8220;Kullan\u0131c\u0131 S\u00f6zle\u015fmesi&#8221; ile belirlenen ama\u00e7lar ve kapsam d\u0131\u015f\u0131nda \u00fc\u00e7\u00fcnc\u00fc ki\u015filere a\u00e7\u0131klanmayacakt\u0131r.<\/span><span data-ccp-props=\"{&quot;201341983&quot;:0,&quot;335551550&quot;:6,&quot;335551620&quot;:6,&quot;335557856&quot;:16777215,&quot;335559739&quot;:360,&quot;335559740&quot;:240}\">\u00a0<\/span><\/p>\n<p><strong>IP Adreslerinin Kullan\u0131m\u0131\u00a0<\/strong><\/p>\n<p><span data-contrast=\"none\">Sistemle ilgili sorunlar\u0131n tan\u0131mlanmas\u0131 ve verilen hizmet ile ilgili \u00e7\u0131kabilecek sorunlar\u0131n \u00e7\u00f6z\u00fclmesi i\u00e7in Firmam\u0131z, \u00fcyelerinin IP adresini kaydetmekte ve bunu kullanmaktad\u0131r. IP adresleri kullan\u0131c\u0131lar\u0131 genel bir \u015fekilde tan\u0131mlamak ve kapsaml\u0131 demografik bilgi toplamak amac\u0131yla da kullan\u0131labilir.<\/span><span data-ccp-props=\"{&quot;201341983&quot;:0,&quot;335551550&quot;:6,&quot;335551620&quot;:6,&quot;335557856&quot;:16777215,&quot;335559739&quot;:360,&quot;335559740&quot;:240}\">\u00a0<\/span><\/p>\n<p><strong>Kredi Kart\u0131 G\u00fcvenli\u011fi\u00a0<\/strong><\/p>\n<p><span data-contrast=\"none\">Firmam\u0131z, al\u0131\u015fveri\u015f sitelerimizden al\u0131\u015fveri\u015f yapan kredi kart\u0131 sahiplerinin g\u00fcvenli\u011fini ilk planda tutmaktad\u0131r. Kredi kart\u0131 bilgileriniz hi\u00e7bir \u015fekilde sistemimizde saklanmamaktad\u0131r.<\/span><span data-ccp-props=\"{&quot;201341983&quot;:0,&quot;335551550&quot;:6,&quot;335551620&quot;:6,&quot;335557856&quot;:16777215,&quot;335559739&quot;:360,&quot;335559740&quot;:240}\">\u00a0<\/span><\/p>\n<p><strong>SSL G\u00fcvenli\u011fi\u00a0<\/strong><\/p>\n<p><span data-contrast=\"none\">Al\u0131\u015fveri\u015f s\u0131ras\u0131nda kullan\u0131lan kredi kart\u0131 ile ilgili bilgiler al\u0131\u015fveri\u015f sitelerimizden ba\u011f\u0131ms\u0131z olarak 128 bit SSL (Secure Sockets Layer) protokol\u00fc ile \u015fifrelenip sorgulanmak \u00fczere ilgili bankaya ula\u015ft\u0131r\u0131l\u0131r. Kart\u0131n kullan\u0131labilirli\u011fi onayland\u0131\u011f\u0131 takdirde al\u0131\u015fveri\u015fe devam edilir. Kartla ilgili hi\u00e7bir bilgi taraf\u0131m\u0131zdan g\u00f6r\u00fcnt\u00fclenemedi\u011finden ve kaydedilmedi\u011finden, \u00fc\u00e7\u00fcnc\u00fc \u015fah\u0131slar\u0131n herhangi bir ko\u015fulda bu bilgileri ele ge\u00e7irmesi engellenmi\u015f olur.<\/span><span data-ccp-props=\"{&quot;201341983&quot;:0,&quot;335551550&quot;:6,&quot;335551620&quot;:6,&quot;335557856&quot;:16777215,&quot;335559739&quot;:360,&quot;335559740&quot;:240}\">\u00a0<\/span><\/p>\n<p><strong>Mail Order G\u00fcvenli\u011fi\u00a0<\/strong><\/p>\n<p><span data-contrast=\"none\">Kredi kart\u0131 mail-order y\u00f6ntemi ile firmam\u0131za g\u00f6nderece\u011finiz kimlik ve kredi kart bilgileriniz gizlilik prensibine g\u00f6re saklanacakt\u0131r. Bu bilgiler, olas\u0131 bir itiraz durumuna kar\u015f\u0131 60 g\u00fcn s\u00fcre ile saklan\u0131r ve sonras\u0131nda imha edilir.<\/span><span data-ccp-props=\"{&quot;201341983&quot;:0,&quot;335551550&quot;:6,&quot;335551620&quot;:6,&quot;335557856&quot;:16777215,&quot;335559739&quot;:360,&quot;335559740&quot;:240}\">\u00a0<\/span><\/p>\n<p><strong>\u00dc\u00e7\u00fcnc\u00fc Taraf Web Siteleri ve Uygulamalar\u00a0<\/strong><\/p>\n<p><span data-contrast=\"none\">Firmam\u0131z, web sitesi d\u00e2hilinde ba\u015fka sitelere link verebilir. Firmam\u0131z, bu linkler vas\u0131tas\u0131yla eri\u015filen sitelerin gizlilik uygulamalar\u0131 ve i\u00e7eriklerine y\u00f6nelik herhangi bir sorumluluk ta\u015f\u0131mamaktad\u0131r.<\/span><span data-ccp-props=\"{&quot;201341983&quot;:0,&quot;335551550&quot;:6,&quot;335551620&quot;:6,&quot;335557856&quot;:16777215,&quot;335559739&quot;:360,&quot;335559740&quot;:240}\">\u00a0<\/span><\/p>\n<p><strong>\u0130stisnai Haller\u00a0<\/strong><\/p>\n<p><span data-contrast=\"none\">A\u015fa\u011f\u0131da belirtilen s\u0131n\u0131rl\u0131 hallerde, firmam\u0131z i\u015fbu &#8220;Gizlilik Politikas\u0131&#8221; h\u00fck\u00fcmleri d\u0131\u015f\u0131nda kullan\u0131c\u0131lara ait bilgileri \u00fc\u00e7\u00fcnc\u00fc ki\u015filere a\u00e7\u0131klayabilir:<\/span><span data-ccp-props=\"{&quot;201341983&quot;:0,&quot;335551550&quot;:6,&quot;335551620&quot;:6,&quot;335557856&quot;:16777215,&quot;335559739&quot;:360,&quot;335559740&quot;:240}\">\u00a0<\/span><\/p>\n<ul>\n<li data-leveltext=\"\uf0b7\" data-font=\"Symbol\" data-listid=\"1\" data-list-defn-props=\"{&quot;335552541&quot;:1,&quot;335559685&quot;:720,&quot;335559991&quot;:360,&quot;469769226&quot;:&quot;Symbol&quot;,&quot;469769242&quot;:[8226],&quot;469777803&quot;:&quot;left&quot;,&quot;469777804&quot;:&quot;\uf0b7&quot;,&quot;469777815&quot;:&quot;multilevel&quot;}\" aria-setsize=\"-1\" data-aria-posinset=\"1\" data-aria-level=\"1\"><span data-contrast=\"none\">Kanun, Kanun H\u00fckm\u00fcnde Kararname, Y\u00f6netmelik vb. yetkili hukuki otoriteler taraf\u0131ndan \u00e7\u0131kar\u0131lan hukuk kurallar\u0131n\u0131n getirdi\u011fi zorunluluklara uymak;<\/span><span data-ccp-props=\"{&quot;134233117&quot;:true,&quot;134233118&quot;:true,&quot;201341983&quot;:0,&quot;335551550&quot;:6,&quot;335551620&quot;:6,&quot;335557856&quot;:16777215,&quot;335559740&quot;:240}\">\u00a0<\/span><\/li>\n<\/ul>\n<ul>\n<li data-leveltext=\"\uf0b7\" data-font=\"Symbol\" data-listid=\"1\" data-list-defn-props=\"{&quot;335552541&quot;:1,&quot;335559685&quot;:720,&quot;335559991&quot;:360,&quot;469769226&quot;:&quot;Symbol&quot;,&quot;469769242&quot;:[8226],&quot;469777803&quot;:&quot;left&quot;,&quot;469777804&quot;:&quot;\uf0b7&quot;,&quot;469777815&quot;:&quot;multilevel&quot;}\" aria-setsize=\"-1\" data-aria-posinset=\"2\" data-aria-level=\"1\"><span data-contrast=\"none\">Firmam\u0131z\u0131n kullan\u0131c\u0131larla akdetti\u011fi &#8220;\u00dcyelik S\u00f6zle\u015fmesi&#8221;nin gereklerini yerine getirmek amac\u0131yla;<\/span><span data-ccp-props=\"{&quot;134233117&quot;:true,&quot;134233118&quot;:true,&quot;201341983&quot;:0,&quot;335551550&quot;:6,&quot;335551620&quot;:6,&quot;335557856&quot;:16777215,&quot;335559740&quot;:240}\">\u00a0<\/span><\/li>\n<\/ul>\n<ul>\n<li data-leveltext=\"\uf0b7\" data-font=\"Symbol\" data-listid=\"1\" data-list-defn-props=\"{&quot;335552541&quot;:1,&quot;335559685&quot;:720,&quot;335559991&quot;:360,&quot;469769226&quot;:&quot;Symbol&quot;,&quot;469769242&quot;:[8226],&quot;469777803&quot;:&quot;left&quot;,&quot;469777804&quot;:&quot;\uf0b7&quot;,&quot;469777815&quot;:&quot;multilevel&quot;}\" aria-setsize=\"-1\" data-aria-posinset=\"3\" data-aria-level=\"1\"><span data-contrast=\"none\">Yetkili idari ve adli otorite taraf\u0131ndan usul\u00fcne g\u00f6re y\u00fcr\u00fct\u00fclen bir ara\u015ft\u0131rma veya soru\u015fturma amac\u0131yla;<\/span><span data-ccp-props=\"{&quot;134233117&quot;:true,&quot;134233118&quot;:true,&quot;201341983&quot;:0,&quot;335551550&quot;:6,&quot;335551620&quot;:6,&quot;335557856&quot;:16777215,&quot;335559740&quot;:240}\">\u00a0<\/span><\/li>\n<\/ul>\n<ul>\n<li data-leveltext=\"\uf0b7\" data-font=\"Symbol\" data-listid=\"1\" data-list-defn-props=\"{&quot;335552541&quot;:1,&quot;335559685&quot;:720,&quot;335559991&quot;:360,&quot;469769226&quot;:&quot;Symbol&quot;,&quot;469769242&quot;:[8226],&quot;469777803&quot;:&quot;left&quot;,&quot;469777804&quot;:&quot;\uf0b7&quot;,&quot;469777815&quot;:&quot;multilevel&quot;}\" aria-setsize=\"-1\" data-aria-posinset=\"4\" data-aria-level=\"1\"><span data-contrast=\"none\">Kullan\u0131c\u0131lar\u0131n haklar\u0131 veya g\u00fcvenliklerini korumak amac\u0131yla bilgi vermenin gerekli oldu\u011fu hallerde.<\/span><span data-ccp-props=\"{&quot;134233117&quot;:true,&quot;134233118&quot;:true,&quot;201341983&quot;:0,&quot;335551550&quot;:6,&quot;335551620&quot;:6,&quot;335557856&quot;:16777215,&quot;335559740&quot;:240}\">\u00a0<\/span><\/li>\n<\/ul>\n<p><strong>E-Posta G\u00fcvenli\u011fi\u00a0<\/strong><\/p>\n<p><span data-contrast=\"none\">Firmam\u0131za g\u00f6nderdi\u011finiz e-postalarda asla kredi kart\u0131 bilgilerinizi payla\u015fmay\u0131n\u0131z. E-postalarda yer alan bilgiler \u00fc\u00e7\u00fcnc\u00fc \u015fah\u0131slar taraf\u0131ndan g\u00f6r\u00fclebilir ve firmam\u0131z bu bilgilerin g\u00fcvenli\u011fini garanti edemez.<\/span><span data-ccp-props=\"{&quot;201341983&quot;:0,&quot;335551550&quot;:6,&quot;335551620&quot;:6,&quot;335557856&quot;:16777215,&quot;335559739&quot;:360,&quot;335559740&quot;:240}\">\u00a0<\/span><\/p>\n<p><strong>Taray\u0131c\u0131 \u00c7erezleri\u00a0<\/strong><\/p>\n<p><span data-contrast=\"none\">Firmam\u0131z, web sitemizi ziyaret eden kullan\u0131c\u0131lar hakk\u0131nda bilgi toplamak amac\u0131yla \u00e7erez (cookie) kullanabilir. \u00c7erezler, web sitemizde gezinmenizi kolayla\u015ft\u0131rmak ve tercihlerinizi saklamak amac\u0131yla kullan\u0131lmaktad\u0131r.<\/span><span data-ccp-props=\"{&quot;201341983&quot;:0,&quot;335551550&quot;:6,&quot;335551620&quot;:6,&quot;335557856&quot;:16777215,&quot;335559739&quot;:360,&quot;335559740&quot;:240}\">\u00a0<\/span><\/p>\n<p><span data-contrast=\"none\">Firmam\u0131z i\u015fbu &#8220;Gizlilik Politikas\u0131&#8221; h\u00fck\u00fcmlerini diledi\u011fi zaman de\u011fi\u015ftirebilir. Politikadaki de\u011fi\u015fiklikler, sitede yay\u0131nland\u0131\u011f\u0131 anda y\u00fcr\u00fcrl\u00fc\u011fe girer.<\/span><span data-ccp-props=\"{&quot;201341983&quot;:0,&quot;335551550&quot;:6,&quot;335551620&quot;:6,&quot;335557856&quot;:16777215,&quot;335559739&quot;:360,&quot;335559740&quot;:240}\">\u00a0<\/span><\/p>\n<p><strong>\u0130leti\u015fim Bilgileri\u00a0<\/strong><\/p>\n<p><span data-contrast=\"none\">Gizlilik politikam\u0131z ile ilgili her t\u00fcrl\u00fc soru ve \u00f6nerileriniz i\u00e7in info@nilakademi.net adresine email g\u00f6nderebilirsiniz.<\/span><span data-ccp-props=\"{&quot;201341983&quot;:0,&quot;335551550&quot;:6,&quot;335551620&quot;:6,&quot;335557856&quot;:16777215,&quot;335559739&quot;:360,&quot;335559740&quot;:240}\">\u00a0<\/span><\/p>\n<p><span data-ccp-props=\"{&quot;201341983&quot;:0,&quot;335551550&quot;:6,&quot;335551620&quot;:6,&quot;335557856&quot;:16777215,&quot;335559739&quot;:360,&quot;335559740&quot;:240}\">\u00a0<\/span><\/p>\n<p><b><span data-contrast=\"none\">DEN\u0130Z YETK\u0130N AKER N\u0130L AKADEM\u0130\u00a0<\/span><\/b><span data-ccp-props=\"{&quot;201341983&quot;:2,&quot;335557856&quot;:16777215,&quot;335559739&quot;:120,&quot;335559740&quot;:380}\">\u00a0<\/span><\/p>\n<p><b><span data-contrast=\"none\">ULUSLARARASI E\u011e\u0130T\u0130M DANI\u015eMANLIK<\/span><\/b><span data-ccp-props=\"{&quot;201341983&quot;:2,&quot;335557856&quot;:16777215,&quot;335559739&quot;:120,&quot;335559740&quot;:380}\">\u00a0<\/span><\/p>\n<p><b><i><span data-contrast=\"none\">Mint Metro, H\u00fcrriyet Mahallesi Dr. Cemil Beng\u00fc Cd. No.4 34403 \u00c7a\u011flayan \/\u0130stanbul<\/span><\/i><\/b>\u00a0<br \/><b><span data-contrast=\"none\">info@nilakademi.net<\/span><\/b>\u00a0<br \/><b><span data-contrast=\"none\">0532 469 06 45<\/span><\/b><span data-ccp-props=\"{&quot;201341983&quot;:2,&quot;335557856&quot;:16777215,&quot;335559739&quot;:120,&quot;335559740&quot;:380}\">\u00a0<\/span><\/p>\n<p><span data-ccp-props=\"{}\">\u00a0<\/span><\/p>\n\t\t\t\t\t\t\t\t<\/div>\n\t\t\t\t<\/div>\n\t\t\t\t\t<\/div>\n\t\t\t\t<\/div>\n\t\t\t\t<\/div>\n\t\t","protected":false},"excerpt":{"rendered":"<p>Gizlilik ve G\u00fcvenlik Politikas\u0131\u00a0\u00a0 N\u0130L AKADEM\u0130 b\u00fcnyesinde verilen t\u00fcm hizmetler Mint Metro, H\u00fcrriyet Mahallesi Dr. Cemil Beng\u00fc Cd. No.4 34403 \u00c7a\u011flayan \/\u0130stanbul adresinde kay\u0131tl\u0131 Deniz Yetkin Aker Nil Akademi Uluslararas\u0131 E\u011fitim ve Dan\u0131\u015fmanl\u0131k firmam\u0131za aittir ve firmam\u0131z taraf\u0131ndan i\u015fletilir.\u00a0 Firmam\u0131z, \u00e7e\u015fitli ama\u00e7larla ki\u015fisel veriler toplayabilir. A\u015fa\u011f\u0131da, toplanan ki\u015fisel verilerin nas\u0131l ve ne \u015fekilde topland\u0131\u011f\u0131, bu [&hellip;]<\/p>\n","protected":false},"author":1,"featured_media":0,"parent":0,"menu_order":0,"comment_status":"closed","ping_status":"closed","template":"","meta":{"nf_dc_page":"","footnotes":""},"class_list":["post-14288","page","type-page","status-publish","hentry"],"yoast_head":"<!-- This site is optimized with the Yoast SEO plugin v27.5 - https:\/\/yoast.com\/product\/yoast-seo-wordpress\/ -->\n<title>Gizlilik ve G\u00fcvenlik Politikas\u0131 - Nil Akademi<\/title>\n<meta name=\"robots\" content=\"index, follow, max-snippet:-1, max-image-preview:large, max-video-preview:-1\" \/>\n<link rel=\"canonical\" href=\"https:\/\/nilakademi.net\/en\/gizlilik-ve-guvenlik-politikasi\/\" \/>\n<meta property=\"og:locale\" content=\"en_US\" \/>\n<meta property=\"og:type\" content=\"article\" \/>\n<meta property=\"og:title\" content=\"Gizlilik ve G\u00fcvenlik Politikas\u0131 - Nil Akademi\" \/>\n<meta property=\"og:description\" content=\"Gizlilik ve G\u00fcvenlik Politikas\u0131\u00a0\u00a0 N\u0130L AKADEM\u0130 b\u00fcnyesinde verilen t\u00fcm hizmetler Mint Metro, H\u00fcrriyet Mahallesi Dr. Cemil Beng\u00fc Cd. No.4 34403 \u00c7a\u011flayan \/\u0130stanbul adresinde kay\u0131tl\u0131 Deniz Yetkin Aker Nil Akademi Uluslararas\u0131 E\u011fitim ve Dan\u0131\u015fmanl\u0131k firmam\u0131za aittir ve firmam\u0131z taraf\u0131ndan i\u015fletilir.\u00a0 Firmam\u0131z, \u00e7e\u015fitli ama\u00e7larla ki\u015fisel veriler toplayabilir. A\u015fa\u011f\u0131da, toplanan ki\u015fisel verilerin nas\u0131l ve ne \u015fekilde topland\u0131\u011f\u0131, bu [&hellip;]\" \/>\n<meta property=\"og:url\" content=\"https:\/\/nilakademi.net\/en\/gizlilik-ve-guvenlik-politikasi\/\" \/>\n<meta property=\"og:site_name\" content=\"Nil Akademi\" \/>\n<meta property=\"article:modified_time\" content=\"2025-05-04T18:16:41+00:00\" \/>\n<meta name=\"twitter:card\" content=\"summary_large_image\" \/>\n<meta name=\"twitter:label1\" content=\"Est. reading time\" \/>\n\t<meta name=\"twitter:data1\" content=\"4 minutes\" \/>\n<script type=\"application\/ld+json\" class=\"yoast-schema-graph\">{\"@context\":\"https:\\\/\\\/schema.org\",\"@graph\":[{\"@type\":\"WebPage\",\"@id\":\"https:\\\/\\\/nilakademi.net\\\/gizlilik-ve-guvenlik-politikasi\\\/\",\"url\":\"https:\\\/\\\/nilakademi.net\\\/gizlilik-ve-guvenlik-politikasi\\\/\",\"name\":\"Gizlilik ve G\u00fcvenlik Politikas\u0131 - Nil Akademi\",\"isPartOf\":{\"@id\":\"https:\\\/\\\/nilakademi.net\\\/#website\"},\"datePublished\":\"2025-05-04T18:14:24+00:00\",\"dateModified\":\"2025-05-04T18:16:41+00:00\",\"breadcrumb\":{\"@id\":\"https:\\\/\\\/nilakademi.net\\\/gizlilik-ve-guvenlik-politikasi\\\/#breadcrumb\"},\"inLanguage\":\"en-US\",\"potentialAction\":[{\"@type\":\"ReadAction\",\"target\":[\"https:\\\/\\\/nilakademi.net\\\/gizlilik-ve-guvenlik-politikasi\\\/\"]}]},{\"@type\":\"BreadcrumbList\",\"@id\":\"https:\\\/\\\/nilakademi.net\\\/gizlilik-ve-guvenlik-politikasi\\\/#breadcrumb\",\"itemListElement\":[{\"@type\":\"ListItem\",\"position\":1,\"name\":\"Anasayfa\",\"item\":\"https:\\\/\\\/nilakademi.net\\\/\"},{\"@type\":\"ListItem\",\"position\":2,\"name\":\"Gizlilik ve G\u00fcvenlik Politikas\u0131\"}]},{\"@type\":\"WebSite\",\"@id\":\"https:\\\/\\\/nilakademi.net\\\/#website\",\"url\":\"https:\\\/\\\/nilakademi.net\\\/\",\"name\":\"Nil Akademi\",\"description\":\"Uluslararas\u0131 Sertifikal\u0131 E\u011fitim ve Dan\u0131\u015fmanl\u0131k Merkezi\",\"publisher\":{\"@id\":\"https:\\\/\\\/nilakademi.net\\\/#organization\"},\"potentialAction\":[{\"@type\":\"SearchAction\",\"target\":{\"@type\":\"EntryPoint\",\"urlTemplate\":\"https:\\\/\\\/nilakademi.net\\\/?s={search_term_string}\"},\"query-input\":{\"@type\":\"PropertyValueSpecification\",\"valueRequired\":true,\"valueName\":\"search_term_string\"}}],\"inLanguage\":\"en-US\"},{\"@type\":\"Organization\",\"@id\":\"https:\\\/\\\/nilakademi.net\\\/#organization\",\"name\":\"Nil Akademi\",\"url\":\"https:\\\/\\\/nilakademi.net\\\/\",\"logo\":{\"@type\":\"ImageObject\",\"inLanguage\":\"en-US\",\"@id\":\"https:\\\/\\\/nilakademi.net\\\/#\\\/schema\\\/logo\\\/image\\\/\",\"url\":\"https:\\\/\\\/nilakademi.net\\\/wp-content\\\/uploads\\\/2025\\\/01\\\/Logo-web-1024x156.avif\",\"contentUrl\":\"https:\\\/\\\/nilakademi.net\\\/wp-content\\\/uploads\\\/2025\\\/01\\\/Logo-web-1024x156.avif\",\"width\":1031,\"height\":157,\"caption\":\"Nil Akademi\"},\"image\":{\"@id\":\"https:\\\/\\\/nilakademi.net\\\/#\\\/schema\\\/logo\\\/image\\\/\"},\"sameAs\":[\"https:\\\/\\\/www.instagram.com\\\/nilakademik\\\/\",\"https:\\\/\\\/www.linkedin.com\\\/company\\\/nil-akademi-uluslararas-sertifikal-eitim-ve-danmanlk\\\/about\\\/\"]}]}<\/script>\n<!-- \/ Yoast SEO plugin. -->","yoast_head_json":{"title":"Gizlilik ve G\u00fcvenlik Politikas\u0131 - Nil Akademi","robots":{"index":"index","follow":"follow","max-snippet":"max-snippet:-1","max-image-preview":"max-image-preview:large","max-video-preview":"max-video-preview:-1"},"canonical":"https:\/\/nilakademi.net\/en\/gizlilik-ve-guvenlik-politikasi\/","og_locale":"en_US","og_type":"article","og_title":"Gizlilik ve G\u00fcvenlik Politikas\u0131 - Nil Akademi","og_description":"Gizlilik ve G\u00fcvenlik Politikas\u0131\u00a0\u00a0 N\u0130L AKADEM\u0130 b\u00fcnyesinde verilen t\u00fcm hizmetler Mint Metro, H\u00fcrriyet Mahallesi Dr. Cemil Beng\u00fc Cd. No.4 34403 \u00c7a\u011flayan \/\u0130stanbul adresinde kay\u0131tl\u0131 Deniz Yetkin Aker Nil Akademi Uluslararas\u0131 E\u011fitim ve Dan\u0131\u015fmanl\u0131k firmam\u0131za aittir ve firmam\u0131z taraf\u0131ndan i\u015fletilir.\u00a0 Firmam\u0131z, \u00e7e\u015fitli ama\u00e7larla ki\u015fisel veriler toplayabilir. A\u015fa\u011f\u0131da, toplanan ki\u015fisel verilerin nas\u0131l ve ne \u015fekilde topland\u0131\u011f\u0131, bu [&hellip;]","og_url":"https:\/\/nilakademi.net\/en\/gizlilik-ve-guvenlik-politikasi\/","og_site_name":"Nil Akademi","article_modified_time":"2025-05-04T18:16:41+00:00","twitter_card":"summary_large_image","twitter_misc":{"Est. reading time":"4 minutes"},"schema":{"@context":"https:\/\/schema.org","@graph":[{"@type":"WebPage","@id":"https:\/\/nilakademi.net\/gizlilik-ve-guvenlik-politikasi\/","url":"https:\/\/nilakademi.net\/gizlilik-ve-guvenlik-politikasi\/","name":"Gizlilik ve G\u00fcvenlik Politikas\u0131 - Nil Akademi","isPartOf":{"@id":"https:\/\/nilakademi.net\/#website"},"datePublished":"2025-05-04T18:14:24+00:00","dateModified":"2025-05-04T18:16:41+00:00","breadcrumb":{"@id":"https:\/\/nilakademi.net\/gizlilik-ve-guvenlik-politikasi\/#breadcrumb"},"inLanguage":"en-US","potentialAction":[{"@type":"ReadAction","target":["https:\/\/nilakademi.net\/gizlilik-ve-guvenlik-politikasi\/"]}]},{"@type":"BreadcrumbList","@id":"https:\/\/nilakademi.net\/gizlilik-ve-guvenlik-politikasi\/#breadcrumb","itemListElement":[{"@type":"ListItem","position":1,"name":"Anasayfa","item":"https:\/\/nilakademi.net\/"},{"@type":"ListItem","position":2,"name":"Gizlilik ve G\u00fcvenlik Politikas\u0131"}]},{"@type":"WebSite","@id":"https:\/\/nilakademi.net\/#website","url":"https:\/\/nilakademi.net\/","name":"Nil Akademi","description":"Uluslararas\u0131 Sertifikal\u0131 E\u011fitim ve Dan\u0131\u015fmanl\u0131k Merkezi","publisher":{"@id":"https:\/\/nilakademi.net\/#organization"},"potentialAction":[{"@type":"SearchAction","target":{"@type":"EntryPoint","urlTemplate":"https:\/\/nilakademi.net\/?s={search_term_string}"},"query-input":{"@type":"PropertyValueSpecification","valueRequired":true,"valueName":"search_term_string"}}],"inLanguage":"en-US"},{"@type":"Organization","@id":"https:\/\/nilakademi.net\/#organization","name":"Nil Akademi","url":"https:\/\/nilakademi.net\/","logo":{"@type":"ImageObject","inLanguage":"en-US","@id":"https:\/\/nilakademi.net\/#\/schema\/logo\/image\/","url":"https:\/\/nilakademi.net\/wp-content\/uploads\/2025\/01\/Logo-web-1024x156.avif","contentUrl":"https:\/\/nilakademi.net\/wp-content\/uploads\/2025\/01\/Logo-web-1024x156.avif","width":1031,"height":157,"caption":"Nil Akademi"},"image":{"@id":"https:\/\/nilakademi.net\/#\/schema\/logo\/image\/"},"sameAs":["https:\/\/www.instagram.com\/nilakademik\/","https:\/\/www.linkedin.com\/company\/nil-akademi-uluslararas-sertifikal-eitim-ve-danmanlk\/about\/"]}]}},"jetpack_sharing_enabled":true,"_links":{"self":[{"href":"https:\/\/nilakademi.net\/en\/wp-json\/wp\/v2\/pages\/14288","targetHints":{"allow":["GET"]}}],"collection":[{"href":"https:\/\/nilakademi.net\/en\/wp-json\/wp\/v2\/pages"}],"about":[{"href":"https:\/\/nilakademi.net\/en\/wp-json\/wp\/v2\/types\/page"}],"author":[{"embeddable":true,"href":"https:\/\/nilakademi.net\/en\/wp-json\/wp\/v2\/users\/1"}],"replies":[{"embeddable":true,"href":"https:\/\/nilakademi.net\/en\/wp-json\/wp\/v2\/comments?post=14288"}],"version-history":[{"count":4,"href":"https:\/\/nilakademi.net\/en\/wp-json\/wp\/v2\/pages\/14288\/revisions"}],"predecessor-version":[{"id":14292,"href":"https:\/\/nilakademi.net\/en\/wp-json\/wp\/v2\/pages\/14288\/revisions\/14292"}],"wp:attachment":[{"href":"https:\/\/nilakademi.net\/en\/wp-json\/wp\/v2\/media?parent=14288"}],"curies":[{"name":"wp","href":"https:\/\/api.w.org\/{rel}","templated":true}]}}