{"id":14298,"date":"2025-05-04T15:22:25","date_gmt":"2025-05-04T18:22:25","guid":{"rendered":"https:\/\/nilakademi.net\/?page_id=14298"},"modified":"2025-10-19T15:40:28","modified_gmt":"2025-10-19T18:40:28","slug":"mesafeli-satis-sozlesmesi","status":"publish","type":"page","link":"https:\/\/nilakademi.net\/en\/mesafeli-satis-sozlesmesi\/","title":{"rendered":"Distance Sales Agreement"},"content":{"rendered":"\t\t<div data-elementor-type=\"wp-page\" data-elementor-id=\"14298\" class=\"elementor elementor-14298\">\n\t\t\t\t<div class=\"elementor-element elementor-element-36b4cb54 e-flex e-con-boxed e-con e-parent\" data-id=\"36b4cb54\" data-element_type=\"container\" data-e-type=\"container\">\n\t\t\t\t\t<div class=\"e-con-inner\">\n\t\t\t\t<div class=\"elementor-element elementor-element-4db2018 elementor-widget elementor-widget-text-editor\" data-id=\"4db2018\" data-element_type=\"widget\" data-e-type=\"widget\" data-widget_type=\"text-editor.default\">\n\t\t\t\t<div class=\"elementor-widget-container\">\n\t\t\t\t\t\t\t\t\t<p><\/p>\n<p><b><span data-contrast=\"auto\">MESAFEL\u0130 SATI\u015e S\u00d6ZLE\u015eMES\u0130<\/span><\/b><span data-ccp-props=\"{&quot;335551550&quot;:2,&quot;335551620&quot;:2}\">\u00a0<\/span><\/p>\n<p><b><span data-contrast=\"auto\">MADDE 1:TARAFLAR<\/span><\/b><span data-ccp-props=\"{}\">\u00a0<\/span><\/p>\n<p data-start=\"261\" data-end=\"523\">\u0130\u015fbu s\u00f6zle\u015fme, bir tarafta a\u015fa\u011f\u0131da bilgileri yer alan <strong data-start=\"315\" data-end=\"344\">Sat\u0131c\u0131 (Hizmet Sa\u011flay\u0131c\u0131)<\/strong> ile di\u011fer tarafta <strong data-start=\"363\" data-end=\"383\">Al\u0131c\u0131 (T\u00fcketici)<\/strong> aras\u0131nda, 6502 say\u0131l\u0131 <em data-start=\"406\" data-end=\"444\">T\u00fcketicinin Korunmas\u0131 Hakk\u0131nda Kanun<\/em> ve <em data-start=\"448\" data-end=\"482\">Mesafeli S\u00f6zle\u015fmeler Y\u00f6netmeli\u011fi<\/em> uyar\u0131nca elektronik ortamda kurulmu\u015ftur.<\/p>\n<p data-start=\"525\" data-end=\"824\"><strong data-start=\"525\" data-end=\"545\">SATICI B\u0130LG\u0130LER\u0130<\/strong><br data-start=\"545\" data-end=\"548\" \/>Unvan: Nil Akademi E\u011fitim Dan\u0131\u015fmanl\u0131k<br data-start=\"585\" data-end=\"588\" \/>Adres: H\u00fcrriyet Mah. Dr. Cemil Beng\u00fc Cad. Mint Ofis No:4 Ka\u011f\u0131thane \/ \u0130stanbul<br data-start=\"665\" data-end=\"668\" \/>E-posta: <a class=\"decorated-link cursor-pointer\" rel=\"noopener\" data-start=\"677\" data-end=\"696\">info@nilakademi.net<\/a><br data-start=\"696\" data-end=\"699\" \/>Telefon: 0 (532) 130 55 36<br data-start=\"725\" data-end=\"728\" \/>\u0130ade \/ \u0130leti\u015fim Adresi: H\u00fcrriyet Mah. Dr. Cemil Beng\u00fc Cad. Mint Ofis No:4 Ka\u011f\u0131thane \/ \u0130stanbul<\/p>\n<p data-start=\"826\" data-end=\"916\"><strong data-start=\"826\" data-end=\"845\">ALICI B\u0130LG\u0130LER\u0130<\/strong><br data-start=\"845\" data-end=\"848\" \/>Ad\u0131 Soyad\u0131:\u00a0<br data-start=\"865\" data-end=\"868\" \/>Adres:<br data-start=\"880\" data-end=\"883\" \/>Telefon:<br data-start=\"897\" data-end=\"900\" \/>E-posta:\u00a0<\/p>\n<p><b><span data-contrast=\"auto\">MADDE 2: KONU<\/span><\/b><span data-ccp-props=\"{&quot;201341983&quot;:0,&quot;335551550&quot;:6,&quot;335551620&quot;:6,&quot;335559740&quot;:240}\">\u00a0<\/span><\/p>\n<p>\u0130\u015fbu s\u00f6zle\u015fmenin konusu, al\u0131c\u0131n\u0131n sat\u0131c\u0131ya ait <strong data-start=\"993\" data-end=\"1015\"><a class=\"decorated-link\" href=\"http:\/\/www.nilakademi.net\" target=\"_new\" rel=\"noopener\" data-start=\"995\" data-end=\"1013\">www.nilakademi.net<\/a><\/strong> adresindeki internet sitesinden elektronik ortamda sipari\u015fini yapt\u0131\u011f\u0131, a\u015fa\u011f\u0131da nitelikleri ve sat\u0131\u015f fiyat\u0131 belirtilen \u00fcr\u00fcn\/hizmetin sat\u0131\u015f\u0131 ve teslimine ili\u015fkin usul ve esaslar\u0131n belirlenmesidir.<\/p>\n<p><b><span data-contrast=\"auto\">MADDE 3: H\u0130ZMET\u0130N N\u0130TEL\u0130\u011e\u0130, TESL\u0130M\u0130 VE \u0130FASI<\/span><\/b><\/p>\n<p data-start=\"1271\" data-end=\"1525\">Sat\u0131c\u0131, al\u0131c\u0131 taraf\u0131ndan sipari\u015fi verilen dijital i\u00e7erik, \u00e7evrim i\u00e7i e\u011fitim veya dan\u0131\u015fmanl\u0131k hizmetini elektronik ortamda sa\u011flar.<br data-start=\"1400\" data-end=\"1403\" \/>Hizmetin t\u00fcr\u00fc, s\u00fcresi ve eri\u015fim ko\u015fullar\u0131 sipari\u015f \u00f6ncesinde al\u0131c\u0131ya sunulan <strong data-start=\"1479\" data-end=\"1509\">\u00d6n Bilgilendirme Formu\u2019nda<\/strong> belirtilmi\u015ftir.<\/p>\n<p data-start=\"1527\" data-end=\"1792\">Canl\u0131 e\u011fitimler i\u00e7in minimum kat\u0131l\u0131mc\u0131 say\u0131s\u0131 <strong data-start=\"1573\" data-end=\"1583\">15\u2019tir<\/strong>. Kat\u0131l\u0131mc\u0131 say\u0131s\u0131na ula\u015f\u0131lamamas\u0131 durumunda, hizmetin ba\u015flama tarihi ertelenir veya al\u0131c\u0131 dilerse \u00fccret iadesi talep edebilir.<br data-start=\"1710\" data-end=\"1713\" \/>\u0130ade, 14 g\u00fcn i\u00e7inde al\u0131c\u0131n\u0131n \u00f6deme yapt\u0131\u011f\u0131 araca uygun olarak ger\u00e7ekle\u015ftirilir.<\/p>\n<p data-start=\"1794\" data-end=\"2000\">Dijital i\u00e7eriklere eri\u015fim bilgileri, \u00f6demenin tamamlanmas\u0131n\u0131 takiben en ge\u00e7 <strong data-start=\"1870\" data-end=\"1883\">3 i\u015f g\u00fcn\u00fc<\/strong> i\u00e7inde al\u0131c\u0131ya e-posta yoluyla iletilir.<br data-start=\"1924\" data-end=\"1927\" \/>Eri\u015fim s\u00fcresi doldu\u011funda i\u00e7eriklere eri\u015fim otomatik olarak sonland\u0131r\u0131l\u0131r.<\/p>\n<p><b><span data-contrast=\"auto\">MADDE 4- CAYMA HAKKI VE \u0130ADE \u015eARTLARI<\/span><\/b><span data-ccp-props=\"{&quot;335551550&quot;:6,&quot;335551620&quot;:6}\">\u00a0<\/span><\/p>\n<p data-start=\"2054\" data-end=\"2217\">Elektronik ortamda an\u0131nda ifa edilen ve al\u0131c\u0131ya an\u0131nda teslim edilen dijital i\u00e7eriklerde <strong data-start=\"2143\" data-end=\"2174\">cayma hakk\u0131 bulunmamaktad\u0131r<\/strong> (Mesafeli S\u00f6zle\u015fmeler Y\u00f6netmeli\u011fi m.15\/\u011f).<\/p>\n<p data-start=\"2219\" data-end=\"2427\">Hizmete ba\u015flanmam\u0131\u015f olmas\u0131 \u015fart\u0131yla, al\u0131c\u0131 14 g\u00fcn i\u00e7inde gerek\u00e7e g\u00f6stermeksizin cayma hakk\u0131n\u0131 kullanabilir.<br data-start=\"2326\" data-end=\"2329\" \/>Cayma talebi <strong data-start=\"2342\" data-end=\"2365\"><a class=\"decorated-link cursor-pointer\" rel=\"noopener\" data-start=\"2344\" data-end=\"2363\">info@nilakademi.net<\/a><\/strong> adresine e-posta ile veya <strong data-start=\"2392\" data-end=\"2399\">KEP<\/strong> arac\u0131l\u0131\u011f\u0131yla iletilmelidir.<\/p>\n<p data-start=\"2429\" data-end=\"2572\">Canl\u0131 ders hizmetlerinde cayma hakk\u0131n\u0131n kullan\u0131lmas\u0131 halinde, kat\u0131l\u0131m sa\u011flanan ders saatine g\u00f6re iade tutar\u0131 a\u015fa\u011f\u0131daki form\u00fcle g\u00f6re hesaplan\u0131r:<\/p>\n<p data-start=\"2574\" data-end=\"2665\"><strong data-start=\"2574\" data-end=\"2665\">\u0130ade Tutar\u0131 = \u00dcr\u00fcn Bedeli &#8211; [(\u00dcr\u00fcn Bedeli \/ Toplam Ders Saati) x Kat\u0131l\u0131m Sa\u011flanan Saat]<\/strong><\/p>\n<p data-start=\"2667\" data-end=\"2732\">Cayma talebi onayland\u0131ktan sonra iade, <strong data-start=\"2706\" data-end=\"2723\">14 g\u00fcn i\u00e7inde<\/strong> yap\u0131l\u0131r.<\/p>\n<p><strong>MADDE 5 &#8211; K\u0130\u015e\u0130SEL VER\u0130LER\u0130N KORUNMASI <\/strong><\/p>\n<p>Al\u0131c\u0131n\u0131n ki\u015fisel verileri, <strong data-start=\"2812\" data-end=\"2832\">6698 say\u0131l\u0131 KVKK<\/strong> ve ilgili mevzuat kapsam\u0131nda i\u015flenir.<br data-start=\"2870\" data-end=\"2873\" \/>Ayr\u0131nt\u0131l\u0131 bilgi, <a class=\"decorated-link\" href=\"http:\/\/www.nilakademi.net\" target=\"_new\" rel=\"noopener\" data-start=\"2890\" data-end=\"2908\">www.nilakademi.net<\/a> adresinde yer alan <strong data-start=\"2928\" data-end=\"2953\">KVKK Ayd\u0131nlatma Metni<\/strong>\u2019nde bulunmaktad\u0131r.<\/p>\n<p><strong>MADDE 6 &#8211; \u015e\u0130K\u00c2YET VE UYU\u015eMAZLIK \u00c7\u00d6Z\u00dcM\u00dc<\/strong><\/p>\n<p>Al\u0131c\u0131, \u015fik\u00e2yet ve taleplerini <strong data-start=\"3056\" data-end=\"3079\"><a class=\"decorated-link cursor-pointer\" rel=\"noopener\" data-start=\"3058\" data-end=\"3077\">info@nilakademi.net<\/a><\/strong> adresine veya yukar\u0131da belirtilen ileti\u015fim kanallar\u0131na iletebilir.<br data-start=\"3146\" data-end=\"3149\" \/>Taraflar aras\u0131nda \u00e7\u0131kacak uyu\u015fmazl\u0131klarda, parasal s\u0131n\u0131ra g\u00f6re <strong data-start=\"3212\" data-end=\"3240\">T\u00fcketici Hakem Heyetleri<\/strong>, \u00fczerindeki uyu\u015fmazl\u0131klarda ise <strong data-start=\"3273\" data-end=\"3297\">T\u00fcketici Mahkemeleri<\/strong> yetkilidir.<\/p>\n<p><strong>MADDE 7 &#8211; Y\u00dcR\u00dcRL\u00dcK<\/strong><\/p>\n<p>\u0130\u015fbu s\u00f6zle\u015fme, al\u0131c\u0131n\u0131n elektronik ortamda onay vermesi ile y\u00fcr\u00fcrl\u00fc\u011fe girer.<\/p>\n<p data-start=\"3426\" data-end=\"3459\"><strong data-start=\"3429\" data-end=\"3459\">EK: \u00d6N B\u0130LG\u0130LEND\u0130RME FORMU<\/strong><\/p>\n<p data-start=\"3461\" data-end=\"3663\"><strong data-start=\"3461\" data-end=\"3481\">Sat\u0131c\u0131 Bilgileri<\/strong><br data-start=\"3481\" data-end=\"3484\" \/>Unvan: Nil Akademi E\u011fitim Dan\u0131\u015fmanl\u0131k<br data-start=\"3521\" data-end=\"3524\" \/>Adres: H\u00fcrriyet Mah. Dr. Cemil Beng\u00fc Cad. Mint Ofis No:4 Ka\u011f\u0131thane \/ \u0130stanbul<br data-start=\"3601\" data-end=\"3604\" \/>E-posta: <a class=\"decorated-link cursor-pointer\" rel=\"noopener\" data-start=\"3613\" data-end=\"3632\">info@nilakademi.net<\/a><br data-start=\"3632\" data-end=\"3635\" \/>Telefon: 0 (532) 130 55 36<\/p>\n<p data-start=\"3665\" data-end=\"3816\"><strong data-start=\"3665\" data-end=\"3685\">Hizmet Bilgileri<\/strong><br data-start=\"3685\" data-end=\"3688\" \/>\u00dcr\u00fcn\/Hizmet: [\u2022\u2022\u2022]<br data-start=\"3706\" data-end=\"3709\" \/>Eri\u015fim\/\u0130fa S\u00fcresi: [\u2022\u2022\u2022]<br data-start=\"3733\" data-end=\"3736\" \/>Toplam Bedel (KDV dahil): [\u2022\u2022\u2022] TL<br data-start=\"3770\" data-end=\"3773\" \/>\u00d6deme \u015eekli: [Kredi Kart\u0131 \/ Havale \/ EFT]<\/p>\n<p data-start=\"3818\" data-end=\"3835\"><strong data-start=\"3818\" data-end=\"3833\">Cayma Hakk\u0131<\/strong><\/p>\n<ul>\n<li data-start=\"3838\" data-end=\"3918\">Hizmete ba\u015flanmam\u0131\u015f olmas\u0131 ko\u015fuluyla 14 g\u00fcn i\u00e7inde cayma hakk\u0131 kullan\u0131labilir.<\/li>\n<li data-start=\"3921\" data-end=\"3988\">Cayma hakk\u0131 kullan\u0131m\u0131: <a class=\"decorated-link cursor-pointer\" rel=\"noopener\" data-start=\"3944\" data-end=\"3963\">info@nilakademi.net<\/a> veya KEP arac\u0131l\u0131\u011f\u0131yla.<\/li>\n<li data-start=\"3991\" data-end=\"4087\">Cayma hakk\u0131 bulunmayan durumlar: an\u0131nda ifa edilen dijital i\u00e7erikler ve ki\u015fiye \u00f6zel hizmetler.<\/li>\n<li data-start=\"4090\" data-end=\"4153\">Cayma talebi onayland\u0131\u011f\u0131nda bedel iadesi 14 g\u00fcn i\u00e7inde yap\u0131l\u0131r.<\/li>\n<\/ul>\n<p data-start=\"4155\" data-end=\"4285\"><strong data-start=\"4155\" data-end=\"4180\">\u015eik\u00e2yet ve Uyu\u015fmazl\u0131k<\/strong><br data-start=\"4180\" data-end=\"4183\" \/>\u015eik\u00e2yet kanal\u0131: <a class=\"decorated-link cursor-pointer\" rel=\"noopener\" data-start=\"4199\" data-end=\"4218\">info@nilakademi.net<\/a><br data-start=\"4218\" data-end=\"4221\" \/>Yetkili Merci: T\u00fcketici Hakem Heyetleri \/ T\u00fcketici Mahkemeleri<\/p>\n<p data-start=\"4287\" data-end=\"4361\"><strong data-start=\"4287\" data-end=\"4303\">Onay Kutusu:<\/strong><br data-start=\"4303\" data-end=\"4306\" \/>[ ] \u00d6n Bilgilendirme Formu\u2019nu okudum ve kabul ediyorum.<\/p>\n<p><span data-ccp-props=\"{&quot;335551550&quot;:6,&quot;335551620&quot;:6}\">\u00a0<\/span><\/p>\n\t\t\t\t\t\t\t\t<\/div>\n\t\t\t\t<\/div>\n\t\t\t\t\t<\/div>\n\t\t\t\t<\/div>\n\t\t\t\t<\/div>\n\t\t","protected":false},"excerpt":{"rendered":"<p>MESAFEL\u0130 SATI\u015e S\u00d6ZLE\u015eMES\u0130\u00a0 MADDE 1:TARAFLAR\u00a0 \u0130\u015fbu s\u00f6zle\u015fme, bir tarafta a\u015fa\u011f\u0131da bilgileri yer alan Sat\u0131c\u0131 (Hizmet Sa\u011flay\u0131c\u0131) ile di\u011fer tarafta Al\u0131c\u0131 (T\u00fcketici) aras\u0131nda, 6502 say\u0131l\u0131 T\u00fcketicinin Korunmas\u0131 Hakk\u0131nda Kanun ve Mesafeli S\u00f6zle\u015fmeler Y\u00f6netmeli\u011fi uyar\u0131nca elektronik ortamda kurulmu\u015ftur. SATICI B\u0130LG\u0130LER\u0130Unvan: Nil Akademi E\u011fitim Dan\u0131\u015fmanl\u0131kAdres: H\u00fcrriyet Mah. Dr. Cemil Beng\u00fc Cad. Mint Ofis No:4 Ka\u011f\u0131thane \/ \u0130stanbulE-posta: info@nilakademi.netTelefon: [&hellip;]<\/p>\n","protected":false},"author":1,"featured_media":0,"parent":0,"menu_order":0,"comment_status":"closed","ping_status":"closed","template":"","meta":{"nf_dc_page":"","footnotes":""},"class_list":["post-14298","page","type-page","status-publish","hentry"],"yoast_head":"<!-- This site is optimized with the Yoast SEO plugin v27.5 - https:\/\/yoast.com\/product\/yoast-seo-wordpress\/ -->\n<title>Mesafeli Sat\u0131\u015f S\u00f6zle\u015fmesi - Nil Akademi<\/title>\n<meta name=\"robots\" content=\"index, follow, max-snippet:-1, max-image-preview:large, max-video-preview:-1\" \/>\n<link rel=\"canonical\" href=\"https:\/\/nilakademi.net\/en\/mesafeli-satis-sozlesmesi\/\" \/>\n<meta property=\"og:locale\" content=\"en_US\" \/>\n<meta property=\"og:type\" content=\"article\" \/>\n<meta property=\"og:title\" content=\"Mesafeli Sat\u0131\u015f S\u00f6zle\u015fmesi - Nil Akademi\" \/>\n<meta property=\"og:description\" content=\"MESAFEL\u0130 SATI\u015e S\u00d6ZLE\u015eMES\u0130\u00a0 MADDE 1:TARAFLAR\u00a0 \u0130\u015fbu s\u00f6zle\u015fme, bir tarafta a\u015fa\u011f\u0131da bilgileri yer alan Sat\u0131c\u0131 (Hizmet Sa\u011flay\u0131c\u0131) ile di\u011fer tarafta Al\u0131c\u0131 (T\u00fcketici) aras\u0131nda, 6502 say\u0131l\u0131 T\u00fcketicinin Korunmas\u0131 Hakk\u0131nda Kanun ve Mesafeli S\u00f6zle\u015fmeler Y\u00f6netmeli\u011fi uyar\u0131nca elektronik ortamda kurulmu\u015ftur. SATICI B\u0130LG\u0130LER\u0130Unvan: Nil Akademi E\u011fitim Dan\u0131\u015fmanl\u0131kAdres: H\u00fcrriyet Mah. Dr. Cemil Beng\u00fc Cad. Mint Ofis No:4 Ka\u011f\u0131thane \/ \u0130stanbulE-posta: info@nilakademi.netTelefon: [&hellip;]\" \/>\n<meta property=\"og:url\" content=\"https:\/\/nilakademi.net\/en\/mesafeli-satis-sozlesmesi\/\" \/>\n<meta property=\"og:site_name\" content=\"Nil Akademi\" \/>\n<meta property=\"article:modified_time\" content=\"2025-10-19T18:40:28+00:00\" \/>\n<meta name=\"twitter:card\" content=\"summary_large_image\" \/>\n<meta name=\"twitter:label1\" content=\"Est. reading time\" \/>\n\t<meta name=\"twitter:data1\" content=\"3 minutes\" \/>\n<script type=\"application\/ld+json\" class=\"yoast-schema-graph\">{\"@context\":\"https:\\\/\\\/schema.org\",\"@graph\":[{\"@type\":\"WebPage\",\"@id\":\"https:\\\/\\\/nilakademi.net\\\/mesafeli-satis-sozlesmesi\\\/\",\"url\":\"https:\\\/\\\/nilakademi.net\\\/mesafeli-satis-sozlesmesi\\\/\",\"name\":\"Mesafeli Sat\u0131\u015f S\u00f6zle\u015fmesi - Nil Akademi\",\"isPartOf\":{\"@id\":\"https:\\\/\\\/nilakademi.net\\\/#website\"},\"datePublished\":\"2025-05-04T18:22:25+00:00\",\"dateModified\":\"2025-10-19T18:40:28+00:00\",\"breadcrumb\":{\"@id\":\"https:\\\/\\\/nilakademi.net\\\/mesafeli-satis-sozlesmesi\\\/#breadcrumb\"},\"inLanguage\":\"en-US\",\"potentialAction\":[{\"@type\":\"ReadAction\",\"target\":[\"https:\\\/\\\/nilakademi.net\\\/mesafeli-satis-sozlesmesi\\\/\"]}]},{\"@type\":\"BreadcrumbList\",\"@id\":\"https:\\\/\\\/nilakademi.net\\\/mesafeli-satis-sozlesmesi\\\/#breadcrumb\",\"itemListElement\":[{\"@type\":\"ListItem\",\"position\":1,\"name\":\"Anasayfa\",\"item\":\"https:\\\/\\\/nilakademi.net\\\/\"},{\"@type\":\"ListItem\",\"position\":2,\"name\":\"Mesafeli Sat\u0131\u015f S\u00f6zle\u015fmesi\"}]},{\"@type\":\"WebSite\",\"@id\":\"https:\\\/\\\/nilakademi.net\\\/#website\",\"url\":\"https:\\\/\\\/nilakademi.net\\\/\",\"name\":\"Nil Akademi\",\"description\":\"Uluslararas\u0131 Sertifikal\u0131 E\u011fitim ve Dan\u0131\u015fmanl\u0131k Merkezi\",\"publisher\":{\"@id\":\"https:\\\/\\\/nilakademi.net\\\/#organization\"},\"potentialAction\":[{\"@type\":\"SearchAction\",\"target\":{\"@type\":\"EntryPoint\",\"urlTemplate\":\"https:\\\/\\\/nilakademi.net\\\/?s={search_term_string}\"},\"query-input\":{\"@type\":\"PropertyValueSpecification\",\"valueRequired\":true,\"valueName\":\"search_term_string\"}}],\"inLanguage\":\"en-US\"},{\"@type\":\"Organization\",\"@id\":\"https:\\\/\\\/nilakademi.net\\\/#organization\",\"name\":\"Nil Akademi\",\"url\":\"https:\\\/\\\/nilakademi.net\\\/\",\"logo\":{\"@type\":\"ImageObject\",\"inLanguage\":\"en-US\",\"@id\":\"https:\\\/\\\/nilakademi.net\\\/#\\\/schema\\\/logo\\\/image\\\/\",\"url\":\"https:\\\/\\\/nilakademi.net\\\/wp-content\\\/uploads\\\/2025\\\/01\\\/Logo-web-1024x156.avif\",\"contentUrl\":\"https:\\\/\\\/nilakademi.net\\\/wp-content\\\/uploads\\\/2025\\\/01\\\/Logo-web-1024x156.avif\",\"width\":1031,\"height\":157,\"caption\":\"Nil Akademi\"},\"image\":{\"@id\":\"https:\\\/\\\/nilakademi.net\\\/#\\\/schema\\\/logo\\\/image\\\/\"},\"sameAs\":[\"https:\\\/\\\/www.instagram.com\\\/nilakademik\\\/\",\"https:\\\/\\\/www.linkedin.com\\\/company\\\/nil-akademi-uluslararas-sertifikal-eitim-ve-danmanlk\\\/about\\\/\"]}]}<\/script>\n<!-- \/ Yoast SEO plugin. -->","yoast_head_json":{"title":"Mesafeli Sat\u0131\u015f S\u00f6zle\u015fmesi - Nil Akademi","robots":{"index":"index","follow":"follow","max-snippet":"max-snippet:-1","max-image-preview":"max-image-preview:large","max-video-preview":"max-video-preview:-1"},"canonical":"https:\/\/nilakademi.net\/en\/mesafeli-satis-sozlesmesi\/","og_locale":"en_US","og_type":"article","og_title":"Mesafeli Sat\u0131\u015f S\u00f6zle\u015fmesi - Nil Akademi","og_description":"MESAFEL\u0130 SATI\u015e S\u00d6ZLE\u015eMES\u0130\u00a0 MADDE 1:TARAFLAR\u00a0 \u0130\u015fbu s\u00f6zle\u015fme, bir tarafta a\u015fa\u011f\u0131da bilgileri yer alan Sat\u0131c\u0131 (Hizmet Sa\u011flay\u0131c\u0131) ile di\u011fer tarafta Al\u0131c\u0131 (T\u00fcketici) aras\u0131nda, 6502 say\u0131l\u0131 T\u00fcketicinin Korunmas\u0131 Hakk\u0131nda Kanun ve Mesafeli S\u00f6zle\u015fmeler Y\u00f6netmeli\u011fi uyar\u0131nca elektronik ortamda kurulmu\u015ftur. SATICI B\u0130LG\u0130LER\u0130Unvan: Nil Akademi E\u011fitim Dan\u0131\u015fmanl\u0131kAdres: H\u00fcrriyet Mah. Dr. Cemil Beng\u00fc Cad. Mint Ofis No:4 Ka\u011f\u0131thane \/ \u0130stanbulE-posta: info@nilakademi.netTelefon: [&hellip;]","og_url":"https:\/\/nilakademi.net\/en\/mesafeli-satis-sozlesmesi\/","og_site_name":"Nil Akademi","article_modified_time":"2025-10-19T18:40:28+00:00","twitter_card":"summary_large_image","twitter_misc":{"Est. reading time":"3 minutes"},"schema":{"@context":"https:\/\/schema.org","@graph":[{"@type":"WebPage","@id":"https:\/\/nilakademi.net\/mesafeli-satis-sozlesmesi\/","url":"https:\/\/nilakademi.net\/mesafeli-satis-sozlesmesi\/","name":"Mesafeli Sat\u0131\u015f S\u00f6zle\u015fmesi - Nil Akademi","isPartOf":{"@id":"https:\/\/nilakademi.net\/#website"},"datePublished":"2025-05-04T18:22:25+00:00","dateModified":"2025-10-19T18:40:28+00:00","breadcrumb":{"@id":"https:\/\/nilakademi.net\/mesafeli-satis-sozlesmesi\/#breadcrumb"},"inLanguage":"en-US","potentialAction":[{"@type":"ReadAction","target":["https:\/\/nilakademi.net\/mesafeli-satis-sozlesmesi\/"]}]},{"@type":"BreadcrumbList","@id":"https:\/\/nilakademi.net\/mesafeli-satis-sozlesmesi\/#breadcrumb","itemListElement":[{"@type":"ListItem","position":1,"name":"Anasayfa","item":"https:\/\/nilakademi.net\/"},{"@type":"ListItem","position":2,"name":"Mesafeli Sat\u0131\u015f S\u00f6zle\u015fmesi"}]},{"@type":"WebSite","@id":"https:\/\/nilakademi.net\/#website","url":"https:\/\/nilakademi.net\/","name":"Nil Akademi","description":"Uluslararas\u0131 Sertifikal\u0131 E\u011fitim ve Dan\u0131\u015fmanl\u0131k Merkezi","publisher":{"@id":"https:\/\/nilakademi.net\/#organization"},"potentialAction":[{"@type":"SearchAction","target":{"@type":"EntryPoint","urlTemplate":"https:\/\/nilakademi.net\/?s={search_term_string}"},"query-input":{"@type":"PropertyValueSpecification","valueRequired":true,"valueName":"search_term_string"}}],"inLanguage":"en-US"},{"@type":"Organization","@id":"https:\/\/nilakademi.net\/#organization","name":"Nil Akademi","url":"https:\/\/nilakademi.net\/","logo":{"@type":"ImageObject","inLanguage":"en-US","@id":"https:\/\/nilakademi.net\/#\/schema\/logo\/image\/","url":"https:\/\/nilakademi.net\/wp-content\/uploads\/2025\/01\/Logo-web-1024x156.avif","contentUrl":"https:\/\/nilakademi.net\/wp-content\/uploads\/2025\/01\/Logo-web-1024x156.avif","width":1031,"height":157,"caption":"Nil Akademi"},"image":{"@id":"https:\/\/nilakademi.net\/#\/schema\/logo\/image\/"},"sameAs":["https:\/\/www.instagram.com\/nilakademik\/","https:\/\/www.linkedin.com\/company\/nil-akademi-uluslararas-sertifikal-eitim-ve-danmanlk\/about\/"]}]}},"jetpack_sharing_enabled":true,"_links":{"self":[{"href":"https:\/\/nilakademi.net\/en\/wp-json\/wp\/v2\/pages\/14298","targetHints":{"allow":["GET"]}}],"collection":[{"href":"https:\/\/nilakademi.net\/en\/wp-json\/wp\/v2\/pages"}],"about":[{"href":"https:\/\/nilakademi.net\/en\/wp-json\/wp\/v2\/types\/page"}],"author":[{"embeddable":true,"href":"https:\/\/nilakademi.net\/en\/wp-json\/wp\/v2\/users\/1"}],"replies":[{"embeddable":true,"href":"https:\/\/nilakademi.net\/en\/wp-json\/wp\/v2\/comments?post=14298"}],"version-history":[{"count":7,"href":"https:\/\/nilakademi.net\/en\/wp-json\/wp\/v2\/pages\/14298\/revisions"}],"predecessor-version":[{"id":15323,"href":"https:\/\/nilakademi.net\/en\/wp-json\/wp\/v2\/pages\/14298\/revisions\/15323"}],"wp:attachment":[{"href":"https:\/\/nilakademi.net\/en\/wp-json\/wp\/v2\/media?parent=14298"}],"curies":[{"name":"wp","href":"https:\/\/api.w.org\/{rel}","templated":true}]}}