{"id":14762,"date":"2025-08-08T17:52:08","date_gmt":"2025-08-08T20:52:08","guid":{"rendered":"https:\/\/nilakademi.net\/?page_id=14762"},"modified":"2025-08-11T17:08:39","modified_gmt":"2025-08-11T20:08:39","slug":"arastirma-ve-proje-danismanligi","status":"publish","type":"page","link":"https:\/\/nilakademi.net\/en\/arastirma-ve-proje-danismanligi\/","title":{"rendered":"Research and Project Consultancy"},"content":{"rendered":"<div data-elementor-type=\"wp-page\" data-elementor-id=\"14762\" class=\"elementor elementor-14762\">\n\t\t\t\t<div class=\"elementor-element elementor-element-623dbc8 e-flex e-con-boxed e-con e-parent\" data-id=\"623dbc8\" data-element_type=\"container\" data-e-type=\"container\">\n\t\t\t\t\t<div class=\"e-con-inner\">\n\t\t\t\t<div class=\"elementor-element elementor-element-702f24d elementor-widget elementor-widget-text-editor\" data-id=\"702f24d\" data-element_type=\"widget\" data-e-type=\"widget\" data-widget_type=\"text-editor.default\">\n\t\t\t\t<div class=\"elementor-widget-container\">\n\t\t\t\t\t\t\t\t\t<p data-start=\"132\" data-end=\"317\" class=\"translation-block\"><strong>N\u0130L AKADEM\u0130<\/strong> provides comprehensive research and project consultancy services to support your institution\u2019s success and sustainable development throughout the entire project lifecycle.<\/p>\n<p data-start=\"319\" data-end=\"668\">Our expert team offers tailored solutions at every stage from project idea generation, identifying funding sources, partnership building, and consortium formation, to application management and follow-up. We deliver detailed support in project management, monitoring, evaluation, and impact analysis to strengthen your institution\u2019s capacity.<\/p>\n<p data-start=\"670\" data-end=\"985\">Within this scope, we conduct strategic analyses and planning aligned with your institution\u2019s needs, offering innovative approaches that enhance project success. We collaborate with a wide range of organizations\u2014including public institutions, municipalities, NGOs, associations, and foundations\u2014providing expert support customized to each project.<\/p>\n\t\t\t\t\t\t\t\t<\/div>\n\t\t\t\t<\/div>\n\t\t\t\t\t<\/div>\n\t\t\t\t<\/div>\n\t\t<div class=\"elementor-element elementor-element-36951ac e-flex e-con-boxed e-con e-parent\" data-id=\"36951ac\" data-element_type=\"container\" data-e-type=\"container\">\n\t\t\t\t\t<div class=\"e-con-inner\">\n\t\t<div class=\"elementor-element elementor-element-662f111 e-con-full e-flex e-con e-child\" data-id=\"662f111\" data-element_type=\"container\" data-e-type=\"container\">\n\t\t\t\t<div class=\"elementor-element elementor-element-e20d59f elementor-widget elementor-widget-text-editor\" data-id=\"e20d59f\" data-element_type=\"widget\" data-e-type=\"widget\" data-widget_type=\"text-editor.default\">\n\t\t\t\t<div class=\"elementor-widget-container\">\n\t\t\t\t\t\t\t\t\t<h3>Research and Project Support<\/h3>\n<ul>\n<li>Research design<\/li>\n<li>Identifying the best project idea<\/li>\n<li>Determining the most suitable funding source<\/li>\n<li>Finding partners and forming consortia<\/li>\n<li>Managing application procedures<\/li>\n<li>Project management<\/li>\n<li>Monitoring and evaluation<\/li>\n<li>Data analysis<\/li>\n<li>Impact assessment and reporting<\/li>\n<\/ul>\n\t\t\t\t\t\t\t\t<\/div>\n\t\t\t\t<\/div>\n\t\t\t\t<\/div>\n\t\t<div class=\"elementor-element elementor-element-34b61ac e-con-full e-flex e-con e-child\" data-id=\"34b61ac\" data-element_type=\"container\" data-e-type=\"container\">\n\t\t\t\t<div class=\"elementor-element elementor-element-5833d5c elementor-widget elementor-widget-image\" data-id=\"5833d5c\" data-element_type=\"widget\" data-e-type=\"widget\" data-widget_type=\"image.default\">\n\t\t\t\t<div class=\"elementor-widget-container\">\n\t\t\t\t\t\t\t\t\t\t\t\t\t\t\t<img data-recalc-dims=\"1\" loading=\"lazy\" decoding=\"async\" width=\"1024\" height=\"684\" src=\"https:\/\/i0.wp.com\/nilakademi.net\/wp-content\/uploads\/2024\/12\/projeBG.jpg?resize=1024%2C684&#038;ssl=1\" class=\"attachment-large size-large wp-image-12650\" alt=\"\" srcset=\"https:\/\/nilakademi.net\/wp-content\/uploads\/2024\/12\/projeBG.avif 1024w, https:\/\/nilakademi.net\/wp-content\/uploads\/2024\/12\/projeBG.avif 300w, https:\/\/nilakademi.net\/wp-content\/uploads\/2024\/12\/projeBG.avif 768w, https:\/\/nilakademi.net\/wp-content\/uploads\/2024\/12\/projeBG.avif 1536w, https:\/\/nilakademi.net\/wp-content\/uploads\/2024\/12\/projeBG.avif 270w, https:\/\/nilakademi.net\/wp-content\/uploads\/2024\/12\/projeBG.avif 2000w\" sizes=\"auto, (max-width: 1024px) 100vw, 1024px\" \/>\t\t\t\t\t\t\t\t\t\t\t\t\t\t\t<\/div>\n\t\t\t\t<\/div>\n\t\t\t\t<\/div>\n\t\t\t\t\t<\/div>\n\t\t\t\t<\/div>\n\t\t\t\t<\/div>","protected":false},"excerpt":{"rendered":"<p>N\u0130L AKADEM\u0130, kurumlar\u0131n\u0131z\u0131n projelerinde ba\u015far\u0131ya ula\u015fmas\u0131 ve s\u00fcrd\u00fcr\u00fclebilir geli\u015fim sa\u011flamas\u0131 i\u00e7in ba\u015f\u0131ndan sonuna kadar kapsaml\u0131 ara\u015ft\u0131rma ve proje dan\u0131\u015fmanl\u0131k hizmetleri sunar. Uzman ekibimiz, proje fikrinin olu\u015fturulmas\u0131ndan fon kaynaklar\u0131n\u0131n belirlenmesine, ortak bulma ve konsorsiyum s\u00fcre\u00e7lerinden ba\u015fvuru takibine kadar t\u00fcm a\u015famalarda size \u00f6zel \u00e7\u00f6z\u00fcmler geli\u015ftirir. Projelerinizin y\u00f6netimi, izlenmesi, de\u011ferlendirilmesi ve etki analizlerine kadar detayl\u0131 destek vererek kurumunuzun [&hellip;]<\/p>\n","protected":false},"author":1,"featured_media":0,"parent":0,"menu_order":0,"comment_status":"closed","ping_status":"closed","template":"","meta":{"nf_dc_page":"","footnotes":""},"class_list":["post-14762","page","type-page","status-publish","hentry"],"yoast_head":"<!-- This site is optimized with the Yoast SEO plugin v27.5 - https:\/\/yoast.com\/product\/yoast-seo-wordpress\/ -->\n<title>Ara\u015ft\u0131rma ve Proje Dan\u0131\u015fmanl\u0131\u011f\u0131 - Nil Akademi<\/title>\n<meta name=\"description\" content=\"N\u0130L AKADEM\u0130, stratejik hedeflerinize ula\u015fman\u0131z\u0131 sa\u011flayan kurumsal dan\u0131\u015fmanl\u0131k ve \u00f6zel e\u011fitim \u00e7\u00f6z\u00fcmleri sunar. Verimlili\u011fi art\u0131rmak i\u00e7in bizimle ileti\u015fime ge\u00e7in!\" \/>\n<meta name=\"robots\" content=\"index, follow, max-snippet:-1, max-image-preview:large, max-video-preview:-1\" \/>\n<link rel=\"canonical\" href=\"https:\/\/nilakademi.net\/en\/arastirma-ve-proje-danismanligi\/\" \/>\n<meta property=\"og:locale\" content=\"en_US\" \/>\n<meta property=\"og:type\" content=\"article\" \/>\n<meta property=\"og:title\" content=\"Ara\u015ft\u0131rma ve Proje Dan\u0131\u015fmanl\u0131\u011f\u0131 - Nil Akademi\" \/>\n<meta property=\"og:description\" content=\"N\u0130L AKADEM\u0130, stratejik hedeflerinize ula\u015fman\u0131z\u0131 sa\u011flayan kurumsal dan\u0131\u015fmanl\u0131k ve \u00f6zel e\u011fitim \u00e7\u00f6z\u00fcmleri sunar. Verimlili\u011fi art\u0131rmak i\u00e7in bizimle ileti\u015fime ge\u00e7in!\" \/>\n<meta property=\"og:url\" content=\"https:\/\/nilakademi.net\/en\/arastirma-ve-proje-danismanligi\/\" \/>\n<meta property=\"og:site_name\" content=\"Nil Akademi\" \/>\n<meta property=\"article:modified_time\" content=\"2025-08-11T20:08:39+00:00\" \/>\n<meta property=\"og:image\" content=\"https:\/\/nilakademi.net\/wp-content\/uploads\/2024\/12\/projeBG-1024x684.jpg\" \/>\n<meta name=\"twitter:card\" content=\"summary_large_image\" \/>\n<meta name=\"twitter:label1\" content=\"Est. reading time\" \/>\n\t<meta name=\"twitter:data1\" content=\"2 minutes\" \/>\n<script type=\"application\/ld+json\" class=\"yoast-schema-graph\">{\"@context\":\"https:\\\/\\\/schema.org\",\"@graph\":[{\"@type\":\"WebPage\",\"@id\":\"https:\\\/\\\/nilakademi.net\\\/arastirma-ve-proje-danismanligi\\\/\",\"url\":\"https:\\\/\\\/nilakademi.net\\\/arastirma-ve-proje-danismanligi\\\/\",\"name\":\"Ara\u015ft\u0131rma ve Proje Dan\u0131\u015fmanl\u0131\u011f\u0131 - Nil Akademi\",\"isPartOf\":{\"@id\":\"https:\\\/\\\/nilakademi.net\\\/#website\"},\"primaryImageOfPage\":{\"@id\":\"https:\\\/\\\/nilakademi.net\\\/arastirma-ve-proje-danismanligi\\\/#primaryimage\"},\"image\":{\"@id\":\"https:\\\/\\\/nilakademi.net\\\/arastirma-ve-proje-danismanligi\\\/#primaryimage\"},\"thumbnailUrl\":\"https:\\\/\\\/nilakademi.net\\\/wp-content\\\/uploads\\\/2024\\\/12\\\/projeBG-1024x684.jpg\",\"datePublished\":\"2025-08-08T20:52:08+00:00\",\"dateModified\":\"2025-08-11T20:08:39+00:00\",\"description\":\"N\u0130L AKADEM\u0130, stratejik hedeflerinize ula\u015fman\u0131z\u0131 sa\u011flayan kurumsal dan\u0131\u015fmanl\u0131k ve \u00f6zel e\u011fitim \u00e7\u00f6z\u00fcmleri sunar. Verimlili\u011fi art\u0131rmak i\u00e7in bizimle ileti\u015fime ge\u00e7in!\",\"breadcrumb\":{\"@id\":\"https:\\\/\\\/nilakademi.net\\\/arastirma-ve-proje-danismanligi\\\/#breadcrumb\"},\"inLanguage\":\"en-US\",\"potentialAction\":[{\"@type\":\"ReadAction\",\"target\":[\"https:\\\/\\\/nilakademi.net\\\/arastirma-ve-proje-danismanligi\\\/\"]}]},{\"@type\":\"ImageObject\",\"inLanguage\":\"en-US\",\"@id\":\"https:\\\/\\\/nilakademi.net\\\/arastirma-ve-proje-danismanligi\\\/#primaryimage\",\"url\":\"https:\\\/\\\/nilakademi.net\\\/wp-content\\\/uploads\\\/2024\\\/12\\\/projeBG-1024x684.jpg\",\"contentUrl\":\"https:\\\/\\\/nilakademi.net\\\/wp-content\\\/uploads\\\/2024\\\/12\\\/projeBG-1024x684.jpg\"},{\"@type\":\"BreadcrumbList\",\"@id\":\"https:\\\/\\\/nilakademi.net\\\/arastirma-ve-proje-danismanligi\\\/#breadcrumb\",\"itemListElement\":[{\"@type\":\"ListItem\",\"position\":1,\"name\":\"Anasayfa\",\"item\":\"https:\\\/\\\/nilakademi.net\\\/\"},{\"@type\":\"ListItem\",\"position\":2,\"name\":\"Ara\u015ft\u0131rma ve Proje Dan\u0131\u015fmanl\u0131\u011f\u0131\"}]},{\"@type\":\"WebSite\",\"@id\":\"https:\\\/\\\/nilakademi.net\\\/#website\",\"url\":\"https:\\\/\\\/nilakademi.net\\\/\",\"name\":\"Nil Akademi\",\"description\":\"Uluslararas\u0131 Sertifikal\u0131 E\u011fitim ve Dan\u0131\u015fmanl\u0131k Merkezi\",\"publisher\":{\"@id\":\"https:\\\/\\\/nilakademi.net\\\/#organization\"},\"potentialAction\":[{\"@type\":\"SearchAction\",\"target\":{\"@type\":\"EntryPoint\",\"urlTemplate\":\"https:\\\/\\\/nilakademi.net\\\/?s={search_term_string}\"},\"query-input\":{\"@type\":\"PropertyValueSpecification\",\"valueRequired\":true,\"valueName\":\"search_term_string\"}}],\"inLanguage\":\"en-US\"},{\"@type\":\"Organization\",\"@id\":\"https:\\\/\\\/nilakademi.net\\\/#organization\",\"name\":\"Nil Akademi\",\"url\":\"https:\\\/\\\/nilakademi.net\\\/\",\"logo\":{\"@type\":\"ImageObject\",\"inLanguage\":\"en-US\",\"@id\":\"https:\\\/\\\/nilakademi.net\\\/#\\\/schema\\\/logo\\\/image\\\/\",\"url\":\"https:\\\/\\\/nilakademi.net\\\/wp-content\\\/uploads\\\/2025\\\/01\\\/Logo-web-1024x156.avif\",\"contentUrl\":\"https:\\\/\\\/nilakademi.net\\\/wp-content\\\/uploads\\\/2025\\\/01\\\/Logo-web-1024x156.avif\",\"width\":1031,\"height\":157,\"caption\":\"Nil Akademi\"},\"image\":{\"@id\":\"https:\\\/\\\/nilakademi.net\\\/#\\\/schema\\\/logo\\\/image\\\/\"},\"sameAs\":[\"https:\\\/\\\/www.instagram.com\\\/nilakademik\\\/\",\"https:\\\/\\\/www.linkedin.com\\\/company\\\/nil-akademi-uluslararas-sertifikal-eitim-ve-danmanlk\\\/about\\\/\"]}]}<\/script>\n<!-- \/ Yoast SEO plugin. -->","yoast_head_json":{"title":"Ara\u015ft\u0131rma ve Proje Dan\u0131\u015fmanl\u0131\u011f\u0131 - Nil Akademi","description":"N\u0130L AKADEM\u0130, stratejik hedeflerinize ula\u015fman\u0131z\u0131 sa\u011flayan kurumsal dan\u0131\u015fmanl\u0131k ve \u00f6zel e\u011fitim \u00e7\u00f6z\u00fcmleri sunar. Verimlili\u011fi art\u0131rmak i\u00e7in bizimle ileti\u015fime ge\u00e7in!","robots":{"index":"index","follow":"follow","max-snippet":"max-snippet:-1","max-image-preview":"max-image-preview:large","max-video-preview":"max-video-preview:-1"},"canonical":"https:\/\/nilakademi.net\/en\/arastirma-ve-proje-danismanligi\/","og_locale":"en_US","og_type":"article","og_title":"Ara\u015ft\u0131rma ve Proje Dan\u0131\u015fmanl\u0131\u011f\u0131 - Nil Akademi","og_description":"N\u0130L AKADEM\u0130, stratejik hedeflerinize ula\u015fman\u0131z\u0131 sa\u011flayan kurumsal dan\u0131\u015fmanl\u0131k ve \u00f6zel e\u011fitim \u00e7\u00f6z\u00fcmleri sunar. Verimlili\u011fi art\u0131rmak i\u00e7in bizimle ileti\u015fime ge\u00e7in!","og_url":"https:\/\/nilakademi.net\/en\/arastirma-ve-proje-danismanligi\/","og_site_name":"Nil Akademi","article_modified_time":"2025-08-11T20:08:39+00:00","og_image":[{"url":"https:\/\/nilakademi.net\/wp-content\/uploads\/2024\/12\/projeBG-1024x684.jpg","type":"","width":"","height":""}],"twitter_card":"summary_large_image","twitter_misc":{"Est. reading time":"2 minutes"},"schema":{"@context":"https:\/\/schema.org","@graph":[{"@type":"WebPage","@id":"https:\/\/nilakademi.net\/arastirma-ve-proje-danismanligi\/","url":"https:\/\/nilakademi.net\/arastirma-ve-proje-danismanligi\/","name":"Ara\u015ft\u0131rma ve Proje Dan\u0131\u015fmanl\u0131\u011f\u0131 - Nil Akademi","isPartOf":{"@id":"https:\/\/nilakademi.net\/#website"},"primaryImageOfPage":{"@id":"https:\/\/nilakademi.net\/arastirma-ve-proje-danismanligi\/#primaryimage"},"image":{"@id":"https:\/\/nilakademi.net\/arastirma-ve-proje-danismanligi\/#primaryimage"},"thumbnailUrl":"https:\/\/nilakademi.net\/wp-content\/uploads\/2024\/12\/projeBG-1024x684.jpg","datePublished":"2025-08-08T20:52:08+00:00","dateModified":"2025-08-11T20:08:39+00:00","description":"N\u0130L AKADEM\u0130, stratejik hedeflerinize ula\u015fman\u0131z\u0131 sa\u011flayan kurumsal dan\u0131\u015fmanl\u0131k ve \u00f6zel e\u011fitim \u00e7\u00f6z\u00fcmleri sunar. Verimlili\u011fi art\u0131rmak i\u00e7in bizimle ileti\u015fime ge\u00e7in!","breadcrumb":{"@id":"https:\/\/nilakademi.net\/arastirma-ve-proje-danismanligi\/#breadcrumb"},"inLanguage":"en-US","potentialAction":[{"@type":"ReadAction","target":["https:\/\/nilakademi.net\/arastirma-ve-proje-danismanligi\/"]}]},{"@type":"ImageObject","inLanguage":"en-US","@id":"https:\/\/nilakademi.net\/arastirma-ve-proje-danismanligi\/#primaryimage","url":"https:\/\/nilakademi.net\/wp-content\/uploads\/2024\/12\/projeBG-1024x684.jpg","contentUrl":"https:\/\/nilakademi.net\/wp-content\/uploads\/2024\/12\/projeBG-1024x684.jpg"},{"@type":"BreadcrumbList","@id":"https:\/\/nilakademi.net\/arastirma-ve-proje-danismanligi\/#breadcrumb","itemListElement":[{"@type":"ListItem","position":1,"name":"Anasayfa","item":"https:\/\/nilakademi.net\/"},{"@type":"ListItem","position":2,"name":"Ara\u015ft\u0131rma ve Proje Dan\u0131\u015fmanl\u0131\u011f\u0131"}]},{"@type":"WebSite","@id":"https:\/\/nilakademi.net\/#website","url":"https:\/\/nilakademi.net\/","name":"Nil Akademi","description":"Uluslararas\u0131 Sertifikal\u0131 E\u011fitim ve Dan\u0131\u015fmanl\u0131k Merkezi","publisher":{"@id":"https:\/\/nilakademi.net\/#organization"},"potentialAction":[{"@type":"SearchAction","target":{"@type":"EntryPoint","urlTemplate":"https:\/\/nilakademi.net\/?s={search_term_string}"},"query-input":{"@type":"PropertyValueSpecification","valueRequired":true,"valueName":"search_term_string"}}],"inLanguage":"en-US"},{"@type":"Organization","@id":"https:\/\/nilakademi.net\/#organization","name":"Nil Akademi","url":"https:\/\/nilakademi.net\/","logo":{"@type":"ImageObject","inLanguage":"en-US","@id":"https:\/\/nilakademi.net\/#\/schema\/logo\/image\/","url":"https:\/\/nilakademi.net\/wp-content\/uploads\/2025\/01\/Logo-web-1024x156.avif","contentUrl":"https:\/\/nilakademi.net\/wp-content\/uploads\/2025\/01\/Logo-web-1024x156.avif","width":1031,"height":157,"caption":"Nil Akademi"},"image":{"@id":"https:\/\/nilakademi.net\/#\/schema\/logo\/image\/"},"sameAs":["https:\/\/www.instagram.com\/nilakademik\/","https:\/\/www.linkedin.com\/company\/nil-akademi-uluslararas-sertifikal-eitim-ve-danmanlk\/about\/"]}]}},"jetpack_sharing_enabled":true,"_links":{"self":[{"href":"https:\/\/nilakademi.net\/en\/wp-json\/wp\/v2\/pages\/14762","targetHints":{"allow":["GET"]}}],"collection":[{"href":"https:\/\/nilakademi.net\/en\/wp-json\/wp\/v2\/pages"}],"about":[{"href":"https:\/\/nilakademi.net\/en\/wp-json\/wp\/v2\/types\/page"}],"author":[{"embeddable":true,"href":"https:\/\/nilakademi.net\/en\/wp-json\/wp\/v2\/users\/1"}],"replies":[{"embeddable":true,"href":"https:\/\/nilakademi.net\/en\/wp-json\/wp\/v2\/comments?post=14762"}],"version-history":[{"count":11,"href":"https:\/\/nilakademi.net\/en\/wp-json\/wp\/v2\/pages\/14762\/revisions"}],"predecessor-version":[{"id":14910,"href":"https:\/\/nilakademi.net\/en\/wp-json\/wp\/v2\/pages\/14762\/revisions\/14910"}],"wp:attachment":[{"href":"https:\/\/nilakademi.net\/en\/wp-json\/wp\/v2\/media?parent=14762"}],"curies":[{"name":"wp","href":"https:\/\/api.w.org\/{rel}","templated":true}]}}