{"id":14773,"date":"2025-08-08T18:03:36","date_gmt":"2025-08-08T21:03:36","guid":{"rendered":"https:\/\/nilakademi.net\/?page_id=14773"},"modified":"2025-10-04T16:50:05","modified_gmt":"2025-10-04T19:50:05","slug":"kurumsal-danismanlik","status":"publish","type":"page","link":"https:\/\/nilakademi.net\/en\/kurumsal-danismanlik\/","title":{"rendered":"Kurumsal Dan\u0131\u015fmanl\u0131k"},"content":{"rendered":"<div data-elementor-type=\"wp-page\" data-elementor-id=\"14773\" class=\"elementor elementor-14773\">\n\t\t\t\t<div class=\"elementor-element elementor-element-623dbc8 e-flex e-con-boxed e-con e-parent\" data-id=\"623dbc8\" data-element_type=\"container\" data-e-type=\"container\">\n\t\t\t\t\t<div class=\"e-con-inner\">\n\t\t\t\t<div class=\"elementor-element elementor-element-702f24d elementor-widget elementor-widget-text-editor\" data-id=\"702f24d\" data-element_type=\"widget\" data-e-type=\"widget\" data-widget_type=\"text-editor.default\">\n\t\t\t\t<div class=\"elementor-widget-container\">\n\t\t\t\t\t\t\t\t\t<p data-pm-slice=\"1 1 []\" class=\"translation-block\"><strong data-start=\"363\" data-end=\"378\">N\u0130L AKADEM\u0130<\/strong> offers comprehensive corporate and in-service training solutions designed to elevate organizational performance and foster sustainable growth. Our approach focuses on identifying your institution\u2019s unique needs and crafting customized training programs that enhance skills, boost engagement, and align perfectly with your strategic objectives.<\/p>\n<p data-pm-slice=\"1 1 []\">In addition to tailored training, we support transparent and effective corporate reporting practices, empowering organizations to communicate their financial, managerial, and sustainability achievements clearly to stakeholders. Through expert guidance in both training and reporting, NIL ACADEMY helps institutions build trust, improve operational efficiency, and secure long-term success in an ever-evolving business environment.<\/p>\n\t\t\t\t\t\t\t\t<\/div>\n\t\t\t\t<\/div>\n\t\t\t\t\t<\/div>\n\t\t\t\t<\/div>\n\t\t<div class=\"elementor-element elementor-element-d349ba1 e-flex e-con-boxed e-con e-parent\" data-id=\"d349ba1\" data-element_type=\"container\" data-e-type=\"container\">\n\t\t\t\t\t<div class=\"e-con-inner\">\n\t\t<div class=\"elementor-element elementor-element-f3d423a e-con-full e-flex e-con e-child\" data-id=\"f3d423a\" data-element_type=\"container\" data-e-type=\"container\">\n\t\t\t\t<div class=\"elementor-element elementor-element-b3e13a7 elementor-widget elementor-widget-image\" data-id=\"b3e13a7\" data-element_type=\"widget\" data-e-type=\"widget\" data-widget_type=\"image.default\">\n\t\t\t\t<div class=\"elementor-widget-container\">\n\t\t\t\t\t\t\t\t\t\t\t\t\t\t\t<img loading=\"lazy\" decoding=\"async\" width=\"800\" height=\"488\" src=\"https:\/\/nilakademi.net\/wp-content\/uploads\/2025\/08\/kurumsal-egitimler2.avif\" class=\"attachment-large size-large wp-image-14780 not-transparent\" alt=\"\" srcset=\"https:\/\/nilakademi.net\/wp-content\/uploads\/2025\/08\/kurumsal-egitimler2.avif 800w, https:\/\/nilakademi.net\/wp-content\/uploads\/2025\/08\/kurumsal-egitimler2-300x183.avif 300w, https:\/\/nilakademi.net\/wp-content\/uploads\/2025\/08\/kurumsal-egitimler2-768x468.avif 768w, https:\/\/nilakademi.net\/wp-content\/uploads\/2025\/08\/kurumsal-egitimler2-18x12.avif 18w, https:\/\/nilakademi.net\/wp-content\/uploads\/2025\/08\/kurumsal-egitimler2-600x366.avif 600w\" sizes=\"auto, (max-width: 800px) 100vw, 800px\" data-has-transparency=\"false\" data-dominant-color=\"908d83\" style=\"--dominant-color: #908d83\" \/>\t\t\t\t\t\t\t\t\t\t\t\t\t\t\t<\/div>\n\t\t\t\t<\/div>\n\t\t\t\t<\/div>\n\t\t<div class=\"elementor-element elementor-element-b671dd2 e-con-full e-flex e-con e-child\" data-id=\"b671dd2\" data-element_type=\"container\" data-e-type=\"container\">\n\t\t\t\t<div class=\"elementor-element elementor-element-6929d2b elementor-widget elementor-widget-heading\" data-id=\"6929d2b\" data-element_type=\"widget\" data-e-type=\"widget\" data-widget_type=\"heading.default\">\n\t\t\t\t<div class=\"elementor-widget-container\">\n\t\t\t\t\t<h1 class=\"elementor-heading-title elementor-size-default\">Corporate \/ In-Service Training Designs<\/h1>\t\t\t\t<\/div>\n\t\t\t\t<\/div>\n\t\t\t\t<div class=\"elementor-element elementor-element-16e16c0 elementor-widget elementor-widget-text-editor\" data-id=\"16e16c0\" data-element_type=\"widget\" data-e-type=\"widget\" data-widget_type=\"text-editor.default\">\n\t\t\t\t<div class=\"elementor-widget-container\">\n\t\t\t\t\t\t\t\t\t<p>We identify your institution\u2019s most effective training needs and design tailored programs to increase corporate capacity.<\/p>\n\t\t\t\t\t\t\t\t<\/div>\n\t\t\t\t<\/div>\n\t\t\t\t<\/div>\n\t\t<div class=\"elementor-element elementor-element-153bf2a e-con-full e-flex e-con e-child\" data-id=\"153bf2a\" data-element_type=\"container\" data-e-type=\"container\">\n\t\t\t\t<div class=\"elementor-element elementor-element-dbe9781 elementor-widget elementor-widget-heading\" data-id=\"dbe9781\" data-element_type=\"widget\" data-e-type=\"widget\" data-widget_type=\"heading.default\">\n\t\t\t\t<div class=\"elementor-widget-container\">\n\t\t\t\t\t<h2 class=\"elementor-heading-title elementor-size-default\">Tailor-Made Trainings<\/h2>\t\t\t\t<\/div>\n\t\t\t\t<\/div>\n\t\t\t\t<div class=\"elementor-element elementor-element-756a711 elementor-widget elementor-widget-text-editor\" data-id=\"756a711\" data-element_type=\"widget\" data-e-type=\"widget\" data-widget_type=\"text-editor.default\">\n\t\t\t\t<div class=\"elementor-widget-container\">\n\t\t\t\t\t\t\t\t\t<p>Custom-Designed Trainings are fully tailored programs created to address the specific needs of your organization or individual participants, focusing on defined goals and objectives. Unlike standard training courses, they are shaped according to participants\u2019 learning styles and business targets, ensuring a more effective and engaging learning experience.<\/p>\n\t\t\t\t\t\t\t\t<\/div>\n\t\t\t\t<\/div>\n\t\t\t\t<\/div>\n\t\t<div class=\"elementor-element elementor-element-11a7f16 e-con-full e-flex e-con e-child\" data-id=\"11a7f16\" data-element_type=\"container\" data-e-type=\"container\">\n\t\t\t\t<div class=\"elementor-element elementor-element-4c76598 elementor-widget elementor-widget-image\" data-id=\"4c76598\" data-element_type=\"widget\" data-e-type=\"widget\" data-widget_type=\"image.default\">\n\t\t\t\t<div class=\"elementor-widget-container\">\n\t\t\t\t\t\t\t\t\t\t\t\t\t\t\t<img loading=\"lazy\" decoding=\"async\" width=\"800\" height=\"488\" src=\"https:\/\/nilakademi.net\/wp-content\/uploads\/2025\/08\/kurumsal-egitimler4.avif\" class=\"attachment-large size-large wp-image-14775 not-transparent\" alt=\"\" srcset=\"https:\/\/nilakademi.net\/wp-content\/uploads\/2025\/08\/kurumsal-egitimler4.avif 800w, https:\/\/nilakademi.net\/wp-content\/uploads\/2025\/08\/kurumsal-egitimler4-300x183.avif 300w, https:\/\/nilakademi.net\/wp-content\/uploads\/2025\/08\/kurumsal-egitimler4-768x468.avif 768w, https:\/\/nilakademi.net\/wp-content\/uploads\/2025\/08\/kurumsal-egitimler4-18x12.avif 18w, https:\/\/nilakademi.net\/wp-content\/uploads\/2025\/08\/kurumsal-egitimler4-600x366.avif 600w\" sizes=\"auto, (max-width: 800px) 100vw, 800px\" data-has-transparency=\"false\" data-dominant-color=\"94868b\" style=\"--dominant-color: #94868b\" \/>\t\t\t\t\t\t\t\t\t\t\t\t\t\t\t<\/div>\n\t\t\t\t<\/div>\n\t\t\t\t<\/div>\n\t\t\t\t\t<\/div>\n\t\t\t\t<\/div>\n\t\t<div class=\"elementor-element elementor-element-e15f8f5 e-flex e-con-boxed e-con e-parent\" data-id=\"e15f8f5\" data-element_type=\"container\" data-e-type=\"container\">\n\t\t\t\t\t<div class=\"e-con-inner\">\n\t\t\t\t<div class=\"elementor-element elementor-element-d9e3e3d elementor-widget elementor-widget-heading\" data-id=\"d9e3e3d\" data-element_type=\"widget\" data-e-type=\"widget\" data-widget_type=\"heading.default\">\n\t\t\t\t<div class=\"elementor-widget-container\">\n\t\t\t\t\t<h3 class=\"elementor-heading-title elementor-size-default\">What Are the Advantages of Custom-Designed Training?<\/h3>\t\t\t\t<\/div>\n\t\t\t\t<\/div>\n\t\t\t\t<div class=\"elementor-element elementor-element-2dd5428 elementor-widget elementor-widget-text-editor\" data-id=\"2dd5428\" data-element_type=\"widget\" data-e-type=\"widget\" data-widget_type=\"text-editor.default\">\n\t\t\t\t<div class=\"elementor-widget-container\">\n\t\t\t\t\t\t\t\t\t<p data-start=\"1659\" data-end=\"1970\">Customized training programs for individuals and organizations offer distinct advantages compared to standard programs. These trainings are tailored to your personal learning goals and help you identify exactly what is needed to achieve them.<\/p>\n<p data-start=\"1972\" data-end=\"2026\"><strong>Some advantages of our custom-designed training programs include:<\/strong><\/p>\n<p data-start=\"2028\" data-end=\"2260\"><strong data-start=\"2028\" data-end=\"2043\">Efficient:<\/strong> Customized training programs are more efficient and effective, as they are designed to meet participants\u2019 specific needs and tailored to align with targeted learning goals for skill development.<\/p>\n<p data-start=\"2262\" data-end=\"2419\" class=\"translation-block\"><strong>Higher participation:<\/strong> Custom-designed trainings match participants' learning goals and needs, thereby increasing participation and motivation.<\/p>\n<p data-start=\"2421\" data-end=\"2657\" class=\"translation-block\"><strong>Flexible:<\/strong>Custom-designed training is flexible. It can be tailored to your staff\u2019s schedule and availability, and delivered either in-house or online. The customized training content and learning preferences can also be adapted.<\/p>\n<p data-start=\"2659\" data-end=\"2795\">In short, custom-designed trainings provide a more effective learning experience, better performance, and higher participant satisfaction.<\/p>\n\t\t\t\t\t\t\t\t<\/div>\n\t\t\t\t<\/div>\n\t\t\t\t\t<\/div>\n\t\t\t\t<\/div>\n\t\t<div class=\"elementor-element elementor-element-7aae441 e-flex e-con-boxed e-con e-parent\" data-id=\"7aae441\" data-element_type=\"container\" data-e-type=\"container\">\n\t\t\t\t\t<div class=\"e-con-inner\">\n\t\t<div class=\"elementor-element elementor-element-5eb2643 e-con-full e-flex e-con e-child\" data-id=\"5eb2643\" data-element_type=\"container\" data-e-type=\"container\">\n\t\t\t\t<div class=\"elementor-element elementor-element-38d4c99 elementor-widget elementor-widget-image\" data-id=\"38d4c99\" data-element_type=\"widget\" data-e-type=\"widget\" data-widget_type=\"image.default\">\n\t\t\t\t<div class=\"elementor-widget-container\">\n\t\t\t\t\t\t\t\t\t\t\t\t\t\t\t<img loading=\"lazy\" decoding=\"async\" width=\"800\" height=\"488\" src=\"https:\/\/nilakademi.net\/wp-content\/uploads\/2025\/08\/kurumsal-egitimler3.avif\" class=\"attachment-large size-large wp-image-14789 not-transparent\" alt=\"\" srcset=\"https:\/\/nilakademi.net\/wp-content\/uploads\/2025\/08\/kurumsal-egitimler3.avif 800w, https:\/\/nilakademi.net\/wp-content\/uploads\/2025\/08\/kurumsal-egitimler3-300x183.avif 300w, https:\/\/nilakademi.net\/wp-content\/uploads\/2025\/08\/kurumsal-egitimler3-768x468.avif 768w, https:\/\/nilakademi.net\/wp-content\/uploads\/2025\/08\/kurumsal-egitimler3-18x12.avif 18w, https:\/\/nilakademi.net\/wp-content\/uploads\/2025\/08\/kurumsal-egitimler3-600x366.avif 600w\" sizes=\"auto, (max-width: 800px) 100vw, 800px\" data-has-transparency=\"false\" data-dominant-color=\"a9a4a3\" style=\"--dominant-color: #a9a4a3\" \/>\t\t\t\t\t\t\t\t\t\t\t\t\t\t\t<\/div>\n\t\t\t\t<\/div>\n\t\t\t\t<\/div>\n\t\t<div class=\"elementor-element elementor-element-c3c8ebc e-con-full e-flex e-con e-child\" data-id=\"c3c8ebc\" data-element_type=\"container\" data-e-type=\"container\">\n\t\t\t\t<div class=\"elementor-element elementor-element-d8f41a8 elementor-widget elementor-widget-heading\" data-id=\"d8f41a8\" data-element_type=\"widget\" data-e-type=\"widget\" data-widget_type=\"heading.default\">\n\t\t\t\t<div class=\"elementor-widget-container\">\n\t\t\t\t\t<h3 class=\"elementor-heading-title elementor-size-default\">Sustainability and Corporate Reporting<\/h3>\t\t\t\t<\/div>\n\t\t\t\t<\/div>\n\t\t\t\t<div class=\"elementor-element elementor-element-b510df9 elementor-widget elementor-widget-text-editor\" data-id=\"b510df9\" data-element_type=\"widget\" data-e-type=\"widget\" data-widget_type=\"text-editor.default\">\n\t\t\t\t<div class=\"elementor-widget-container\">\n\t\t\t\t\t\t\t\t\t<p>Corporate reporting is a systematic process that enables organizations to transparently present their financial, managerial, and sustainability performance to stakeholders. It plays a vital role in helping companies build trust with stakeholders, attract investor interest, and support long-term strategic planning.<\/p>\n<p class=\"translation-block\">Nil Academy provides consultancy services such as <strong>food safety auditing and reporting, ISO 14064 carbon footprint calculation and reporting, sustainability reporting<\/strong>, and <strong>Hospital HAAP quality system implementation<\/strong> to help organizations effectively manage these processes using the right methodologies.<\/p>\n<p>We help companies build trust, increase investor interest, and achieve long-term growth. Through accurate reporting and evaluation methods, we support organizations in enhancing their market value.<\/p>\n<p class=\"translation-block\"><strong>Our solution partner:<\/strong> <a href=\"https:\/\/www.ecoventra.com\/\" target=\"_self\">ECOVENTRA<\/a> \u2013 our partner in sustainability reporting.<\/p>\n\t\t\t\t\t\t\t\t<\/div>\n\t\t\t\t<\/div>\n\t\t\t\t<\/div>\n\t\t\t\t\t<\/div>\n\t\t\t\t<\/div>\n\t\t\t\t<\/div>","protected":false},"excerpt":{"rendered":"<p>N\u0130L AKADEM\u0130, kurumsal performans\u0131 y\u00fckseltmek ve s\u00fcrd\u00fcr\u00fclebilir b\u00fcy\u00fcmeyi desteklemek amac\u0131yla kapsaml\u0131 kurumsal ve hizmet i\u00e7i e\u011fitim \u00e7\u00f6z\u00fcmleri sunar. Yakla\u015f\u0131m\u0131m\u0131z, kurumunuzun benzersiz ihtiya\u00e7lar\u0131n\u0131 belirleyerek becerileri geli\u015ftiren, kat\u0131l\u0131m\u0131 art\u0131ran ve stratejik hedeflerinizle tamamen uyumlu \u00f6zel e\u011fitim programlar\u0131 tasarlamaya odaklan\u0131r. \u00d6zelle\u015ftirilmi\u015f e\u011fitimlerin yan\u0131 s\u0131ra, finansal, y\u00f6netsel ve s\u00fcrd\u00fcr\u00fclebilirlik ba\u015far\u0131lar\u0131n\u0131n payda\u015flara \u015feffaf ve etkili \u015fekilde iletilmesini sa\u011flayan kurumsal raporlama [&hellip;]<\/p>\n","protected":false},"author":1,"featured_media":0,"parent":0,"menu_order":0,"comment_status":"closed","ping_status":"closed","template":"","meta":{"nf_dc_page":"","footnotes":""},"class_list":["post-14773","page","type-page","status-publish","hentry"],"yoast_head":"<!-- This site is optimized with the Yoast SEO plugin v27.5 - https:\/\/yoast.com\/product\/yoast-seo-wordpress\/ -->\n<title>Kurumsal Dan\u0131\u015fmanl\u0131k - Nil Akademi<\/title>\n<meta name=\"description\" content=\"N\u0130L AKADEM\u0130, stratejik hedeflerinize ula\u015fman\u0131z\u0131 sa\u011flayan kurumsal dan\u0131\u015fmanl\u0131k ve \u00f6zel e\u011fitim \u00e7\u00f6z\u00fcmleri sunar. Verimlili\u011fi art\u0131rmak i\u00e7in bizimle ileti\u015fime ge\u00e7in!\" \/>\n<meta name=\"robots\" content=\"index, follow, max-snippet:-1, max-image-preview:large, max-video-preview:-1\" \/>\n<link rel=\"canonical\" href=\"https:\/\/nilakademi.net\/en\/kurumsal-danismanlik\/\" \/>\n<meta property=\"og:locale\" content=\"en_US\" \/>\n<meta property=\"og:type\" content=\"article\" \/>\n<meta property=\"og:title\" content=\"Kurumsal Dan\u0131\u015fmanl\u0131k - Nil Akademi\" \/>\n<meta property=\"og:description\" content=\"N\u0130L AKADEM\u0130, stratejik hedeflerinize ula\u015fman\u0131z\u0131 sa\u011flayan kurumsal dan\u0131\u015fmanl\u0131k ve \u00f6zel e\u011fitim \u00e7\u00f6z\u00fcmleri sunar. Verimlili\u011fi art\u0131rmak i\u00e7in bizimle ileti\u015fime ge\u00e7in!\" \/>\n<meta property=\"og:url\" content=\"https:\/\/nilakademi.net\/en\/kurumsal-danismanlik\/\" \/>\n<meta property=\"og:site_name\" content=\"Nil Akademi\" \/>\n<meta property=\"article:modified_time\" content=\"2025-10-04T19:50:05+00:00\" \/>\n<meta property=\"og:image\" content=\"https:\/\/nilakademi.net\/wp-content\/uploads\/2025\/08\/kurumsal-egitimler2.avif\" \/>\n\t<meta property=\"og:image:width\" content=\"800\" \/>\n\t<meta property=\"og:image:height\" content=\"488\" \/>\n\t<meta property=\"og:image:type\" content=\"image\/jpeg\" \/>\n<meta name=\"twitter:card\" content=\"summary_large_image\" \/>\n<meta name=\"twitter:label1\" content=\"Est. reading time\" \/>\n\t<meta name=\"twitter:data1\" content=\"3 minutes\" \/>\n<script type=\"application\/ld+json\" class=\"yoast-schema-graph\">{\"@context\":\"https:\\\/\\\/schema.org\",\"@graph\":[{\"@type\":\"WebPage\",\"@id\":\"https:\\\/\\\/nilakademi.net\\\/kurumsal-danismanlik\\\/\",\"url\":\"https:\\\/\\\/nilakademi.net\\\/kurumsal-danismanlik\\\/\",\"name\":\"Kurumsal Dan\u0131\u015fmanl\u0131k - Nil Akademi\",\"isPartOf\":{\"@id\":\"https:\\\/\\\/nilakademi.net\\\/#website\"},\"primaryImageOfPage\":{\"@id\":\"https:\\\/\\\/nilakademi.net\\\/kurumsal-danismanlik\\\/#primaryimage\"},\"image\":{\"@id\":\"https:\\\/\\\/nilakademi.net\\\/kurumsal-danismanlik\\\/#primaryimage\"},\"thumbnailUrl\":\"https:\\\/\\\/nilakademi.net\\\/wp-content\\\/uploads\\\/2025\\\/08\\\/kurumsal-egitimler2.avif\",\"datePublished\":\"2025-08-08T21:03:36+00:00\",\"dateModified\":\"2025-10-04T19:50:05+00:00\",\"description\":\"N\u0130L AKADEM\u0130, stratejik hedeflerinize ula\u015fman\u0131z\u0131 sa\u011flayan kurumsal dan\u0131\u015fmanl\u0131k ve \u00f6zel e\u011fitim \u00e7\u00f6z\u00fcmleri sunar. Verimlili\u011fi art\u0131rmak i\u00e7in bizimle ileti\u015fime ge\u00e7in!\",\"breadcrumb\":{\"@id\":\"https:\\\/\\\/nilakademi.net\\\/kurumsal-danismanlik\\\/#breadcrumb\"},\"inLanguage\":\"en-US\",\"potentialAction\":[{\"@type\":\"ReadAction\",\"target\":[\"https:\\\/\\\/nilakademi.net\\\/kurumsal-danismanlik\\\/\"]}]},{\"@type\":\"ImageObject\",\"inLanguage\":\"en-US\",\"@id\":\"https:\\\/\\\/nilakademi.net\\\/kurumsal-danismanlik\\\/#primaryimage\",\"url\":\"https:\\\/\\\/nilakademi.net\\\/wp-content\\\/uploads\\\/2025\\\/08\\\/kurumsal-egitimler2.avif\",\"contentUrl\":\"https:\\\/\\\/nilakademi.net\\\/wp-content\\\/uploads\\\/2025\\\/08\\\/kurumsal-egitimler2.avif\"},{\"@type\":\"BreadcrumbList\",\"@id\":\"https:\\\/\\\/nilakademi.net\\\/kurumsal-danismanlik\\\/#breadcrumb\",\"itemListElement\":[{\"@type\":\"ListItem\",\"position\":1,\"name\":\"Anasayfa\",\"item\":\"https:\\\/\\\/nilakademi.net\\\/\"},{\"@type\":\"ListItem\",\"position\":2,\"name\":\"Kurumsal Dan\u0131\u015fmanl\u0131k\"}]},{\"@type\":\"WebSite\",\"@id\":\"https:\\\/\\\/nilakademi.net\\\/#website\",\"url\":\"https:\\\/\\\/nilakademi.net\\\/\",\"name\":\"Nil Akademi\",\"description\":\"Uluslararas\u0131 Sertifikal\u0131 E\u011fitim ve Dan\u0131\u015fmanl\u0131k Merkezi\",\"publisher\":{\"@id\":\"https:\\\/\\\/nilakademi.net\\\/#organization\"},\"potentialAction\":[{\"@type\":\"SearchAction\",\"target\":{\"@type\":\"EntryPoint\",\"urlTemplate\":\"https:\\\/\\\/nilakademi.net\\\/?s={search_term_string}\"},\"query-input\":{\"@type\":\"PropertyValueSpecification\",\"valueRequired\":true,\"valueName\":\"search_term_string\"}}],\"inLanguage\":\"en-US\"},{\"@type\":\"Organization\",\"@id\":\"https:\\\/\\\/nilakademi.net\\\/#organization\",\"name\":\"Nil Akademi\",\"url\":\"https:\\\/\\\/nilakademi.net\\\/\",\"logo\":{\"@type\":\"ImageObject\",\"inLanguage\":\"en-US\",\"@id\":\"https:\\\/\\\/nilakademi.net\\\/#\\\/schema\\\/logo\\\/image\\\/\",\"url\":\"https:\\\/\\\/nilakademi.net\\\/wp-content\\\/uploads\\\/2025\\\/01\\\/Logo-web-1024x156.avif\",\"contentUrl\":\"https:\\\/\\\/nilakademi.net\\\/wp-content\\\/uploads\\\/2025\\\/01\\\/Logo-web-1024x156.avif\",\"width\":1031,\"height\":157,\"caption\":\"Nil Akademi\"},\"image\":{\"@id\":\"https:\\\/\\\/nilakademi.net\\\/#\\\/schema\\\/logo\\\/image\\\/\"},\"sameAs\":[\"https:\\\/\\\/www.instagram.com\\\/nilakademik\\\/\",\"https:\\\/\\\/www.linkedin.com\\\/company\\\/nil-akademi-uluslararas-sertifikal-eitim-ve-danmanlk\\\/about\\\/\"]}]}<\/script>\n<!-- \/ Yoast SEO plugin. -->","yoast_head_json":{"title":"Kurumsal Dan\u0131\u015fmanl\u0131k - Nil Akademi","description":"N\u0130L AKADEM\u0130, stratejik hedeflerinize ula\u015fman\u0131z\u0131 sa\u011flayan kurumsal dan\u0131\u015fmanl\u0131k ve \u00f6zel e\u011fitim \u00e7\u00f6z\u00fcmleri sunar. Verimlili\u011fi art\u0131rmak i\u00e7in bizimle ileti\u015fime ge\u00e7in!","robots":{"index":"index","follow":"follow","max-snippet":"max-snippet:-1","max-image-preview":"max-image-preview:large","max-video-preview":"max-video-preview:-1"},"canonical":"https:\/\/nilakademi.net\/en\/kurumsal-danismanlik\/","og_locale":"en_US","og_type":"article","og_title":"Kurumsal Dan\u0131\u015fmanl\u0131k - Nil Akademi","og_description":"N\u0130L AKADEM\u0130, stratejik hedeflerinize ula\u015fman\u0131z\u0131 sa\u011flayan kurumsal dan\u0131\u015fmanl\u0131k ve \u00f6zel e\u011fitim \u00e7\u00f6z\u00fcmleri sunar. Verimlili\u011fi art\u0131rmak i\u00e7in bizimle ileti\u015fime ge\u00e7in!","og_url":"https:\/\/nilakademi.net\/en\/kurumsal-danismanlik\/","og_site_name":"Nil Akademi","article_modified_time":"2025-10-04T19:50:05+00:00","og_image":[{"width":800,"height":488,"url":"https:\/\/nilakademi.net\/wp-content\/uploads\/2025\/08\/kurumsal-egitimler2.avif","type":"image\/jpeg"}],"twitter_card":"summary_large_image","twitter_misc":{"Est. reading time":"3 minutes"},"schema":{"@context":"https:\/\/schema.org","@graph":[{"@type":"WebPage","@id":"https:\/\/nilakademi.net\/kurumsal-danismanlik\/","url":"https:\/\/nilakademi.net\/kurumsal-danismanlik\/","name":"Kurumsal Dan\u0131\u015fmanl\u0131k - Nil Akademi","isPartOf":{"@id":"https:\/\/nilakademi.net\/#website"},"primaryImageOfPage":{"@id":"https:\/\/nilakademi.net\/kurumsal-danismanlik\/#primaryimage"},"image":{"@id":"https:\/\/nilakademi.net\/kurumsal-danismanlik\/#primaryimage"},"thumbnailUrl":"https:\/\/nilakademi.net\/wp-content\/uploads\/2025\/08\/kurumsal-egitimler2.avif","datePublished":"2025-08-08T21:03:36+00:00","dateModified":"2025-10-04T19:50:05+00:00","description":"N\u0130L AKADEM\u0130, stratejik hedeflerinize ula\u015fman\u0131z\u0131 sa\u011flayan kurumsal dan\u0131\u015fmanl\u0131k ve \u00f6zel e\u011fitim \u00e7\u00f6z\u00fcmleri sunar. Verimlili\u011fi art\u0131rmak i\u00e7in bizimle ileti\u015fime ge\u00e7in!","breadcrumb":{"@id":"https:\/\/nilakademi.net\/kurumsal-danismanlik\/#breadcrumb"},"inLanguage":"en-US","potentialAction":[{"@type":"ReadAction","target":["https:\/\/nilakademi.net\/kurumsal-danismanlik\/"]}]},{"@type":"ImageObject","inLanguage":"en-US","@id":"https:\/\/nilakademi.net\/kurumsal-danismanlik\/#primaryimage","url":"https:\/\/nilakademi.net\/wp-content\/uploads\/2025\/08\/kurumsal-egitimler2.avif","contentUrl":"https:\/\/nilakademi.net\/wp-content\/uploads\/2025\/08\/kurumsal-egitimler2.avif"},{"@type":"BreadcrumbList","@id":"https:\/\/nilakademi.net\/kurumsal-danismanlik\/#breadcrumb","itemListElement":[{"@type":"ListItem","position":1,"name":"Anasayfa","item":"https:\/\/nilakademi.net\/"},{"@type":"ListItem","position":2,"name":"Kurumsal Dan\u0131\u015fmanl\u0131k"}]},{"@type":"WebSite","@id":"https:\/\/nilakademi.net\/#website","url":"https:\/\/nilakademi.net\/","name":"Nil Akademi","description":"Uluslararas\u0131 Sertifikal\u0131 E\u011fitim ve Dan\u0131\u015fmanl\u0131k Merkezi","publisher":{"@id":"https:\/\/nilakademi.net\/#organization"},"potentialAction":[{"@type":"SearchAction","target":{"@type":"EntryPoint","urlTemplate":"https:\/\/nilakademi.net\/?s={search_term_string}"},"query-input":{"@type":"PropertyValueSpecification","valueRequired":true,"valueName":"search_term_string"}}],"inLanguage":"en-US"},{"@type":"Organization","@id":"https:\/\/nilakademi.net\/#organization","name":"Nil Akademi","url":"https:\/\/nilakademi.net\/","logo":{"@type":"ImageObject","inLanguage":"en-US","@id":"https:\/\/nilakademi.net\/#\/schema\/logo\/image\/","url":"https:\/\/nilakademi.net\/wp-content\/uploads\/2025\/01\/Logo-web-1024x156.avif","contentUrl":"https:\/\/nilakademi.net\/wp-content\/uploads\/2025\/01\/Logo-web-1024x156.avif","width":1031,"height":157,"caption":"Nil Akademi"},"image":{"@id":"https:\/\/nilakademi.net\/#\/schema\/logo\/image\/"},"sameAs":["https:\/\/www.instagram.com\/nilakademik\/","https:\/\/www.linkedin.com\/company\/nil-akademi-uluslararas-sertifikal-eitim-ve-danmanlk\/about\/"]}]}},"jetpack_sharing_enabled":true,"_links":{"self":[{"href":"https:\/\/nilakademi.net\/en\/wp-json\/wp\/v2\/pages\/14773","targetHints":{"allow":["GET"]}}],"collection":[{"href":"https:\/\/nilakademi.net\/en\/wp-json\/wp\/v2\/pages"}],"about":[{"href":"https:\/\/nilakademi.net\/en\/wp-json\/wp\/v2\/types\/page"}],"author":[{"embeddable":true,"href":"https:\/\/nilakademi.net\/en\/wp-json\/wp\/v2\/users\/1"}],"replies":[{"embeddable":true,"href":"https:\/\/nilakademi.net\/en\/wp-json\/wp\/v2\/comments?post=14773"}],"version-history":[{"count":29,"href":"https:\/\/nilakademi.net\/en\/wp-json\/wp\/v2\/pages\/14773\/revisions"}],"predecessor-version":[{"id":15170,"href":"https:\/\/nilakademi.net\/en\/wp-json\/wp\/v2\/pages\/14773\/revisions\/15170"}],"wp:attachment":[{"href":"https:\/\/nilakademi.net\/en\/wp-json\/wp\/v2\/media?parent=14773"}],"curies":[{"name":"wp","href":"https:\/\/api.w.org\/{rel}","templated":true}]}}