{"id":15521,"date":"2026-03-07T15:23:21","date_gmt":"2026-03-07T12:23:21","guid":{"rendered":"https:\/\/nilakademi.net\/?post_type=product&#038;p=15521"},"modified":"2026-03-09T01:09:53","modified_gmt":"2026-03-08T22:09:53","slug":"egitim-uzmanligi-modul-1-myk-egitim-uzmani-sinavina-hazirlik","status":"publish","type":"product","link":"https:\/\/nilakademi.net\/en\/product\/egitim-uzmanligi-modul-1-myk-egitim-uzmani-sinavina-hazirlik\/","title":{"rendered":"E\u011fitim Uzmanl\u0131\u011f\u0131 Mod\u00fcl 1 \u2013 E\u011fitim Temelleri ve E\u011fitimci Kimli\u011fi"},"content":{"rendered":"<div class=\"wpb-content-wrapper\">\n<div class=\"vc_row wpb_row vc_row-fluid\">\n\t\t<div class=\"wpb_column vc_column_container vc_col-sm-12\"><div class=\"vc_column-inner\"><div class=\"wpb_wrapper\">\n\t<div class=\"wpb_text_column wpb_content_element\" >\n\t\t<div class=\"wpb_wrapper\">\n\t\t\t<h3 data-section-id=\"d1yict\" data-start=\"817\" data-end=\"884\">E\u011fitim Uzmanl\u0131\u011f\u0131 Mod\u00fcl 1 \u2013 E\u011fitim Temelleri ve E\u011fitimci Kimli\u011fi<\/h3>\n<p data-start=\"886\" data-end=\"1041\">Bu e\u011fitim, MYK E\u011fitim Uzman\u0131 s\u0131nav\u0131na haz\u0131rlanan adaylar ve e\u011fitim uzmanl\u0131\u011f\u0131 alan\u0131nda bilgi ve yetkinlik kazanmak isteyen kat\u0131l\u0131mc\u0131lar i\u00e7in haz\u0131rlanm\u0131\u015ft\u0131r.<\/p>\n<p data-start=\"1043\" data-end=\"1225\">Program\u0131n bu mod\u00fcl\u00fcnde e\u011fitim ve \u00f6\u011fretim kavramlar\u0131, e\u011fitimin toplumsal ve bireysel i\u015flevleri, e\u011fitimci kimli\u011fi, e\u011fitim felsefesi ve e\u011fitim sosyolojisi gibi konular ele al\u0131nmaktad\u0131r.<\/p>\n<p data-start=\"1227\" data-end=\"1340\">E\u011fitim i\u00e7eri\u011fi toplam <strong data-start=\"1249\" data-end=\"1268\">6 video dersten<\/strong> olu\u015fmaktad\u0131r ve mod\u00fcl\u00fcn toplam s\u00fcresi yakla\u015f\u0131k <strong data-start=\"1316\" data-end=\"1336\">3 saat 40 dakika<\/strong>d\u0131r.<\/p>\n<h3 data-section-id=\"18hdpn3\" data-start=\"1342\" data-end=\"1359\">Mod\u00fcl \u0130\u00e7eri\u011fi<\/h3>\n<ul data-start=\"1361\" data-end=\"1580\">\n<li data-section-id=\"hijl39\" data-start=\"1361\" data-end=\"1393\">\n<p data-start=\"1363\" data-end=\"1393\">E\u011fitim Nedir? \u00d6\u011fretim Nedir?<\/p>\n<\/li>\n<li data-section-id=\"1855mu\" data-start=\"1394\" data-end=\"1429\">\n<p data-start=\"1396\" data-end=\"1429\">E\u011fitimin \u00d6nemi ve Fonksiyonlar\u0131<\/p>\n<\/li>\n<li data-section-id=\"15bk17i\" data-start=\"1430\" data-end=\"1472\">\n<p data-start=\"1432\" data-end=\"1472\">E\u011fitimci Kimdir? E\u011fitim Uzman\u0131 Kimdir?<\/p>\n<\/li>\n<li data-section-id=\"1wkb2yz\" data-start=\"1473\" data-end=\"1493\">\n<p data-start=\"1475\" data-end=\"1493\">E\u011fitim Felsefesi<\/p>\n<\/li>\n<li data-section-id=\"frugh3\" data-start=\"1494\" data-end=\"1533\">\n<p data-start=\"1496\" data-end=\"1533\">E\u011fitim Sosyolojisi ve Modern E\u011fitim<\/p>\n<\/li>\n<li data-section-id=\"1mld5lr\" data-start=\"1534\" data-end=\"1580\">\n<p data-start=\"1536\" data-end=\"1580\">T\u00fcrkiye\u2019de E\u011fitim Uzmanl\u0131\u011f\u0131n\u0131n Do\u011fu\u015fu ve MYK<\/p>\n<\/li>\n<\/ul>\n<h3 data-section-id=\"1qg46lq\" data-start=\"1582\" data-end=\"1613\">E\u011fitim Nas\u0131l Teslim Edilir?<\/h3>\n<p data-start=\"1615\" data-end=\"1687\">Bu e\u011fitimde video i\u00e7erikleri sistem i\u00e7erisinde do\u011frudan izlenmemektedir.<\/p>\n<p data-start=\"1689\" data-end=\"1839\">Sat\u0131n alma i\u015flemi tamamland\u0131ktan sonra, e\u011fitim videolar\u0131na ait eri\u015fim ba\u011flant\u0131lar\u0131 sipari\u015f s\u0131ras\u0131nda kullan\u0131lan <strong data-start=\"1801\" data-end=\"1839\">e-posta adresine g\u00f6nderilmektedir.<\/strong><\/p>\n<p data-start=\"1841\" data-end=\"1941\">L\u00fctfen sipari\u015f olu\u015ftururken aktif olarak kulland\u0131\u011f\u0131n\u0131z ve do\u011fru yaz\u0131lm\u0131\u015f bir e-posta adresi giriniz.<\/p>\n\n\t\t<\/div>\n\t<\/div>\n<\/div><\/div><\/div><\/div>\n\n<\/div>","protected":false},"excerpt":{"rendered":"<p data-start=\"2078\" data-end=\"2194\">\u2714 6 video ders<br data-start=\"2092\" data-end=\"2095\" \/>\u2714 Toplam e\u011fitim s\u00fcresi: yakla\u015f\u0131k 3 saat 40 dakika<br data-start=\"2144\" data-end=\"2147\" \/>\u2714 MYK E\u011fitim Uzman\u0131 s\u0131nav\u0131na haz\u0131rl\u0131k i\u00e7eri\u011fi<\/p>\n<p data-start=\"2196\" data-end=\"2273\">\ud83d\udce9 Video eri\u015fim ba\u011flant\u0131lar\u0131 sat\u0131n alma sonras\u0131 e-posta ile g\u00f6nderilmektedir.<\/p>","protected":false},"featured_media":15679,"template":"","meta":{"nf_dc_page":""},"product_brand":[],"product_cat":[15],"product_tag":[],"class_list":{"0":"post-15521","1":"product","2":"type-product","3":"status-publish","4":"has-post-thumbnail","6":"product_cat-ucretli-egitimler","8":"first","9":"instock","10":"sold-individually","11":"taxable","12":"shipping-taxable","13":"purchasable","14":"product-type-simple"},"yoast_head":"<!-- This site is optimized with the Yoast SEO plugin v27.5 - https:\/\/yoast.com\/product\/yoast-seo-wordpress\/ -->\n<title>E\u011fitim Uzmanl\u0131\u011f\u0131 Mod\u00fcl 1 \u2013 E\u011fitim Temelleri ve E\u011fitimci Kimli\u011fi - Nil Akademi<\/title>\n<meta name=\"description\" content=\"MYK E\u011fitim Uzman\u0131 s\u0131nav\u0131na haz\u0131rl\u0131k i\u00e7in haz\u0131rlanan E\u011fitim Uzmanl\u0131\u011f\u0131 Mod\u00fcl 1 e\u011fitimine kat\u0131l\u0131n. 6 video ders ve yakla\u015f\u0131k 3 saat 40 dakika e\u011fitim i\u00e7eri\u011fi.\" \/>\n<meta name=\"robots\" content=\"index, follow, max-snippet:-1, max-image-preview:large, max-video-preview:-1\" \/>\n<link rel=\"canonical\" href=\"https:\/\/nilakademi.net\/en\/product\/egitim-uzmanligi-modul-1-myk-egitim-uzmani-sinavina-hazirlik\/\" \/>\n<meta property=\"og:locale\" content=\"en_US\" \/>\n<meta property=\"og:type\" content=\"article\" \/>\n<meta property=\"og:title\" content=\"E\u011fitim Uzmanl\u0131\u011f\u0131 Mod\u00fcl 1 \u2013 E\u011fitim Temelleri ve E\u011fitimci Kimli\u011fi - Nil Akademi\" \/>\n<meta property=\"og:description\" content=\"MYK E\u011fitim Uzman\u0131 s\u0131nav\u0131na haz\u0131rl\u0131k i\u00e7in haz\u0131rlanan E\u011fitim Uzmanl\u0131\u011f\u0131 Mod\u00fcl 1 e\u011fitimine kat\u0131l\u0131n. 6 video ders ve yakla\u015f\u0131k 3 saat 40 dakika e\u011fitim i\u00e7eri\u011fi.\" \/>\n<meta property=\"og:url\" content=\"https:\/\/nilakademi.net\/en\/product\/egitim-uzmanligi-modul-1-myk-egitim-uzmani-sinavina-hazirlik\/\" \/>\n<meta property=\"og:site_name\" content=\"Nil Akademi\" \/>\n<meta property=\"article:modified_time\" content=\"2026-03-08T22:09:53+00:00\" \/>\n<meta property=\"og:image\" content=\"https:\/\/nilakademi.net\/wp-content\/uploads\/2026\/03\/modul1Y.avif\" \/>\n\t<meta property=\"og:image:width\" content=\"1536\" \/>\n\t<meta property=\"og:image:height\" content=\"1024\" \/>\n\t<meta property=\"og:image:type\" content=\"image\/jpeg\" \/>\n<meta name=\"twitter:card\" content=\"summary_large_image\" \/>\n<meta name=\"twitter:label1\" content=\"Est. reading time\" \/>\n\t<meta name=\"twitter:data1\" content=\"1 minute\" \/>\n<script type=\"application\/ld+json\" class=\"yoast-schema-graph\">{\"@context\":\"https:\\\/\\\/schema.org\",\"@graph\":[{\"@type\":\"WebPage\",\"@id\":\"https:\\\/\\\/nilakademi.net\\\/urun\\\/egitim-uzmanligi-modul-1-myk-egitim-uzmani-sinavina-hazirlik\\\/\",\"url\":\"https:\\\/\\\/nilakademi.net\\\/urun\\\/egitim-uzmanligi-modul-1-myk-egitim-uzmani-sinavina-hazirlik\\\/\",\"name\":\"E\u011fitim Uzmanl\u0131\u011f\u0131 Mod\u00fcl 1 \u2013 E\u011fitim Temelleri ve E\u011fitimci Kimli\u011fi - Nil Akademi\",\"isPartOf\":{\"@id\":\"https:\\\/\\\/nilakademi.net\\\/#website\"},\"primaryImageOfPage\":{\"@id\":\"https:\\\/\\\/nilakademi.net\\\/urun\\\/egitim-uzmanligi-modul-1-myk-egitim-uzmani-sinavina-hazirlik\\\/#primaryimage\"},\"image\":{\"@id\":\"https:\\\/\\\/nilakademi.net\\\/urun\\\/egitim-uzmanligi-modul-1-myk-egitim-uzmani-sinavina-hazirlik\\\/#primaryimage\"},\"thumbnailUrl\":\"https:\\\/\\\/nilakademi.net\\\/wp-content\\\/uploads\\\/2026\\\/03\\\/modul1Y.avif\",\"datePublished\":\"2026-03-07T12:23:21+00:00\",\"dateModified\":\"2026-03-08T22:09:53+00:00\",\"description\":\"MYK E\u011fitim Uzman\u0131 s\u0131nav\u0131na haz\u0131rl\u0131k i\u00e7in haz\u0131rlanan E\u011fitim Uzmanl\u0131\u011f\u0131 Mod\u00fcl 1 e\u011fitimine kat\u0131l\u0131n. 6 video ders ve yakla\u015f\u0131k 3 saat 40 dakika e\u011fitim i\u00e7eri\u011fi.\",\"breadcrumb\":{\"@id\":\"https:\\\/\\\/nilakademi.net\\\/urun\\\/egitim-uzmanligi-modul-1-myk-egitim-uzmani-sinavina-hazirlik\\\/#breadcrumb\"},\"inLanguage\":\"en-US\",\"potentialAction\":[{\"@type\":\"ReadAction\",\"target\":[\"https:\\\/\\\/nilakademi.net\\\/urun\\\/egitim-uzmanligi-modul-1-myk-egitim-uzmani-sinavina-hazirlik\\\/\"]}]},{\"@type\":\"ImageObject\",\"inLanguage\":\"en-US\",\"@id\":\"https:\\\/\\\/nilakademi.net\\\/urun\\\/egitim-uzmanligi-modul-1-myk-egitim-uzmani-sinavina-hazirlik\\\/#primaryimage\",\"url\":\"https:\\\/\\\/nilakademi.net\\\/wp-content\\\/uploads\\\/2026\\\/03\\\/modul1Y.avif\",\"contentUrl\":\"https:\\\/\\\/nilakademi.net\\\/wp-content\\\/uploads\\\/2026\\\/03\\\/modul1Y.avif\",\"width\":1536,\"height\":1024},{\"@type\":\"BreadcrumbList\",\"@id\":\"https:\\\/\\\/nilakademi.net\\\/urun\\\/egitim-uzmanligi-modul-1-myk-egitim-uzmani-sinavina-hazirlik\\\/#breadcrumb\",\"itemListElement\":[{\"@type\":\"ListItem\",\"position\":1,\"name\":\"Anasayfa\",\"item\":\"https:\\\/\\\/nilakademi.net\\\/\"},{\"@type\":\"ListItem\",\"position\":2,\"name\":\"Ma\u011faza\",\"item\":\"https:\\\/\\\/nilakademi.net\\\/magaza\\\/\"},{\"@type\":\"ListItem\",\"position\":3,\"name\":\"E\u011fitim Uzmanl\u0131\u011f\u0131 Mod\u00fcl 1 \u2013 E\u011fitim Temelleri ve E\u011fitimci Kimli\u011fi\"}]},{\"@type\":\"WebSite\",\"@id\":\"https:\\\/\\\/nilakademi.net\\\/#website\",\"url\":\"https:\\\/\\\/nilakademi.net\\\/\",\"name\":\"Nil Akademi\",\"description\":\"Uluslararas\u0131 Sertifikal\u0131 E\u011fitim ve Dan\u0131\u015fmanl\u0131k Merkezi\",\"publisher\":{\"@id\":\"https:\\\/\\\/nilakademi.net\\\/#organization\"},\"potentialAction\":[{\"@type\":\"SearchAction\",\"target\":{\"@type\":\"EntryPoint\",\"urlTemplate\":\"https:\\\/\\\/nilakademi.net\\\/?s={search_term_string}\"},\"query-input\":{\"@type\":\"PropertyValueSpecification\",\"valueRequired\":true,\"valueName\":\"search_term_string\"}}],\"inLanguage\":\"en-US\"},{\"@type\":\"Organization\",\"@id\":\"https:\\\/\\\/nilakademi.net\\\/#organization\",\"name\":\"Nil Akademi\",\"url\":\"https:\\\/\\\/nilakademi.net\\\/\",\"logo\":{\"@type\":\"ImageObject\",\"inLanguage\":\"en-US\",\"@id\":\"https:\\\/\\\/nilakademi.net\\\/#\\\/schema\\\/logo\\\/image\\\/\",\"url\":\"https:\\\/\\\/nilakademi.net\\\/wp-content\\\/uploads\\\/2025\\\/01\\\/Logo-web-1024x156.avif\",\"contentUrl\":\"https:\\\/\\\/nilakademi.net\\\/wp-content\\\/uploads\\\/2025\\\/01\\\/Logo-web-1024x156.avif\",\"width\":1031,\"height\":157,\"caption\":\"Nil Akademi\"},\"image\":{\"@id\":\"https:\\\/\\\/nilakademi.net\\\/#\\\/schema\\\/logo\\\/image\\\/\"},\"sameAs\":[\"https:\\\/\\\/www.instagram.com\\\/nilakademik\\\/\",\"https:\\\/\\\/www.linkedin.com\\\/company\\\/nil-akademi-uluslararas-sertifikal-eitim-ve-danmanlk\\\/about\\\/\"]}]}<\/script>\n<!-- \/ Yoast SEO plugin. -->","yoast_head_json":{"title":"E\u011fitim Uzmanl\u0131\u011f\u0131 Mod\u00fcl 1 \u2013 E\u011fitim Temelleri ve E\u011fitimci Kimli\u011fi - Nil Akademi","description":"MYK E\u011fitim Uzman\u0131 s\u0131nav\u0131na haz\u0131rl\u0131k i\u00e7in haz\u0131rlanan E\u011fitim Uzmanl\u0131\u011f\u0131 Mod\u00fcl 1 e\u011fitimine kat\u0131l\u0131n. 6 video ders ve yakla\u015f\u0131k 3 saat 40 dakika e\u011fitim i\u00e7eri\u011fi.","robots":{"index":"index","follow":"follow","max-snippet":"max-snippet:-1","max-image-preview":"max-image-preview:large","max-video-preview":"max-video-preview:-1"},"canonical":"https:\/\/nilakademi.net\/en\/product\/egitim-uzmanligi-modul-1-myk-egitim-uzmani-sinavina-hazirlik\/","og_locale":"en_US","og_type":"article","og_title":"E\u011fitim Uzmanl\u0131\u011f\u0131 Mod\u00fcl 1 \u2013 E\u011fitim Temelleri ve E\u011fitimci Kimli\u011fi - Nil Akademi","og_description":"MYK E\u011fitim Uzman\u0131 s\u0131nav\u0131na haz\u0131rl\u0131k i\u00e7in haz\u0131rlanan E\u011fitim Uzmanl\u0131\u011f\u0131 Mod\u00fcl 1 e\u011fitimine kat\u0131l\u0131n. 6 video ders ve yakla\u015f\u0131k 3 saat 40 dakika e\u011fitim i\u00e7eri\u011fi.","og_url":"https:\/\/nilakademi.net\/en\/product\/egitim-uzmanligi-modul-1-myk-egitim-uzmani-sinavina-hazirlik\/","og_site_name":"Nil Akademi","article_modified_time":"2026-03-08T22:09:53+00:00","og_image":[{"width":1536,"height":1024,"url":"https:\/\/nilakademi.net\/wp-content\/uploads\/2026\/03\/modul1Y.avif","type":"image\/jpeg"}],"twitter_card":"summary_large_image","twitter_misc":{"Est. reading time":"1 minute"},"schema":{"@context":"https:\/\/schema.org","@graph":[{"@type":"WebPage","@id":"https:\/\/nilakademi.net\/urun\/egitim-uzmanligi-modul-1-myk-egitim-uzmani-sinavina-hazirlik\/","url":"https:\/\/nilakademi.net\/urun\/egitim-uzmanligi-modul-1-myk-egitim-uzmani-sinavina-hazirlik\/","name":"E\u011fitim Uzmanl\u0131\u011f\u0131 Mod\u00fcl 1 \u2013 E\u011fitim Temelleri ve E\u011fitimci Kimli\u011fi - Nil Akademi","isPartOf":{"@id":"https:\/\/nilakademi.net\/#website"},"primaryImageOfPage":{"@id":"https:\/\/nilakademi.net\/urun\/egitim-uzmanligi-modul-1-myk-egitim-uzmani-sinavina-hazirlik\/#primaryimage"},"image":{"@id":"https:\/\/nilakademi.net\/urun\/egitim-uzmanligi-modul-1-myk-egitim-uzmani-sinavina-hazirlik\/#primaryimage"},"thumbnailUrl":"https:\/\/nilakademi.net\/wp-content\/uploads\/2026\/03\/modul1Y.avif","datePublished":"2026-03-07T12:23:21+00:00","dateModified":"2026-03-08T22:09:53+00:00","description":"MYK E\u011fitim Uzman\u0131 s\u0131nav\u0131na haz\u0131rl\u0131k i\u00e7in haz\u0131rlanan E\u011fitim Uzmanl\u0131\u011f\u0131 Mod\u00fcl 1 e\u011fitimine kat\u0131l\u0131n. 6 video ders ve yakla\u015f\u0131k 3 saat 40 dakika e\u011fitim i\u00e7eri\u011fi.","breadcrumb":{"@id":"https:\/\/nilakademi.net\/urun\/egitim-uzmanligi-modul-1-myk-egitim-uzmani-sinavina-hazirlik\/#breadcrumb"},"inLanguage":"en-US","potentialAction":[{"@type":"ReadAction","target":["https:\/\/nilakademi.net\/urun\/egitim-uzmanligi-modul-1-myk-egitim-uzmani-sinavina-hazirlik\/"]}]},{"@type":"ImageObject","inLanguage":"en-US","@id":"https:\/\/nilakademi.net\/urun\/egitim-uzmanligi-modul-1-myk-egitim-uzmani-sinavina-hazirlik\/#primaryimage","url":"https:\/\/nilakademi.net\/wp-content\/uploads\/2026\/03\/modul1Y.avif","contentUrl":"https:\/\/nilakademi.net\/wp-content\/uploads\/2026\/03\/modul1Y.avif","width":1536,"height":1024},{"@type":"BreadcrumbList","@id":"https:\/\/nilakademi.net\/urun\/egitim-uzmanligi-modul-1-myk-egitim-uzmani-sinavina-hazirlik\/#breadcrumb","itemListElement":[{"@type":"ListItem","position":1,"name":"Anasayfa","item":"https:\/\/nilakademi.net\/"},{"@type":"ListItem","position":2,"name":"Ma\u011faza","item":"https:\/\/nilakademi.net\/magaza\/"},{"@type":"ListItem","position":3,"name":"E\u011fitim Uzmanl\u0131\u011f\u0131 Mod\u00fcl 1 \u2013 E\u011fitim Temelleri ve E\u011fitimci Kimli\u011fi"}]},{"@type":"WebSite","@id":"https:\/\/nilakademi.net\/#website","url":"https:\/\/nilakademi.net\/","name":"Nil Akademi","description":"Uluslararas\u0131 Sertifikal\u0131 E\u011fitim ve Dan\u0131\u015fmanl\u0131k Merkezi","publisher":{"@id":"https:\/\/nilakademi.net\/#organization"},"potentialAction":[{"@type":"SearchAction","target":{"@type":"EntryPoint","urlTemplate":"https:\/\/nilakademi.net\/?s={search_term_string}"},"query-input":{"@type":"PropertyValueSpecification","valueRequired":true,"valueName":"search_term_string"}}],"inLanguage":"en-US"},{"@type":"Organization","@id":"https:\/\/nilakademi.net\/#organization","name":"Nil Akademi","url":"https:\/\/nilakademi.net\/","logo":{"@type":"ImageObject","inLanguage":"en-US","@id":"https:\/\/nilakademi.net\/#\/schema\/logo\/image\/","url":"https:\/\/nilakademi.net\/wp-content\/uploads\/2025\/01\/Logo-web-1024x156.avif","contentUrl":"https:\/\/nilakademi.net\/wp-content\/uploads\/2025\/01\/Logo-web-1024x156.avif","width":1031,"height":157,"caption":"Nil Akademi"},"image":{"@id":"https:\/\/nilakademi.net\/#\/schema\/logo\/image\/"},"sameAs":["https:\/\/www.instagram.com\/nilakademik\/","https:\/\/www.linkedin.com\/company\/nil-akademi-uluslararas-sertifikal-eitim-ve-danmanlk\/about\/"]}]}},"jetpack_sharing_enabled":true,"_links":{"self":[{"href":"https:\/\/nilakademi.net\/en\/wp-json\/wp\/v2\/product\/15521","targetHints":{"allow":["GET"]}}],"collection":[{"href":"https:\/\/nilakademi.net\/en\/wp-json\/wp\/v2\/product"}],"about":[{"href":"https:\/\/nilakademi.net\/en\/wp-json\/wp\/v2\/types\/product"}],"version-history":[{"count":3,"href":"https:\/\/nilakademi.net\/en\/wp-json\/wp\/v2\/product\/15521\/revisions"}],"predecessor-version":[{"id":15539,"href":"https:\/\/nilakademi.net\/en\/wp-json\/wp\/v2\/product\/15521\/revisions\/15539"}],"wp:featuredmedia":[{"embeddable":true,"href":"https:\/\/nilakademi.net\/en\/wp-json\/wp\/v2\/media\/15679"}],"wp:attachment":[{"href":"https:\/\/nilakademi.net\/en\/wp-json\/wp\/v2\/media?parent=15521"}],"wp:term":[{"taxonomy":"product_brand","embeddable":true,"href":"https:\/\/nilakademi.net\/en\/wp-json\/wp\/v2\/product_brand?post=15521"},{"taxonomy":"product_cat","embeddable":true,"href":"https:\/\/nilakademi.net\/en\/wp-json\/wp\/v2\/product_cat?post=15521"},{"taxonomy":"product_tag","embeddable":true,"href":"https:\/\/nilakademi.net\/en\/wp-json\/wp\/v2\/product_tag?post=15521"}],"curies":[{"name":"wp","href":"https:\/\/api.w.org\/{rel}","templated":true}]}}