{"id":15556,"date":"2026-03-08T14:56:34","date_gmt":"2026-03-08T11:56:34","guid":{"rendered":"https:\/\/nilakademi.net\/?post_type=product&#038;p=15556"},"modified":"2026-03-09T17:24:24","modified_gmt":"2026-03-09T14:24:24","slug":"egitim-uzmanligi-modul-2-ogrenme-bilimi-ve-insan","status":"publish","type":"product","link":"https:\/\/nilakademi.net\/en\/product\/egitim-uzmanligi-modul-2-ogrenme-bilimi-ve-insan\/","title":{"rendered":"E\u011fitim Uzmanl\u0131\u011f\u0131 Mod\u00fcl 2 \u2013 \u00d6\u011frenme Bilimi ve \u0130nsan"},"content":{"rendered":"<div class=\"wpb-content-wrapper\">\n<div class=\"vc_row wpb_row vc_row-fluid\">\n\t\t<div class=\"wpb_column vc_column_container vc_col-sm-12\"><div class=\"vc_column-inner\"><div class=\"wpb_wrapper\">\n\t<div class=\"wpb_text_column wpb_content_element\" >\n\t\t<div class=\"wpb_wrapper\">\n\t\t\t<p data-start=\"12139\" data-end=\"12320\">E\u011fitim Uzmanl\u0131\u011f\u0131 Mod\u00fcl 2 \u2013 \u00d6\u011frenme Bilimi ve \u0130nsan, \u00f6\u011frenmenin bilimsel temellerini kavramak ve e\u011fitim s\u00fcre\u00e7lerini daha bilin\u00e7li tasarlamak isteyen kat\u0131l\u0131mc\u0131lar i\u00e7in haz\u0131rlanm\u0131\u015ft\u0131r.<\/p>\n<p data-start=\"12322\" data-end=\"12528\">Bu mod\u00fclde beynin \u00f6\u011frenme s\u00fcre\u00e7leri, etkili \u00f6\u011frenme teknikleri, bellek yap\u0131s\u0131, e\u011fitim psikolojisi, \u00e7ocuk ve gen\u00e7 \u00f6\u011frenmesi, yeti\u015fkin \u00f6\u011frenmesi, \u00f6\u011frenme bi\u00e7imleri ve temel \u00f6\u011frenme kuramlar\u0131 ele al\u0131nmaktad\u0131r.<\/p>\n<p data-start=\"12530\" data-end=\"12626\">E\u011fitim i\u00e7eri\u011fi toplam 9 video dersten olu\u015fmaktad\u0131r ve mod\u00fcl\u00fcn toplam s\u00fcresi 6 saat 13 dakikad\u0131r.<\/p>\n<h2 data-section-id=\"kbv0lo\" data-start=\"12628\" data-end=\"12644\"><strong>Mod\u00fcl \u0130\u00e7eri\u011fi<\/strong><\/h2>\n<ul>\n<li data-section-id=\"14eaunn\" data-start=\"12645\" data-end=\"12706\">\n<p data-start=\"12647\" data-end=\"12706\">Beyin Nas\u0131l \u00d6\u011frenir I \u2013 \u00d6\u011frenme ve Geli\u015fim, Sa\u011f-Sol Beyin<\/p>\n<\/li>\n<li data-start=\"12709\" data-end=\"12789\">Beyin Nas\u0131l \u00d6\u011frenir II \u2013 Retrieval Practice, Spaced Repetition, Categorization<\/li>\n<li data-start=\"12792\" data-end=\"12839\">Beyin Nas\u0131l \u00d6\u011frenir III \u2013 Supervised Learning<\/li>\n<li data-start=\"12842\" data-end=\"12893\">Bellek Nedir? \u00c7al\u0131\u015fma Belle\u011fi, Uzun S\u00fcreli Bellek<\/li>\n<li data-start=\"12896\" data-end=\"12916\">E\u011fitim Psikolojisi<\/li>\n<li data-start=\"12919\" data-end=\"12963\">Pedagojik E\u011fitim (\u00c7ocuk ve Gen\u00e7 \u00d6\u011frenmesi)<\/li>\n<li data-start=\"12966\" data-end=\"13025\">Androgojik E\u011fitim \u2013 Malcolm Knowles ve Yeti\u015fkin \u00d6\u011frenmesi<\/li>\n<li data-start=\"13028\" data-end=\"13076\">\u00d6\u011frenme Bi\u00e7imleri: VARK &#8211; Kolb \u00d6\u011frenme D\u00f6ng\u00fcs\u00fc<\/li>\n<li data-start=\"13079\" data-end=\"13146\">\u00d6\u011frenme Kuramlar\u0131: Davran\u0131\u015f\u00e7\u0131, Bili\u015fsel, Yap\u0131land\u0131rmac\u0131, H\u00fcmanist<\/li>\n<\/ul>\n<h2 data-section-id=\"qe7mp9\" data-start=\"13148\" data-end=\"13178\"><strong>E\u011fitim Nas\u0131l Teslim Edilir?<\/strong><\/h2>\n<p data-start=\"13179\" data-end=\"13251\">Bu e\u011fitimde video i\u00e7erikleri sistem i\u00e7erisinde do\u011frudan izlenmemektedir.<\/p>\n<p data-start=\"13253\" data-end=\"13399\">Sat\u0131n alma i\u015flemi tamamland\u0131ktan sonra, e\u011fitim videolar\u0131na ait eri\u015fim ba\u011flant\u0131lar\u0131 sipari\u015f s\u0131ras\u0131nda kullan\u0131lan e-posta adresine g\u00f6nderilmektedir.<\/p>\n<p data-start=\"13401\" data-end=\"13501\">L\u00fctfen sipari\u015f olu\u015ftururken aktif olarak kulland\u0131\u011f\u0131n\u0131z ve do\u011fru yaz\u0131lm\u0131\u015f bir e-posta adresi giriniz.<\/p>\n\n\t\t<\/div>\n\t<\/div>\n<\/div><\/div><\/div><\/div>\n\n<\/div>","protected":false},"excerpt":{"rendered":"<p data-start=\"11899\" data-end=\"12034\">\u2714 9 video ders<br data-start=\"11913\" data-end=\"11916\" \/>\u2714 Toplam e\u011fitim s\u00fcresi: 6 saat 13 dakika<br data-start=\"11956\" data-end=\"11959\" \/>\u2714 \u00d6\u011frenme bilimi, bellek, e\u011fitim psikolojisi ve \u00f6\u011frenme kuramlar\u0131 i\u00e7eri\u011fi<\/p>\n<p data-start=\"12036\" data-end=\"12113\">\ud83d\udce9 Video eri\u015fim ba\u011flant\u0131lar\u0131 sat\u0131n alma sonras\u0131 e-posta ile g\u00f6nderilmektedir.<\/p>","protected":false},"featured_media":15680,"template":"","meta":{"nf_dc_page":""},"product_brand":[],"product_cat":[15],"product_tag":[],"class_list":{"0":"post-15556","1":"product","2":"type-product","3":"status-publish","4":"has-post-thumbnail","6":"product_cat-ucretli-egitimler","8":"first","9":"instock","10":"sold-individually","11":"taxable","12":"shipping-taxable","13":"purchasable","14":"product-type-simple"},"yoast_head":"<!-- This site is optimized with the Yoast SEO plugin v27.5 - https:\/\/yoast.com\/product\/yoast-seo-wordpress\/ -->\n<title>E\u011fitim Uzmanl\u0131\u011f\u0131 Mod\u00fcl 2 \u2013 \u00d6\u011frenme Bilimi ve \u0130nsan - Nil Akademi<\/title>\n<meta name=\"robots\" content=\"index, follow, max-snippet:-1, max-image-preview:large, max-video-preview:-1\" \/>\n<link rel=\"canonical\" href=\"https:\/\/nilakademi.net\/en\/product\/egitim-uzmanligi-modul-2-ogrenme-bilimi-ve-insan\/\" \/>\n<meta property=\"og:locale\" content=\"en_US\" \/>\n<meta property=\"og:type\" content=\"article\" \/>\n<meta property=\"og:title\" content=\"E\u011fitim Uzmanl\u0131\u011f\u0131 Mod\u00fcl 2 \u2013 \u00d6\u011frenme Bilimi ve \u0130nsan - Nil Akademi\" \/>\n<meta property=\"og:description\" content=\"\u2714 9 video ders\u2714 Toplam e\u011fitim s\u00fcresi: 6 saat 13 dakika\u2714 \u00d6\u011frenme bilimi, bellek, e\u011fitim psikolojisi ve \u00f6\u011frenme kuramlar\u0131 i\u00e7eri\u011fi \ud83d\udce9 Video eri\u015fim ba\u011flant\u0131lar\u0131 sat\u0131n alma sonras\u0131 e-posta ile g\u00f6nderilmektedir.\" \/>\n<meta property=\"og:url\" content=\"https:\/\/nilakademi.net\/en\/product\/egitim-uzmanligi-modul-2-ogrenme-bilimi-ve-insan\/\" \/>\n<meta property=\"og:site_name\" content=\"Nil Akademi\" \/>\n<meta property=\"article:modified_time\" content=\"2026-03-09T14:24:24+00:00\" \/>\n<meta property=\"og:image\" content=\"https:\/\/nilakademi.net\/wp-content\/uploads\/2026\/03\/modul2Y.avif\" \/>\n\t<meta property=\"og:image:width\" content=\"1536\" \/>\n\t<meta property=\"og:image:height\" content=\"1024\" \/>\n\t<meta property=\"og:image:type\" content=\"image\/jpeg\" \/>\n<meta name=\"twitter:card\" content=\"summary_large_image\" \/>\n<meta name=\"twitter:label1\" content=\"Est. reading time\" \/>\n\t<meta name=\"twitter:data1\" content=\"2 minutes\" \/>\n<script type=\"application\/ld+json\" class=\"yoast-schema-graph\">{\"@context\":\"https:\\\/\\\/schema.org\",\"@graph\":[{\"@type\":\"WebPage\",\"@id\":\"https:\\\/\\\/nilakademi.net\\\/urun\\\/egitim-uzmanligi-modul-2-ogrenme-bilimi-ve-insan\\\/\",\"url\":\"https:\\\/\\\/nilakademi.net\\\/urun\\\/egitim-uzmanligi-modul-2-ogrenme-bilimi-ve-insan\\\/\",\"name\":\"E\u011fitim Uzmanl\u0131\u011f\u0131 Mod\u00fcl 2 \u2013 \u00d6\u011frenme Bilimi ve \u0130nsan - Nil Akademi\",\"isPartOf\":{\"@id\":\"https:\\\/\\\/nilakademi.net\\\/#website\"},\"primaryImageOfPage\":{\"@id\":\"https:\\\/\\\/nilakademi.net\\\/urun\\\/egitim-uzmanligi-modul-2-ogrenme-bilimi-ve-insan\\\/#primaryimage\"},\"image\":{\"@id\":\"https:\\\/\\\/nilakademi.net\\\/urun\\\/egitim-uzmanligi-modul-2-ogrenme-bilimi-ve-insan\\\/#primaryimage\"},\"thumbnailUrl\":\"https:\\\/\\\/nilakademi.net\\\/wp-content\\\/uploads\\\/2026\\\/03\\\/modul2Y.avif\",\"datePublished\":\"2026-03-08T11:56:34+00:00\",\"dateModified\":\"2026-03-09T14:24:24+00:00\",\"breadcrumb\":{\"@id\":\"https:\\\/\\\/nilakademi.net\\\/urun\\\/egitim-uzmanligi-modul-2-ogrenme-bilimi-ve-insan\\\/#breadcrumb\"},\"inLanguage\":\"en-US\",\"potentialAction\":[{\"@type\":\"ReadAction\",\"target\":[\"https:\\\/\\\/nilakademi.net\\\/urun\\\/egitim-uzmanligi-modul-2-ogrenme-bilimi-ve-insan\\\/\"]}]},{\"@type\":\"ImageObject\",\"inLanguage\":\"en-US\",\"@id\":\"https:\\\/\\\/nilakademi.net\\\/urun\\\/egitim-uzmanligi-modul-2-ogrenme-bilimi-ve-insan\\\/#primaryimage\",\"url\":\"https:\\\/\\\/nilakademi.net\\\/wp-content\\\/uploads\\\/2026\\\/03\\\/modul2Y.avif\",\"contentUrl\":\"https:\\\/\\\/nilakademi.net\\\/wp-content\\\/uploads\\\/2026\\\/03\\\/modul2Y.avif\",\"width\":1536,\"height\":1024},{\"@type\":\"BreadcrumbList\",\"@id\":\"https:\\\/\\\/nilakademi.net\\\/urun\\\/egitim-uzmanligi-modul-2-ogrenme-bilimi-ve-insan\\\/#breadcrumb\",\"itemListElement\":[{\"@type\":\"ListItem\",\"position\":1,\"name\":\"Anasayfa\",\"item\":\"https:\\\/\\\/nilakademi.net\\\/\"},{\"@type\":\"ListItem\",\"position\":2,\"name\":\"Ma\u011faza\",\"item\":\"https:\\\/\\\/nilakademi.net\\\/magaza\\\/\"},{\"@type\":\"ListItem\",\"position\":3,\"name\":\"E\u011fitim Uzmanl\u0131\u011f\u0131 Mod\u00fcl 2 \u2013 \u00d6\u011frenme Bilimi ve \u0130nsan\"}]},{\"@type\":\"WebSite\",\"@id\":\"https:\\\/\\\/nilakademi.net\\\/#website\",\"url\":\"https:\\\/\\\/nilakademi.net\\\/\",\"name\":\"Nil Akademi\",\"description\":\"Uluslararas\u0131 Sertifikal\u0131 E\u011fitim ve Dan\u0131\u015fmanl\u0131k Merkezi\",\"publisher\":{\"@id\":\"https:\\\/\\\/nilakademi.net\\\/#organization\"},\"potentialAction\":[{\"@type\":\"SearchAction\",\"target\":{\"@type\":\"EntryPoint\",\"urlTemplate\":\"https:\\\/\\\/nilakademi.net\\\/?s={search_term_string}\"},\"query-input\":{\"@type\":\"PropertyValueSpecification\",\"valueRequired\":true,\"valueName\":\"search_term_string\"}}],\"inLanguage\":\"en-US\"},{\"@type\":\"Organization\",\"@id\":\"https:\\\/\\\/nilakademi.net\\\/#organization\",\"name\":\"Nil Akademi\",\"url\":\"https:\\\/\\\/nilakademi.net\\\/\",\"logo\":{\"@type\":\"ImageObject\",\"inLanguage\":\"en-US\",\"@id\":\"https:\\\/\\\/nilakademi.net\\\/#\\\/schema\\\/logo\\\/image\\\/\",\"url\":\"https:\\\/\\\/nilakademi.net\\\/wp-content\\\/uploads\\\/2025\\\/01\\\/Logo-web-1024x156.avif\",\"contentUrl\":\"https:\\\/\\\/nilakademi.net\\\/wp-content\\\/uploads\\\/2025\\\/01\\\/Logo-web-1024x156.avif\",\"width\":1031,\"height\":157,\"caption\":\"Nil Akademi\"},\"image\":{\"@id\":\"https:\\\/\\\/nilakademi.net\\\/#\\\/schema\\\/logo\\\/image\\\/\"},\"sameAs\":[\"https:\\\/\\\/www.instagram.com\\\/nilakademik\\\/\",\"https:\\\/\\\/www.linkedin.com\\\/company\\\/nil-akademi-uluslararas-sertifikal-eitim-ve-danmanlk\\\/about\\\/\"]}]}<\/script>\n<!-- \/ Yoast SEO plugin. -->","yoast_head_json":{"title":"E\u011fitim Uzmanl\u0131\u011f\u0131 Mod\u00fcl 2 \u2013 \u00d6\u011frenme Bilimi ve \u0130nsan - Nil Akademi","robots":{"index":"index","follow":"follow","max-snippet":"max-snippet:-1","max-image-preview":"max-image-preview:large","max-video-preview":"max-video-preview:-1"},"canonical":"https:\/\/nilakademi.net\/en\/product\/egitim-uzmanligi-modul-2-ogrenme-bilimi-ve-insan\/","og_locale":"en_US","og_type":"article","og_title":"E\u011fitim Uzmanl\u0131\u011f\u0131 Mod\u00fcl 2 \u2013 \u00d6\u011frenme Bilimi ve \u0130nsan - Nil Akademi","og_description":"\u2714 9 video ders\u2714 Toplam e\u011fitim s\u00fcresi: 6 saat 13 dakika\u2714 \u00d6\u011frenme bilimi, bellek, e\u011fitim psikolojisi ve \u00f6\u011frenme kuramlar\u0131 i\u00e7eri\u011fi \ud83d\udce9 Video eri\u015fim ba\u011flant\u0131lar\u0131 sat\u0131n alma sonras\u0131 e-posta ile g\u00f6nderilmektedir.","og_url":"https:\/\/nilakademi.net\/en\/product\/egitim-uzmanligi-modul-2-ogrenme-bilimi-ve-insan\/","og_site_name":"Nil Akademi","article_modified_time":"2026-03-09T14:24:24+00:00","og_image":[{"width":1536,"height":1024,"url":"https:\/\/nilakademi.net\/wp-content\/uploads\/2026\/03\/modul2Y.avif","type":"image\/jpeg"}],"twitter_card":"summary_large_image","twitter_misc":{"Est. reading time":"2 minutes"},"schema":{"@context":"https:\/\/schema.org","@graph":[{"@type":"WebPage","@id":"https:\/\/nilakademi.net\/urun\/egitim-uzmanligi-modul-2-ogrenme-bilimi-ve-insan\/","url":"https:\/\/nilakademi.net\/urun\/egitim-uzmanligi-modul-2-ogrenme-bilimi-ve-insan\/","name":"E\u011fitim Uzmanl\u0131\u011f\u0131 Mod\u00fcl 2 \u2013 \u00d6\u011frenme Bilimi ve \u0130nsan - Nil Akademi","isPartOf":{"@id":"https:\/\/nilakademi.net\/#website"},"primaryImageOfPage":{"@id":"https:\/\/nilakademi.net\/urun\/egitim-uzmanligi-modul-2-ogrenme-bilimi-ve-insan\/#primaryimage"},"image":{"@id":"https:\/\/nilakademi.net\/urun\/egitim-uzmanligi-modul-2-ogrenme-bilimi-ve-insan\/#primaryimage"},"thumbnailUrl":"https:\/\/nilakademi.net\/wp-content\/uploads\/2026\/03\/modul2Y.avif","datePublished":"2026-03-08T11:56:34+00:00","dateModified":"2026-03-09T14:24:24+00:00","breadcrumb":{"@id":"https:\/\/nilakademi.net\/urun\/egitim-uzmanligi-modul-2-ogrenme-bilimi-ve-insan\/#breadcrumb"},"inLanguage":"en-US","potentialAction":[{"@type":"ReadAction","target":["https:\/\/nilakademi.net\/urun\/egitim-uzmanligi-modul-2-ogrenme-bilimi-ve-insan\/"]}]},{"@type":"ImageObject","inLanguage":"en-US","@id":"https:\/\/nilakademi.net\/urun\/egitim-uzmanligi-modul-2-ogrenme-bilimi-ve-insan\/#primaryimage","url":"https:\/\/nilakademi.net\/wp-content\/uploads\/2026\/03\/modul2Y.avif","contentUrl":"https:\/\/nilakademi.net\/wp-content\/uploads\/2026\/03\/modul2Y.avif","width":1536,"height":1024},{"@type":"BreadcrumbList","@id":"https:\/\/nilakademi.net\/urun\/egitim-uzmanligi-modul-2-ogrenme-bilimi-ve-insan\/#breadcrumb","itemListElement":[{"@type":"ListItem","position":1,"name":"Anasayfa","item":"https:\/\/nilakademi.net\/"},{"@type":"ListItem","position":2,"name":"Ma\u011faza","item":"https:\/\/nilakademi.net\/magaza\/"},{"@type":"ListItem","position":3,"name":"E\u011fitim Uzmanl\u0131\u011f\u0131 Mod\u00fcl 2 \u2013 \u00d6\u011frenme Bilimi ve \u0130nsan"}]},{"@type":"WebSite","@id":"https:\/\/nilakademi.net\/#website","url":"https:\/\/nilakademi.net\/","name":"Nil Akademi","description":"Uluslararas\u0131 Sertifikal\u0131 E\u011fitim ve Dan\u0131\u015fmanl\u0131k Merkezi","publisher":{"@id":"https:\/\/nilakademi.net\/#organization"},"potentialAction":[{"@type":"SearchAction","target":{"@type":"EntryPoint","urlTemplate":"https:\/\/nilakademi.net\/?s={search_term_string}"},"query-input":{"@type":"PropertyValueSpecification","valueRequired":true,"valueName":"search_term_string"}}],"inLanguage":"en-US"},{"@type":"Organization","@id":"https:\/\/nilakademi.net\/#organization","name":"Nil Akademi","url":"https:\/\/nilakademi.net\/","logo":{"@type":"ImageObject","inLanguage":"en-US","@id":"https:\/\/nilakademi.net\/#\/schema\/logo\/image\/","url":"https:\/\/nilakademi.net\/wp-content\/uploads\/2025\/01\/Logo-web-1024x156.avif","contentUrl":"https:\/\/nilakademi.net\/wp-content\/uploads\/2025\/01\/Logo-web-1024x156.avif","width":1031,"height":157,"caption":"Nil Akademi"},"image":{"@id":"https:\/\/nilakademi.net\/#\/schema\/logo\/image\/"},"sameAs":["https:\/\/www.instagram.com\/nilakademik\/","https:\/\/www.linkedin.com\/company\/nil-akademi-uluslararas-sertifikal-eitim-ve-danmanlk\/about\/"]}]}},"jetpack_sharing_enabled":true,"_links":{"self":[{"href":"https:\/\/nilakademi.net\/en\/wp-json\/wp\/v2\/product\/15556","targetHints":{"allow":["GET"]}}],"collection":[{"href":"https:\/\/nilakademi.net\/en\/wp-json\/wp\/v2\/product"}],"about":[{"href":"https:\/\/nilakademi.net\/en\/wp-json\/wp\/v2\/types\/product"}],"version-history":[{"count":1,"href":"https:\/\/nilakademi.net\/en\/wp-json\/wp\/v2\/product\/15556\/revisions"}],"predecessor-version":[{"id":15557,"href":"https:\/\/nilakademi.net\/en\/wp-json\/wp\/v2\/product\/15556\/revisions\/15557"}],"wp:featuredmedia":[{"embeddable":true,"href":"https:\/\/nilakademi.net\/en\/wp-json\/wp\/v2\/media\/15680"}],"wp:attachment":[{"href":"https:\/\/nilakademi.net\/en\/wp-json\/wp\/v2\/media?parent=15556"}],"wp:term":[{"taxonomy":"product_brand","embeddable":true,"href":"https:\/\/nilakademi.net\/en\/wp-json\/wp\/v2\/product_brand?post=15556"},{"taxonomy":"product_cat","embeddable":true,"href":"https:\/\/nilakademi.net\/en\/wp-json\/wp\/v2\/product_cat?post=15556"},{"taxonomy":"product_tag","embeddable":true,"href":"https:\/\/nilakademi.net\/en\/wp-json\/wp\/v2\/product_tag?post=15556"}],"curies":[{"name":"wp","href":"https:\/\/api.w.org\/{rel}","templated":true}]}}