{"id":15575,"date":"2026-03-08T15:36:32","date_gmt":"2026-03-08T12:36:32","guid":{"rendered":"https:\/\/nilakademi.net\/?post_type=product&#038;p=15575"},"modified":"2026-03-09T17:24:41","modified_gmt":"2026-03-09T14:24:41","slug":"egitim-uzmanligi-modul-3-egitim-tasarimi-ve-planlama","status":"publish","type":"product","link":"https:\/\/nilakademi.net\/en\/product\/egitim-uzmanligi-modul-3-egitim-tasarimi-ve-planlama\/","title":{"rendered":"E\u011fitim Uzmanl\u0131\u011f\u0131 Mod\u00fcl 3 \u2013 E\u011fitim Tasar\u0131m\u0131 ve Planlama"},"content":{"rendered":"<div class=\"wpb-content-wrapper\">\n<div class=\"vc_row wpb_row vc_row-fluid\">\n\t\t<div class=\"wpb_column vc_column_container vc_col-sm-12\"><div class=\"vc_column-inner\"><div class=\"wpb_wrapper\">\n\t<div class=\"wpb_text_column wpb_content_element\" >\n\t\t<div class=\"wpb_wrapper\">\n\t\t\t<ul>\n<li data-start=\"6380\" data-end=\"6538\">E\u011fitim Uzmanl\u0131\u011f\u0131 Mod\u00fcl 3 \u2013 E\u011fitim Tasar\u0131m\u0131 ve Planlama, e\u011fitim programlar\u0131n\u0131n sistemli ve profesyonel \u015fekilde tasarlanmas\u0131n\u0131 \u00f6\u011fretmek amac\u0131yla haz\u0131rlanm\u0131\u015ft\u0131r.<\/li>\n<li data-start=\"6540\" data-end=\"6809\">Bu mod\u00fclde e\u011fitim ekosistemi olu\u015fturma, e\u011fitim program\u0131 geli\u015ftirme modelleri (ADDIE, Tyler, Kemp), e\u011fitim ihtiya\u00e7 analizi, Bloom Taksonomisi ile kazan\u0131m yazma, e\u011fitim materyali tasar\u0131m\u0131, \u00f6\u011fretim teknolojileri ve yapay zek\u00e2 destekli e\u011fitim yakla\u015f\u0131mlar\u0131 ele al\u0131nmaktad\u0131r.<\/li>\n<li data-start=\"6811\" data-end=\"6915\">E\u011fitim i\u00e7eri\u011fi toplam <strong data-start=\"6833\" data-end=\"6852\">9 video dersten<\/strong> olu\u015fmaktad\u0131r ve mod\u00fcl\u00fcn toplam s\u00fcresi <strong data-start=\"6891\" data-end=\"6914\">4 saat 45 dakikad\u0131r<\/strong>.<\/li>\n<li data-start=\"6917\" data-end=\"7045\">Video eri\u015fim ba\u011flant\u0131lar\u0131 sat\u0131n alma i\u015flemi tamamland\u0131ktan sonra sipari\u015f s\u0131ras\u0131nda kullan\u0131lan e-posta adresine g\u00f6nderilmektedir.<\/li>\n<\/ul>\n\n\t\t<\/div>\n\t<\/div>\n<\/div><\/div><\/div><\/div>\n\n<\/div>","protected":false},"excerpt":{"rendered":"<p data-start=\"6134\" data-end=\"6265\">\u2714 9 video ders<br data-start=\"6148\" data-end=\"6151\" \/>\u2714 Toplam e\u011fitim s\u00fcresi: 4 saat 45 dakika<br data-start=\"6191\" data-end=\"6194\" \/>\u2714 E\u011fitim tasar\u0131m\u0131, program geli\u015ftirme ve e\u011fitim teknolojileri i\u00e7eri\u011fi<\/p>\n<p data-start=\"6267\" data-end=\"6344\">\ud83d\udce9 Video eri\u015fim ba\u011flant\u0131lar\u0131 sat\u0131n alma sonras\u0131 e-posta ile g\u00f6nderilmektedir.<\/p>","protected":false},"featured_media":15681,"template":"","meta":{"nf_dc_page":""},"product_brand":[],"product_cat":[15],"product_tag":[],"class_list":{"0":"post-15575","1":"product","2":"type-product","3":"status-publish","4":"has-post-thumbnail","6":"product_cat-ucretli-egitimler","8":"first","9":"instock","10":"sold-individually","11":"taxable","12":"shipping-taxable","13":"purchasable","14":"product-type-simple"},"yoast_head":"<!-- This site is optimized with the Yoast SEO plugin v27.5 - https:\/\/yoast.com\/product\/yoast-seo-wordpress\/ -->\n<title>E\u011fitim Uzmanl\u0131\u011f\u0131 Mod\u00fcl 3 \u2013 E\u011fitim Tasar\u0131m\u0131 ve Planlama - Nil Akademi<\/title>\n<meta name=\"robots\" content=\"index, follow, max-snippet:-1, max-image-preview:large, max-video-preview:-1\" \/>\n<link rel=\"canonical\" href=\"https:\/\/nilakademi.net\/en\/product\/egitim-uzmanligi-modul-3-egitim-tasarimi-ve-planlama\/\" \/>\n<meta property=\"og:locale\" content=\"en_US\" \/>\n<meta property=\"og:type\" content=\"article\" \/>\n<meta property=\"og:title\" content=\"E\u011fitim Uzmanl\u0131\u011f\u0131 Mod\u00fcl 3 \u2013 E\u011fitim Tasar\u0131m\u0131 ve Planlama - Nil Akademi\" \/>\n<meta property=\"og:description\" content=\"\u2714 9 video ders\u2714 Toplam e\u011fitim s\u00fcresi: 4 saat 45 dakika\u2714 E\u011fitim tasar\u0131m\u0131, program geli\u015ftirme ve e\u011fitim teknolojileri i\u00e7eri\u011fi \ud83d\udce9 Video eri\u015fim ba\u011flant\u0131lar\u0131 sat\u0131n alma sonras\u0131 e-posta ile g\u00f6nderilmektedir.\" \/>\n<meta property=\"og:url\" content=\"https:\/\/nilakademi.net\/en\/product\/egitim-uzmanligi-modul-3-egitim-tasarimi-ve-planlama\/\" \/>\n<meta property=\"og:site_name\" content=\"Nil Akademi\" \/>\n<meta property=\"article:modified_time\" content=\"2026-03-09T14:24:41+00:00\" \/>\n<meta property=\"og:image\" content=\"https:\/\/nilakademi.net\/wp-content\/uploads\/2026\/03\/modul3Y.avif\" \/>\n\t<meta property=\"og:image:width\" content=\"1536\" \/>\n\t<meta property=\"og:image:height\" content=\"1024\" \/>\n\t<meta property=\"og:image:type\" content=\"image\/jpeg\" \/>\n<meta name=\"twitter:card\" content=\"summary_large_image\" \/>\n<meta name=\"twitter:label1\" content=\"Est. reading time\" \/>\n\t<meta name=\"twitter:data1\" content=\"1 minute\" \/>\n<script type=\"application\/ld+json\" class=\"yoast-schema-graph\">{\"@context\":\"https:\\\/\\\/schema.org\",\"@graph\":[{\"@type\":\"WebPage\",\"@id\":\"https:\\\/\\\/nilakademi.net\\\/urun\\\/egitim-uzmanligi-modul-3-egitim-tasarimi-ve-planlama\\\/\",\"url\":\"https:\\\/\\\/nilakademi.net\\\/urun\\\/egitim-uzmanligi-modul-3-egitim-tasarimi-ve-planlama\\\/\",\"name\":\"E\u011fitim Uzmanl\u0131\u011f\u0131 Mod\u00fcl 3 \u2013 E\u011fitim Tasar\u0131m\u0131 ve Planlama - Nil Akademi\",\"isPartOf\":{\"@id\":\"https:\\\/\\\/nilakademi.net\\\/#website\"},\"primaryImageOfPage\":{\"@id\":\"https:\\\/\\\/nilakademi.net\\\/urun\\\/egitim-uzmanligi-modul-3-egitim-tasarimi-ve-planlama\\\/#primaryimage\"},\"image\":{\"@id\":\"https:\\\/\\\/nilakademi.net\\\/urun\\\/egitim-uzmanligi-modul-3-egitim-tasarimi-ve-planlama\\\/#primaryimage\"},\"thumbnailUrl\":\"https:\\\/\\\/nilakademi.net\\\/wp-content\\\/uploads\\\/2026\\\/03\\\/modul3Y.avif\",\"datePublished\":\"2026-03-08T12:36:32+00:00\",\"dateModified\":\"2026-03-09T14:24:41+00:00\",\"breadcrumb\":{\"@id\":\"https:\\\/\\\/nilakademi.net\\\/urun\\\/egitim-uzmanligi-modul-3-egitim-tasarimi-ve-planlama\\\/#breadcrumb\"},\"inLanguage\":\"en-US\",\"potentialAction\":[{\"@type\":\"ReadAction\",\"target\":[\"https:\\\/\\\/nilakademi.net\\\/urun\\\/egitim-uzmanligi-modul-3-egitim-tasarimi-ve-planlama\\\/\"]}]},{\"@type\":\"ImageObject\",\"inLanguage\":\"en-US\",\"@id\":\"https:\\\/\\\/nilakademi.net\\\/urun\\\/egitim-uzmanligi-modul-3-egitim-tasarimi-ve-planlama\\\/#primaryimage\",\"url\":\"https:\\\/\\\/nilakademi.net\\\/wp-content\\\/uploads\\\/2026\\\/03\\\/modul3Y.avif\",\"contentUrl\":\"https:\\\/\\\/nilakademi.net\\\/wp-content\\\/uploads\\\/2026\\\/03\\\/modul3Y.avif\",\"width\":1536,\"height\":1024},{\"@type\":\"BreadcrumbList\",\"@id\":\"https:\\\/\\\/nilakademi.net\\\/urun\\\/egitim-uzmanligi-modul-3-egitim-tasarimi-ve-planlama\\\/#breadcrumb\",\"itemListElement\":[{\"@type\":\"ListItem\",\"position\":1,\"name\":\"Anasayfa\",\"item\":\"https:\\\/\\\/nilakademi.net\\\/\"},{\"@type\":\"ListItem\",\"position\":2,\"name\":\"Ma\u011faza\",\"item\":\"https:\\\/\\\/nilakademi.net\\\/magaza\\\/\"},{\"@type\":\"ListItem\",\"position\":3,\"name\":\"E\u011fitim Uzmanl\u0131\u011f\u0131 Mod\u00fcl 3 \u2013 E\u011fitim Tasar\u0131m\u0131 ve Planlama\"}]},{\"@type\":\"WebSite\",\"@id\":\"https:\\\/\\\/nilakademi.net\\\/#website\",\"url\":\"https:\\\/\\\/nilakademi.net\\\/\",\"name\":\"Nil Akademi\",\"description\":\"Uluslararas\u0131 Sertifikal\u0131 E\u011fitim ve Dan\u0131\u015fmanl\u0131k Merkezi\",\"publisher\":{\"@id\":\"https:\\\/\\\/nilakademi.net\\\/#organization\"},\"potentialAction\":[{\"@type\":\"SearchAction\",\"target\":{\"@type\":\"EntryPoint\",\"urlTemplate\":\"https:\\\/\\\/nilakademi.net\\\/?s={search_term_string}\"},\"query-input\":{\"@type\":\"PropertyValueSpecification\",\"valueRequired\":true,\"valueName\":\"search_term_string\"}}],\"inLanguage\":\"en-US\"},{\"@type\":\"Organization\",\"@id\":\"https:\\\/\\\/nilakademi.net\\\/#organization\",\"name\":\"Nil Akademi\",\"url\":\"https:\\\/\\\/nilakademi.net\\\/\",\"logo\":{\"@type\":\"ImageObject\",\"inLanguage\":\"en-US\",\"@id\":\"https:\\\/\\\/nilakademi.net\\\/#\\\/schema\\\/logo\\\/image\\\/\",\"url\":\"https:\\\/\\\/nilakademi.net\\\/wp-content\\\/uploads\\\/2025\\\/01\\\/Logo-web-1024x156.avif\",\"contentUrl\":\"https:\\\/\\\/nilakademi.net\\\/wp-content\\\/uploads\\\/2025\\\/01\\\/Logo-web-1024x156.avif\",\"width\":1031,\"height\":157,\"caption\":\"Nil Akademi\"},\"image\":{\"@id\":\"https:\\\/\\\/nilakademi.net\\\/#\\\/schema\\\/logo\\\/image\\\/\"},\"sameAs\":[\"https:\\\/\\\/www.instagram.com\\\/nilakademik\\\/\",\"https:\\\/\\\/www.linkedin.com\\\/company\\\/nil-akademi-uluslararas-sertifikal-eitim-ve-danmanlk\\\/about\\\/\"]}]}<\/script>\n<!-- \/ Yoast SEO plugin. -->","yoast_head_json":{"title":"E\u011fitim Uzmanl\u0131\u011f\u0131 Mod\u00fcl 3 \u2013 E\u011fitim Tasar\u0131m\u0131 ve Planlama - Nil Akademi","robots":{"index":"index","follow":"follow","max-snippet":"max-snippet:-1","max-image-preview":"max-image-preview:large","max-video-preview":"max-video-preview:-1"},"canonical":"https:\/\/nilakademi.net\/en\/product\/egitim-uzmanligi-modul-3-egitim-tasarimi-ve-planlama\/","og_locale":"en_US","og_type":"article","og_title":"E\u011fitim Uzmanl\u0131\u011f\u0131 Mod\u00fcl 3 \u2013 E\u011fitim Tasar\u0131m\u0131 ve Planlama - Nil Akademi","og_description":"\u2714 9 video ders\u2714 Toplam e\u011fitim s\u00fcresi: 4 saat 45 dakika\u2714 E\u011fitim tasar\u0131m\u0131, program geli\u015ftirme ve e\u011fitim teknolojileri i\u00e7eri\u011fi \ud83d\udce9 Video eri\u015fim ba\u011flant\u0131lar\u0131 sat\u0131n alma sonras\u0131 e-posta ile g\u00f6nderilmektedir.","og_url":"https:\/\/nilakademi.net\/en\/product\/egitim-uzmanligi-modul-3-egitim-tasarimi-ve-planlama\/","og_site_name":"Nil Akademi","article_modified_time":"2026-03-09T14:24:41+00:00","og_image":[{"width":1536,"height":1024,"url":"https:\/\/nilakademi.net\/wp-content\/uploads\/2026\/03\/modul3Y.avif","type":"image\/jpeg"}],"twitter_card":"summary_large_image","twitter_misc":{"Est. reading time":"1 minute"},"schema":{"@context":"https:\/\/schema.org","@graph":[{"@type":"WebPage","@id":"https:\/\/nilakademi.net\/urun\/egitim-uzmanligi-modul-3-egitim-tasarimi-ve-planlama\/","url":"https:\/\/nilakademi.net\/urun\/egitim-uzmanligi-modul-3-egitim-tasarimi-ve-planlama\/","name":"E\u011fitim Uzmanl\u0131\u011f\u0131 Mod\u00fcl 3 \u2013 E\u011fitim Tasar\u0131m\u0131 ve Planlama - Nil Akademi","isPartOf":{"@id":"https:\/\/nilakademi.net\/#website"},"primaryImageOfPage":{"@id":"https:\/\/nilakademi.net\/urun\/egitim-uzmanligi-modul-3-egitim-tasarimi-ve-planlama\/#primaryimage"},"image":{"@id":"https:\/\/nilakademi.net\/urun\/egitim-uzmanligi-modul-3-egitim-tasarimi-ve-planlama\/#primaryimage"},"thumbnailUrl":"https:\/\/nilakademi.net\/wp-content\/uploads\/2026\/03\/modul3Y.avif","datePublished":"2026-03-08T12:36:32+00:00","dateModified":"2026-03-09T14:24:41+00:00","breadcrumb":{"@id":"https:\/\/nilakademi.net\/urun\/egitim-uzmanligi-modul-3-egitim-tasarimi-ve-planlama\/#breadcrumb"},"inLanguage":"en-US","potentialAction":[{"@type":"ReadAction","target":["https:\/\/nilakademi.net\/urun\/egitim-uzmanligi-modul-3-egitim-tasarimi-ve-planlama\/"]}]},{"@type":"ImageObject","inLanguage":"en-US","@id":"https:\/\/nilakademi.net\/urun\/egitim-uzmanligi-modul-3-egitim-tasarimi-ve-planlama\/#primaryimage","url":"https:\/\/nilakademi.net\/wp-content\/uploads\/2026\/03\/modul3Y.avif","contentUrl":"https:\/\/nilakademi.net\/wp-content\/uploads\/2026\/03\/modul3Y.avif","width":1536,"height":1024},{"@type":"BreadcrumbList","@id":"https:\/\/nilakademi.net\/urun\/egitim-uzmanligi-modul-3-egitim-tasarimi-ve-planlama\/#breadcrumb","itemListElement":[{"@type":"ListItem","position":1,"name":"Anasayfa","item":"https:\/\/nilakademi.net\/"},{"@type":"ListItem","position":2,"name":"Ma\u011faza","item":"https:\/\/nilakademi.net\/magaza\/"},{"@type":"ListItem","position":3,"name":"E\u011fitim Uzmanl\u0131\u011f\u0131 Mod\u00fcl 3 \u2013 E\u011fitim Tasar\u0131m\u0131 ve Planlama"}]},{"@type":"WebSite","@id":"https:\/\/nilakademi.net\/#website","url":"https:\/\/nilakademi.net\/","name":"Nil Akademi","description":"Uluslararas\u0131 Sertifikal\u0131 E\u011fitim ve Dan\u0131\u015fmanl\u0131k Merkezi","publisher":{"@id":"https:\/\/nilakademi.net\/#organization"},"potentialAction":[{"@type":"SearchAction","target":{"@type":"EntryPoint","urlTemplate":"https:\/\/nilakademi.net\/?s={search_term_string}"},"query-input":{"@type":"PropertyValueSpecification","valueRequired":true,"valueName":"search_term_string"}}],"inLanguage":"en-US"},{"@type":"Organization","@id":"https:\/\/nilakademi.net\/#organization","name":"Nil Akademi","url":"https:\/\/nilakademi.net\/","logo":{"@type":"ImageObject","inLanguage":"en-US","@id":"https:\/\/nilakademi.net\/#\/schema\/logo\/image\/","url":"https:\/\/nilakademi.net\/wp-content\/uploads\/2025\/01\/Logo-web-1024x156.avif","contentUrl":"https:\/\/nilakademi.net\/wp-content\/uploads\/2025\/01\/Logo-web-1024x156.avif","width":1031,"height":157,"caption":"Nil Akademi"},"image":{"@id":"https:\/\/nilakademi.net\/#\/schema\/logo\/image\/"},"sameAs":["https:\/\/www.instagram.com\/nilakademik\/","https:\/\/www.linkedin.com\/company\/nil-akademi-uluslararas-sertifikal-eitim-ve-danmanlk\/about\/"]}]}},"jetpack_sharing_enabled":true,"_links":{"self":[{"href":"https:\/\/nilakademi.net\/en\/wp-json\/wp\/v2\/product\/15575","targetHints":{"allow":["GET"]}}],"collection":[{"href":"https:\/\/nilakademi.net\/en\/wp-json\/wp\/v2\/product"}],"about":[{"href":"https:\/\/nilakademi.net\/en\/wp-json\/wp\/v2\/types\/product"}],"version-history":[{"count":1,"href":"https:\/\/nilakademi.net\/en\/wp-json\/wp\/v2\/product\/15575\/revisions"}],"predecessor-version":[{"id":15576,"href":"https:\/\/nilakademi.net\/en\/wp-json\/wp\/v2\/product\/15575\/revisions\/15576"}],"wp:featuredmedia":[{"embeddable":true,"href":"https:\/\/nilakademi.net\/en\/wp-json\/wp\/v2\/media\/15681"}],"wp:attachment":[{"href":"https:\/\/nilakademi.net\/en\/wp-json\/wp\/v2\/media?parent=15575"}],"wp:term":[{"taxonomy":"product_brand","embeddable":true,"href":"https:\/\/nilakademi.net\/en\/wp-json\/wp\/v2\/product_brand?post=15575"},{"taxonomy":"product_cat","embeddable":true,"href":"https:\/\/nilakademi.net\/en\/wp-json\/wp\/v2\/product_cat?post=15575"},{"taxonomy":"product_tag","embeddable":true,"href":"https:\/\/nilakademi.net\/en\/wp-json\/wp\/v2\/product_tag?post=15575"}],"curies":[{"name":"wp","href":"https:\/\/api.w.org\/{rel}","templated":true}]}}