{"id":15592,"date":"2026-03-08T16:30:15","date_gmt":"2026-03-08T13:30:15","guid":{"rendered":"https:\/\/nilakademi.net\/?post_type=product&#038;p=15592"},"modified":"2026-03-09T17:24:50","modified_gmt":"2026-03-09T14:24:50","slug":"egitim-uzmanligi-modul-4-uygulama-iletisim-ve-sinif-yonetimi","status":"publish","type":"product","link":"https:\/\/nilakademi.net\/en\/product\/egitim-uzmanligi-modul-4-uygulama-iletisim-ve-sinif-yonetimi\/","title":{"rendered":"E\u011fitim Uzmanl\u0131\u011f\u0131 Mod\u00fcl 4 \u2013 Uygulama, \u0130leti\u015fim ve S\u0131n\u0131f Y\u00f6netimi"},"content":{"rendered":"<div class=\"wpb-content-wrapper\">\n<div class=\"vc_row wpb_row vc_row-fluid\">\n\t\t<div class=\"wpb_column vc_column_container vc_col-sm-12\"><div class=\"vc_column-inner\"><div class=\"wpb_wrapper\">\n\t<div class=\"wpb_text_column wpb_content_element\" >\n\t\t<div class=\"wpb_wrapper\">\n\t\t\t<p data-start=\"2500\" data-end=\"2701\">E\u011fitim Uzmanl\u0131\u011f\u0131 Mod\u00fcl 4 \u2013 Uygulama, \u0130leti\u015fim ve S\u0131n\u0131f Y\u00f6netimi, e\u011fitmenlerin e\u011fitim s\u00fcre\u00e7lerini etkili bi\u00e7imde uygulayabilmesi ve kat\u0131l\u0131mc\u0131larla g\u00fc\u00e7l\u00fc bir ileti\u015fim kurabilmesi amac\u0131yla haz\u0131rlanm\u0131\u015ft\u0131r.<\/p>\n<p data-start=\"2703\" data-end=\"3026\">Bu mod\u00fclde e\u011fitim bi\u00e7imleri, e\u011fitmenin ileti\u015fim becerileri, kat\u0131l\u0131mc\u0131 analizi, grup dinamikleri, \u00f6\u011frenme motivasyonu ve etkili sunum teknikleri ele al\u0131nmaktad\u0131r. Kat\u0131l\u0131mc\u0131lar e\u011fitim ortam\u0131nda ileti\u015fim ve etkile\u015fimi art\u0131ran y\u00f6ntemleri \u00f6\u011frenirken ayn\u0131 zamanda sunum ve hik\u00e2yele\u015ftirme becerilerini geli\u015ftirme f\u0131rsat\u0131 bulurlar.<\/p>\n<p data-start=\"3028\" data-end=\"3132\">E\u011fitim i\u00e7eri\u011fi toplam <strong data-start=\"3050\" data-end=\"3069\">6 video dersten<\/strong> olu\u015fmaktad\u0131r ve mod\u00fcl\u00fcn toplam s\u00fcresi <strong data-start=\"3108\" data-end=\"3132\">4 saat 58 dakikad\u0131r.<br \/>\n<\/strong><\/p>\n<h2 data-section-id=\"kbv0lo\" data-start=\"3139\" data-end=\"3155\">Mod\u00fcl \u0130\u00e7eri\u011fi<\/h2>\n<ul>\n<li data-start=\"3159\" data-end=\"3201\">E\u011fitim Bi\u00e7imleri: \u00d6rg\u00fcn, Uzaktan, Hibrit<\/li>\n<li data-start=\"3204\" data-end=\"3232\">E\u011fitmenin Etkili \u0130leti\u015fimi<\/li>\n<li data-start=\"3235\" data-end=\"3283\">Kat\u0131l\u0131mc\u0131y\u0131 Tan\u0131mak, Profil Analizi ve Y\u00f6netim<\/li>\n<li data-start=\"3286\" data-end=\"3338\">Kat\u0131l\u0131mc\u0131 Say\u0131s\u0131 \u2013 Grup Dinami\u011fi ve Tuckman Evrimi<\/li>\n<li data-start=\"3341\" data-end=\"3370\">\u00d6\u011frenmede Motivasyonun Rol\u00fc<\/li>\n<li data-start=\"3373\" data-end=\"3414\">Etkili Sunum Teknikleri ve Storytelling<\/li>\n<\/ul>\n<h2 data-section-id=\"qe7mp9\" data-start=\"3421\" data-end=\"3451\">E\u011fitim Nas\u0131l Teslim Edilir?<\/h2>\n<p data-start=\"3453\" data-end=\"3525\">Bu e\u011fitimde video i\u00e7erikleri sistem i\u00e7erisinde do\u011frudan izlenmemektedir.<\/p>\n<p data-start=\"3527\" data-end=\"3672\">Sat\u0131n alma i\u015flemi tamamland\u0131ktan sonra e\u011fitim videolar\u0131na ait eri\u015fim ba\u011flant\u0131lar\u0131 sipari\u015f s\u0131ras\u0131nda kullan\u0131lan e-posta adresine g\u00f6nderilmektedir.<\/p>\n<p data-start=\"3674\" data-end=\"3774\">L\u00fctfen sipari\u015f olu\u015ftururken aktif olarak kulland\u0131\u011f\u0131n\u0131z ve do\u011fru yaz\u0131lm\u0131\u015f bir e-posta adresi giriniz.<\/p>\n\n\t\t<\/div>\n\t<\/div>\n<\/div><\/div><\/div><\/div>\n\n<\/div>","protected":false},"excerpt":{"rendered":"<p data-start=\"2266\" data-end=\"2390\">\u2714 6 video ders<br data-start=\"2280\" data-end=\"2283\" \/>\u2714 Toplam e\u011fitim s\u00fcresi: <strong data-start=\"2307\" data-end=\"2327\">4 saat 58 dakika<\/strong><br data-start=\"2327\" data-end=\"2330\" \/>\u2714 S\u0131n\u0131f y\u00f6netimi, ileti\u015fim, motivasyon ve sunum teknikleri<\/p>\n<p data-start=\"2392\" data-end=\"2469\">\ud83d\udce9 Video eri\u015fim ba\u011flant\u0131lar\u0131 sat\u0131n alma sonras\u0131 e-posta ile g\u00f6nderilmektedir.<\/p>","protected":false},"featured_media":15682,"template":"","meta":{"nf_dc_page":""},"product_brand":[],"product_cat":[15],"product_tag":[],"class_list":{"0":"post-15592","1":"product","2":"type-product","3":"status-publish","4":"has-post-thumbnail","6":"product_cat-ucretli-egitimler","8":"first","9":"instock","10":"sold-individually","11":"taxable","12":"shipping-taxable","13":"purchasable","14":"product-type-simple"},"yoast_head":"<!-- This site is optimized with the Yoast SEO plugin v27.5 - https:\/\/yoast.com\/product\/yoast-seo-wordpress\/ -->\n<title>E\u011fitim Uzmanl\u0131\u011f\u0131 Mod\u00fcl 4 \u2013 Uygulama, \u0130leti\u015fim ve S\u0131n\u0131f Y\u00f6netimi - Nil Akademi<\/title>\n<meta name=\"robots\" content=\"index, follow, max-snippet:-1, max-image-preview:large, max-video-preview:-1\" \/>\n<link rel=\"canonical\" href=\"https:\/\/nilakademi.net\/en\/product\/egitim-uzmanligi-modul-4-uygulama-iletisim-ve-sinif-yonetimi\/\" \/>\n<meta property=\"og:locale\" content=\"en_US\" \/>\n<meta property=\"og:type\" content=\"article\" \/>\n<meta property=\"og:title\" content=\"E\u011fitim Uzmanl\u0131\u011f\u0131 Mod\u00fcl 4 \u2013 Uygulama, \u0130leti\u015fim ve S\u0131n\u0131f Y\u00f6netimi - Nil Akademi\" \/>\n<meta property=\"og:description\" content=\"\u2714 6 video ders\u2714 Toplam e\u011fitim s\u00fcresi: 4 saat 58 dakika\u2714 S\u0131n\u0131f y\u00f6netimi, ileti\u015fim, motivasyon ve sunum teknikleri \ud83d\udce9 Video eri\u015fim ba\u011flant\u0131lar\u0131 sat\u0131n alma sonras\u0131 e-posta ile g\u00f6nderilmektedir.\" \/>\n<meta property=\"og:url\" content=\"https:\/\/nilakademi.net\/en\/product\/egitim-uzmanligi-modul-4-uygulama-iletisim-ve-sinif-yonetimi\/\" \/>\n<meta property=\"og:site_name\" content=\"Nil Akademi\" \/>\n<meta property=\"article:modified_time\" content=\"2026-03-09T14:24:50+00:00\" \/>\n<meta property=\"og:image\" content=\"https:\/\/nilakademi.net\/wp-content\/uploads\/2026\/03\/modul4Y.avif\" \/>\n\t<meta property=\"og:image:width\" content=\"1536\" \/>\n\t<meta property=\"og:image:height\" content=\"1024\" \/>\n\t<meta property=\"og:image:type\" content=\"image\/jpeg\" \/>\n<meta name=\"twitter:card\" content=\"summary_large_image\" \/>\n<meta name=\"twitter:label1\" content=\"Est. reading time\" \/>\n\t<meta name=\"twitter:data1\" content=\"2 minutes\" \/>\n<script type=\"application\/ld+json\" class=\"yoast-schema-graph\">{\"@context\":\"https:\\\/\\\/schema.org\",\"@graph\":[{\"@type\":\"WebPage\",\"@id\":\"https:\\\/\\\/nilakademi.net\\\/urun\\\/egitim-uzmanligi-modul-4-uygulama-iletisim-ve-sinif-yonetimi\\\/\",\"url\":\"https:\\\/\\\/nilakademi.net\\\/urun\\\/egitim-uzmanligi-modul-4-uygulama-iletisim-ve-sinif-yonetimi\\\/\",\"name\":\"E\u011fitim Uzmanl\u0131\u011f\u0131 Mod\u00fcl 4 \u2013 Uygulama, \u0130leti\u015fim ve S\u0131n\u0131f Y\u00f6netimi - Nil Akademi\",\"isPartOf\":{\"@id\":\"https:\\\/\\\/nilakademi.net\\\/#website\"},\"primaryImageOfPage\":{\"@id\":\"https:\\\/\\\/nilakademi.net\\\/urun\\\/egitim-uzmanligi-modul-4-uygulama-iletisim-ve-sinif-yonetimi\\\/#primaryimage\"},\"image\":{\"@id\":\"https:\\\/\\\/nilakademi.net\\\/urun\\\/egitim-uzmanligi-modul-4-uygulama-iletisim-ve-sinif-yonetimi\\\/#primaryimage\"},\"thumbnailUrl\":\"https:\\\/\\\/nilakademi.net\\\/wp-content\\\/uploads\\\/2026\\\/03\\\/modul4Y.avif\",\"datePublished\":\"2026-03-08T13:30:15+00:00\",\"dateModified\":\"2026-03-09T14:24:50+00:00\",\"breadcrumb\":{\"@id\":\"https:\\\/\\\/nilakademi.net\\\/urun\\\/egitim-uzmanligi-modul-4-uygulama-iletisim-ve-sinif-yonetimi\\\/#breadcrumb\"},\"inLanguage\":\"en-US\",\"potentialAction\":[{\"@type\":\"ReadAction\",\"target\":[\"https:\\\/\\\/nilakademi.net\\\/urun\\\/egitim-uzmanligi-modul-4-uygulama-iletisim-ve-sinif-yonetimi\\\/\"]}]},{\"@type\":\"ImageObject\",\"inLanguage\":\"en-US\",\"@id\":\"https:\\\/\\\/nilakademi.net\\\/urun\\\/egitim-uzmanligi-modul-4-uygulama-iletisim-ve-sinif-yonetimi\\\/#primaryimage\",\"url\":\"https:\\\/\\\/nilakademi.net\\\/wp-content\\\/uploads\\\/2026\\\/03\\\/modul4Y.avif\",\"contentUrl\":\"https:\\\/\\\/nilakademi.net\\\/wp-content\\\/uploads\\\/2026\\\/03\\\/modul4Y.avif\",\"width\":1536,\"height\":1024},{\"@type\":\"BreadcrumbList\",\"@id\":\"https:\\\/\\\/nilakademi.net\\\/urun\\\/egitim-uzmanligi-modul-4-uygulama-iletisim-ve-sinif-yonetimi\\\/#breadcrumb\",\"itemListElement\":[{\"@type\":\"ListItem\",\"position\":1,\"name\":\"Anasayfa\",\"item\":\"https:\\\/\\\/nilakademi.net\\\/\"},{\"@type\":\"ListItem\",\"position\":2,\"name\":\"Ma\u011faza\",\"item\":\"https:\\\/\\\/nilakademi.net\\\/magaza\\\/\"},{\"@type\":\"ListItem\",\"position\":3,\"name\":\"E\u011fitim Uzmanl\u0131\u011f\u0131 Mod\u00fcl 4 \u2013 Uygulama, \u0130leti\u015fim ve S\u0131n\u0131f Y\u00f6netimi\"}]},{\"@type\":\"WebSite\",\"@id\":\"https:\\\/\\\/nilakademi.net\\\/#website\",\"url\":\"https:\\\/\\\/nilakademi.net\\\/\",\"name\":\"Nil Akademi\",\"description\":\"Uluslararas\u0131 Sertifikal\u0131 E\u011fitim ve Dan\u0131\u015fmanl\u0131k Merkezi\",\"publisher\":{\"@id\":\"https:\\\/\\\/nilakademi.net\\\/#organization\"},\"potentialAction\":[{\"@type\":\"SearchAction\",\"target\":{\"@type\":\"EntryPoint\",\"urlTemplate\":\"https:\\\/\\\/nilakademi.net\\\/?s={search_term_string}\"},\"query-input\":{\"@type\":\"PropertyValueSpecification\",\"valueRequired\":true,\"valueName\":\"search_term_string\"}}],\"inLanguage\":\"en-US\"},{\"@type\":\"Organization\",\"@id\":\"https:\\\/\\\/nilakademi.net\\\/#organization\",\"name\":\"Nil Akademi\",\"url\":\"https:\\\/\\\/nilakademi.net\\\/\",\"logo\":{\"@type\":\"ImageObject\",\"inLanguage\":\"en-US\",\"@id\":\"https:\\\/\\\/nilakademi.net\\\/#\\\/schema\\\/logo\\\/image\\\/\",\"url\":\"https:\\\/\\\/nilakademi.net\\\/wp-content\\\/uploads\\\/2025\\\/01\\\/Logo-web-1024x156.avif\",\"contentUrl\":\"https:\\\/\\\/nilakademi.net\\\/wp-content\\\/uploads\\\/2025\\\/01\\\/Logo-web-1024x156.avif\",\"width\":1031,\"height\":157,\"caption\":\"Nil Akademi\"},\"image\":{\"@id\":\"https:\\\/\\\/nilakademi.net\\\/#\\\/schema\\\/logo\\\/image\\\/\"},\"sameAs\":[\"https:\\\/\\\/www.instagram.com\\\/nilakademik\\\/\",\"https:\\\/\\\/www.linkedin.com\\\/company\\\/nil-akademi-uluslararas-sertifikal-eitim-ve-danmanlk\\\/about\\\/\"]}]}<\/script>\n<!-- \/ Yoast SEO plugin. -->","yoast_head_json":{"title":"E\u011fitim Uzmanl\u0131\u011f\u0131 Mod\u00fcl 4 \u2013 Uygulama, \u0130leti\u015fim ve S\u0131n\u0131f Y\u00f6netimi - Nil Akademi","robots":{"index":"index","follow":"follow","max-snippet":"max-snippet:-1","max-image-preview":"max-image-preview:large","max-video-preview":"max-video-preview:-1"},"canonical":"https:\/\/nilakademi.net\/en\/product\/egitim-uzmanligi-modul-4-uygulama-iletisim-ve-sinif-yonetimi\/","og_locale":"en_US","og_type":"article","og_title":"E\u011fitim Uzmanl\u0131\u011f\u0131 Mod\u00fcl 4 \u2013 Uygulama, \u0130leti\u015fim ve S\u0131n\u0131f Y\u00f6netimi - Nil Akademi","og_description":"\u2714 6 video ders\u2714 Toplam e\u011fitim s\u00fcresi: 4 saat 58 dakika\u2714 S\u0131n\u0131f y\u00f6netimi, ileti\u015fim, motivasyon ve sunum teknikleri \ud83d\udce9 Video eri\u015fim ba\u011flant\u0131lar\u0131 sat\u0131n alma sonras\u0131 e-posta ile g\u00f6nderilmektedir.","og_url":"https:\/\/nilakademi.net\/en\/product\/egitim-uzmanligi-modul-4-uygulama-iletisim-ve-sinif-yonetimi\/","og_site_name":"Nil Akademi","article_modified_time":"2026-03-09T14:24:50+00:00","og_image":[{"width":1536,"height":1024,"url":"https:\/\/nilakademi.net\/wp-content\/uploads\/2026\/03\/modul4Y.avif","type":"image\/jpeg"}],"twitter_card":"summary_large_image","twitter_misc":{"Est. reading time":"2 minutes"},"schema":{"@context":"https:\/\/schema.org","@graph":[{"@type":"WebPage","@id":"https:\/\/nilakademi.net\/urun\/egitim-uzmanligi-modul-4-uygulama-iletisim-ve-sinif-yonetimi\/","url":"https:\/\/nilakademi.net\/urun\/egitim-uzmanligi-modul-4-uygulama-iletisim-ve-sinif-yonetimi\/","name":"E\u011fitim Uzmanl\u0131\u011f\u0131 Mod\u00fcl 4 \u2013 Uygulama, \u0130leti\u015fim ve S\u0131n\u0131f Y\u00f6netimi - Nil Akademi","isPartOf":{"@id":"https:\/\/nilakademi.net\/#website"},"primaryImageOfPage":{"@id":"https:\/\/nilakademi.net\/urun\/egitim-uzmanligi-modul-4-uygulama-iletisim-ve-sinif-yonetimi\/#primaryimage"},"image":{"@id":"https:\/\/nilakademi.net\/urun\/egitim-uzmanligi-modul-4-uygulama-iletisim-ve-sinif-yonetimi\/#primaryimage"},"thumbnailUrl":"https:\/\/nilakademi.net\/wp-content\/uploads\/2026\/03\/modul4Y.avif","datePublished":"2026-03-08T13:30:15+00:00","dateModified":"2026-03-09T14:24:50+00:00","breadcrumb":{"@id":"https:\/\/nilakademi.net\/urun\/egitim-uzmanligi-modul-4-uygulama-iletisim-ve-sinif-yonetimi\/#breadcrumb"},"inLanguage":"en-US","potentialAction":[{"@type":"ReadAction","target":["https:\/\/nilakademi.net\/urun\/egitim-uzmanligi-modul-4-uygulama-iletisim-ve-sinif-yonetimi\/"]}]},{"@type":"ImageObject","inLanguage":"en-US","@id":"https:\/\/nilakademi.net\/urun\/egitim-uzmanligi-modul-4-uygulama-iletisim-ve-sinif-yonetimi\/#primaryimage","url":"https:\/\/nilakademi.net\/wp-content\/uploads\/2026\/03\/modul4Y.avif","contentUrl":"https:\/\/nilakademi.net\/wp-content\/uploads\/2026\/03\/modul4Y.avif","width":1536,"height":1024},{"@type":"BreadcrumbList","@id":"https:\/\/nilakademi.net\/urun\/egitim-uzmanligi-modul-4-uygulama-iletisim-ve-sinif-yonetimi\/#breadcrumb","itemListElement":[{"@type":"ListItem","position":1,"name":"Anasayfa","item":"https:\/\/nilakademi.net\/"},{"@type":"ListItem","position":2,"name":"Ma\u011faza","item":"https:\/\/nilakademi.net\/magaza\/"},{"@type":"ListItem","position":3,"name":"E\u011fitim Uzmanl\u0131\u011f\u0131 Mod\u00fcl 4 \u2013 Uygulama, \u0130leti\u015fim ve S\u0131n\u0131f Y\u00f6netimi"}]},{"@type":"WebSite","@id":"https:\/\/nilakademi.net\/#website","url":"https:\/\/nilakademi.net\/","name":"Nil Akademi","description":"Uluslararas\u0131 Sertifikal\u0131 E\u011fitim ve Dan\u0131\u015fmanl\u0131k Merkezi","publisher":{"@id":"https:\/\/nilakademi.net\/#organization"},"potentialAction":[{"@type":"SearchAction","target":{"@type":"EntryPoint","urlTemplate":"https:\/\/nilakademi.net\/?s={search_term_string}"},"query-input":{"@type":"PropertyValueSpecification","valueRequired":true,"valueName":"search_term_string"}}],"inLanguage":"en-US"},{"@type":"Organization","@id":"https:\/\/nilakademi.net\/#organization","name":"Nil Akademi","url":"https:\/\/nilakademi.net\/","logo":{"@type":"ImageObject","inLanguage":"en-US","@id":"https:\/\/nilakademi.net\/#\/schema\/logo\/image\/","url":"https:\/\/nilakademi.net\/wp-content\/uploads\/2025\/01\/Logo-web-1024x156.avif","contentUrl":"https:\/\/nilakademi.net\/wp-content\/uploads\/2025\/01\/Logo-web-1024x156.avif","width":1031,"height":157,"caption":"Nil Akademi"},"image":{"@id":"https:\/\/nilakademi.net\/#\/schema\/logo\/image\/"},"sameAs":["https:\/\/www.instagram.com\/nilakademik\/","https:\/\/www.linkedin.com\/company\/nil-akademi-uluslararas-sertifikal-eitim-ve-danmanlk\/about\/"]}]}},"jetpack_sharing_enabled":true,"_links":{"self":[{"href":"https:\/\/nilakademi.net\/en\/wp-json\/wp\/v2\/product\/15592","targetHints":{"allow":["GET"]}}],"collection":[{"href":"https:\/\/nilakademi.net\/en\/wp-json\/wp\/v2\/product"}],"about":[{"href":"https:\/\/nilakademi.net\/en\/wp-json\/wp\/v2\/types\/product"}],"version-history":[{"count":1,"href":"https:\/\/nilakademi.net\/en\/wp-json\/wp\/v2\/product\/15592\/revisions"}],"predecessor-version":[{"id":15593,"href":"https:\/\/nilakademi.net\/en\/wp-json\/wp\/v2\/product\/15592\/revisions\/15593"}],"wp:featuredmedia":[{"embeddable":true,"href":"https:\/\/nilakademi.net\/en\/wp-json\/wp\/v2\/media\/15682"}],"wp:attachment":[{"href":"https:\/\/nilakademi.net\/en\/wp-json\/wp\/v2\/media?parent=15592"}],"wp:term":[{"taxonomy":"product_brand","embeddable":true,"href":"https:\/\/nilakademi.net\/en\/wp-json\/wp\/v2\/product_brand?post=15592"},{"taxonomy":"product_cat","embeddable":true,"href":"https:\/\/nilakademi.net\/en\/wp-json\/wp\/v2\/product_cat?post=15592"},{"taxonomy":"product_tag","embeddable":true,"href":"https:\/\/nilakademi.net\/en\/wp-json\/wp\/v2\/product_tag?post=15592"}],"curies":[{"name":"wp","href":"https:\/\/api.w.org\/{rel}","templated":true}]}}