{"id":15606,"date":"2026-03-08T18:33:46","date_gmt":"2026-03-08T15:33:46","guid":{"rendered":"https:\/\/nilakademi.net\/?post_type=product&#038;p=15606"},"modified":"2026-03-09T17:25:02","modified_gmt":"2026-03-09T14:25:02","slug":"egitim-uzmanligi-modul-5-olcme-degerlendirme-ve-profesyonellesme","status":"publish","type":"product","link":"https:\/\/nilakademi.net\/en\/product\/egitim-uzmanligi-modul-5-olcme-degerlendirme-ve-profesyonellesme\/","title":{"rendered":"E\u011fitim Uzmanl\u0131\u011f\u0131 Mod\u00fcl 5 \u2013 \u00d6l\u00e7me, De\u011ferlendirme ve Profesyonelle\u015fme"},"content":{"rendered":"<div class=\"wpb-content-wrapper\">\n<div class=\"vc_row wpb_row vc_row-fluid\">\n\t\t<div class=\"wpb_column vc_column_container vc_col-sm-12\"><div class=\"vc_column-inner\"><div class=\"wpb_wrapper\">\n\t<div class=\"wpb_text_column wpb_content_element\" >\n\t\t<div class=\"wpb_wrapper\">\n\t\t\t<p data-start=\"662\" data-end=\"900\"><strong data-start=\"662\" data-end=\"733\">E\u011fitim Uzmanl\u0131\u011f\u0131 Mod\u00fcl 5 \u2013 \u00d6l\u00e7me, De\u011ferlendirme ve Profesyonelle\u015fme<\/strong>, e\u011fitim s\u00fcre\u00e7lerinin etkisini \u00f6l\u00e7mek, \u00f6\u011frenme \u00e7\u0131kt\u0131lar\u0131n\u0131 de\u011ferlendirmek ve profesyonel e\u011fitimcilik becerilerini geli\u015ftirmek isteyen kat\u0131l\u0131mc\u0131lar i\u00e7in haz\u0131rlanm\u0131\u015ft\u0131r.<\/p>\n<p data-start=\"902\" data-end=\"1095\">Bu mod\u00fclde e\u011fitim verimlili\u011finin \u00f6l\u00e7\u00fclmesi, rubrik kullan\u0131m\u0131, geri bildirim teknikleri, Kirkpatrick de\u011ferlendirme modeli, e\u011fitimcinin etik ilkeleri ve s\u0131nav haz\u0131rl\u0131k s\u00fcre\u00e7leri ele al\u0131nmaktad\u0131r.<\/p>\n<p data-start=\"1097\" data-end=\"1275\">Kat\u0131l\u0131mc\u0131lar bu mod\u00fcl sayesinde e\u011fitim s\u00fcre\u00e7lerini analiz etmeyi, \u00f6\u011frenme \u00e7\u0131kt\u0131lar\u0131n\u0131 objektif \u015fekilde de\u011ferlendirmeyi ve profesyonel bir e\u011fitimci yakla\u015f\u0131m\u0131 geli\u015ftirmeyi \u00f6\u011frenir.<\/p>\n<p data-start=\"1277\" data-end=\"1381\">E\u011fitim i\u00e7eri\u011fi toplam <strong data-start=\"1299\" data-end=\"1318\">6 video dersten<\/strong> olu\u015fmaktad\u0131r ve mod\u00fcl\u00fcn toplam s\u00fcresi <strong data-start=\"1357\" data-end=\"1381\">4 saat 22 dakikad\u0131r.<br \/>\n<\/strong><\/p>\n<h2 data-section-id=\"kbv0lo\" data-start=\"1388\" data-end=\"1404\">Mod\u00fcl \u0130\u00e7eri\u011fi<\/h2>\n<ul data-start=\"1406\" data-end=\"1627\">\n<li data-section-id=\"fr4o1x\" data-start=\"1406\" data-end=\"1442\">\n<p data-start=\"1408\" data-end=\"1442\">E\u011fitim Verimlili\u011fi \u00d6l\u00e7me T\u00fcrleri<\/p>\n<\/li>\n<li data-section-id=\"1wkkk62\" data-start=\"1443\" data-end=\"1479\">\n<p data-start=\"1445\" data-end=\"1479\">Rubrik Nedir ve Nas\u0131l Uygulan\u0131r?<\/p>\n<\/li>\n<li data-section-id=\"1bl00l\" data-start=\"1480\" data-end=\"1504\">\n<p data-start=\"1482\" data-end=\"1504\">Geri Bildirim Sanat\u0131<\/p>\n<\/li>\n<li data-section-id=\"bc1l76\" data-start=\"1505\" data-end=\"1556\">\n<p data-start=\"1507\" data-end=\"1556\">E\u011fitimin De\u011ferlendirilmesi \u2013 Kirkpatrick Modeli<\/p>\n<\/li>\n<li data-section-id=\"1xxrg3f\" data-start=\"1557\" data-end=\"1586\">\n<p data-start=\"1559\" data-end=\"1586\">E\u011fitimcinin Etik \u0130lkeleri<\/p>\n<\/li>\n<li data-section-id=\"5wt86r\" data-start=\"1587\" data-end=\"1627\">\n<p data-start=\"1589\" data-end=\"1627\">S\u0131nava Bedensel ve Zihinsel Haz\u0131rl\u0131k<\/p>\n<\/li>\n<\/ul>\n<h2 data-section-id=\"qe7mp9\" data-start=\"1634\" data-end=\"1664\">E\u011fitim Nas\u0131l Teslim Edilir?<\/h2>\n<p data-start=\"1666\" data-end=\"1738\">Bu e\u011fitimde video i\u00e7erikleri sistem i\u00e7erisinde do\u011frudan izlenmemektedir.<\/p>\n<p data-start=\"1740\" data-end=\"1885\">Sat\u0131n alma i\u015flemi tamamland\u0131ktan sonra e\u011fitim videolar\u0131na ait eri\u015fim ba\u011flant\u0131lar\u0131 sipari\u015f s\u0131ras\u0131nda kullan\u0131lan e-posta adresine g\u00f6nderilmektedir.<\/p>\n<p data-start=\"1887\" data-end=\"1987\">L\u00fctfen sipari\u015f olu\u015ftururken aktif olarak kulland\u0131\u011f\u0131n\u0131z ve do\u011fru yaz\u0131lm\u0131\u015f bir e-posta adresi giriniz.<\/p>\n<p data-start=\"1277\" data-end=\"1381\"><strong data-start=\"1357\" data-end=\"1381\">\u00a0<\/strong><\/p>\n\n\t\t<\/div>\n\t<\/div>\n<\/div><\/div><\/div><\/div>\n\n<\/div>","protected":false},"excerpt":{"rendered":"<p data-start=\"295\" data-end=\"493\">6 video ders<br data-start=\"309\" data-end=\"312\" \/>\u2714 Toplam s\u00fcre: <strong data-start=\"327\" data-end=\"347\">4 saat 22 dakika<\/strong><br data-start=\"347\" data-end=\"350\" \/>\u2714 E\u011fitim verimlili\u011fi \u00f6l\u00e7me y\u00f6ntemleri<br data-start=\"387\" data-end=\"390\" \/>\u2714 Rubrik ve objektif de\u011ferlendirme teknikleri<br data-start=\"435\" data-end=\"438\" \/>\u2714 Geri bildirim, etik ve profesyonel e\u011fitim yakla\u015f\u0131m\u0131<\/p>\n<p data-start=\"495\" data-end=\"626\">\ud83d\udce9 Video eri\u015fim ba\u011flant\u0131lar\u0131 sat\u0131n alma i\u015flemi tamamland\u0131ktan sonra sipari\u015f s\u0131ras\u0131nda kullan\u0131lan e-posta adresine g\u00f6nderilmektedir.<\/p>","protected":false},"featured_media":15683,"template":"","meta":{"nf_dc_page":""},"product_brand":[],"product_cat":[15],"product_tag":[],"class_list":{"0":"post-15606","1":"product","2":"type-product","3":"status-publish","4":"has-post-thumbnail","6":"product_cat-ucretli-egitimler","8":"first","9":"instock","10":"sold-individually","11":"taxable","12":"shipping-taxable","13":"purchasable","14":"product-type-simple"},"yoast_head":"<!-- This site is optimized with the Yoast SEO plugin v27.5 - https:\/\/yoast.com\/product\/yoast-seo-wordpress\/ -->\n<title>E\u011fitim Uzmanl\u0131\u011f\u0131 Mod\u00fcl 5 \u2013 \u00d6l\u00e7me, De\u011ferlendirme ve Profesyonelle\u015fme - Nil Akademi<\/title>\n<meta name=\"robots\" content=\"index, follow, max-snippet:-1, max-image-preview:large, max-video-preview:-1\" \/>\n<link rel=\"canonical\" href=\"https:\/\/nilakademi.net\/en\/product\/egitim-uzmanligi-modul-5-olcme-degerlendirme-ve-profesyonellesme\/\" \/>\n<meta property=\"og:locale\" content=\"en_US\" \/>\n<meta property=\"og:type\" content=\"article\" \/>\n<meta property=\"og:title\" content=\"E\u011fitim Uzmanl\u0131\u011f\u0131 Mod\u00fcl 5 \u2013 \u00d6l\u00e7me, De\u011ferlendirme ve Profesyonelle\u015fme - Nil Akademi\" \/>\n<meta property=\"og:description\" content=\"6 video ders\u2714 Toplam s\u00fcre: 4 saat 22 dakika\u2714 E\u011fitim verimlili\u011fi \u00f6l\u00e7me y\u00f6ntemleri\u2714 Rubrik ve objektif de\u011ferlendirme teknikleri\u2714 Geri bildirim, etik ve profesyonel e\u011fitim yakla\u015f\u0131m\u0131 \ud83d\udce9 Video eri\u015fim ba\u011flant\u0131lar\u0131 sat\u0131n alma i\u015flemi tamamland\u0131ktan sonra sipari\u015f s\u0131ras\u0131nda kullan\u0131lan e-posta adresine g\u00f6nderilmektedir.\" \/>\n<meta property=\"og:url\" content=\"https:\/\/nilakademi.net\/en\/product\/egitim-uzmanligi-modul-5-olcme-degerlendirme-ve-profesyonellesme\/\" \/>\n<meta property=\"og:site_name\" content=\"Nil Akademi\" \/>\n<meta property=\"article:modified_time\" content=\"2026-03-09T14:25:02+00:00\" \/>\n<meta property=\"og:image\" content=\"https:\/\/nilakademi.net\/wp-content\/uploads\/2026\/03\/modul5Y.avif\" \/>\n\t<meta property=\"og:image:width\" content=\"1536\" \/>\n\t<meta property=\"og:image:height\" content=\"1024\" \/>\n\t<meta property=\"og:image:type\" content=\"image\/jpeg\" \/>\n<meta name=\"twitter:card\" content=\"summary_large_image\" \/>\n<meta name=\"twitter:label1\" content=\"Est. reading time\" \/>\n\t<meta name=\"twitter:data1\" content=\"2 minutes\" \/>\n<script type=\"application\/ld+json\" class=\"yoast-schema-graph\">{\"@context\":\"https:\\\/\\\/schema.org\",\"@graph\":[{\"@type\":\"WebPage\",\"@id\":\"https:\\\/\\\/nilakademi.net\\\/urun\\\/egitim-uzmanligi-modul-5-olcme-degerlendirme-ve-profesyonellesme\\\/\",\"url\":\"https:\\\/\\\/nilakademi.net\\\/urun\\\/egitim-uzmanligi-modul-5-olcme-degerlendirme-ve-profesyonellesme\\\/\",\"name\":\"E\u011fitim Uzmanl\u0131\u011f\u0131 Mod\u00fcl 5 \u2013 \u00d6l\u00e7me, De\u011ferlendirme ve Profesyonelle\u015fme - Nil Akademi\",\"isPartOf\":{\"@id\":\"https:\\\/\\\/nilakademi.net\\\/#website\"},\"primaryImageOfPage\":{\"@id\":\"https:\\\/\\\/nilakademi.net\\\/urun\\\/egitim-uzmanligi-modul-5-olcme-degerlendirme-ve-profesyonellesme\\\/#primaryimage\"},\"image\":{\"@id\":\"https:\\\/\\\/nilakademi.net\\\/urun\\\/egitim-uzmanligi-modul-5-olcme-degerlendirme-ve-profesyonellesme\\\/#primaryimage\"},\"thumbnailUrl\":\"https:\\\/\\\/nilakademi.net\\\/wp-content\\\/uploads\\\/2026\\\/03\\\/modul5Y.avif\",\"datePublished\":\"2026-03-08T15:33:46+00:00\",\"dateModified\":\"2026-03-09T14:25:02+00:00\",\"breadcrumb\":{\"@id\":\"https:\\\/\\\/nilakademi.net\\\/urun\\\/egitim-uzmanligi-modul-5-olcme-degerlendirme-ve-profesyonellesme\\\/#breadcrumb\"},\"inLanguage\":\"en-US\",\"potentialAction\":[{\"@type\":\"ReadAction\",\"target\":[\"https:\\\/\\\/nilakademi.net\\\/urun\\\/egitim-uzmanligi-modul-5-olcme-degerlendirme-ve-profesyonellesme\\\/\"]}]},{\"@type\":\"ImageObject\",\"inLanguage\":\"en-US\",\"@id\":\"https:\\\/\\\/nilakademi.net\\\/urun\\\/egitim-uzmanligi-modul-5-olcme-degerlendirme-ve-profesyonellesme\\\/#primaryimage\",\"url\":\"https:\\\/\\\/nilakademi.net\\\/wp-content\\\/uploads\\\/2026\\\/03\\\/modul5Y.avif\",\"contentUrl\":\"https:\\\/\\\/nilakademi.net\\\/wp-content\\\/uploads\\\/2026\\\/03\\\/modul5Y.avif\",\"width\":1536,\"height\":1024},{\"@type\":\"BreadcrumbList\",\"@id\":\"https:\\\/\\\/nilakademi.net\\\/urun\\\/egitim-uzmanligi-modul-5-olcme-degerlendirme-ve-profesyonellesme\\\/#breadcrumb\",\"itemListElement\":[{\"@type\":\"ListItem\",\"position\":1,\"name\":\"Anasayfa\",\"item\":\"https:\\\/\\\/nilakademi.net\\\/\"},{\"@type\":\"ListItem\",\"position\":2,\"name\":\"Ma\u011faza\",\"item\":\"https:\\\/\\\/nilakademi.net\\\/magaza\\\/\"},{\"@type\":\"ListItem\",\"position\":3,\"name\":\"E\u011fitim Uzmanl\u0131\u011f\u0131 Mod\u00fcl 5 \u2013 \u00d6l\u00e7me, De\u011ferlendirme ve Profesyonelle\u015fme\"}]},{\"@type\":\"WebSite\",\"@id\":\"https:\\\/\\\/nilakademi.net\\\/#website\",\"url\":\"https:\\\/\\\/nilakademi.net\\\/\",\"name\":\"Nil Akademi\",\"description\":\"Uluslararas\u0131 Sertifikal\u0131 E\u011fitim ve Dan\u0131\u015fmanl\u0131k Merkezi\",\"publisher\":{\"@id\":\"https:\\\/\\\/nilakademi.net\\\/#organization\"},\"potentialAction\":[{\"@type\":\"SearchAction\",\"target\":{\"@type\":\"EntryPoint\",\"urlTemplate\":\"https:\\\/\\\/nilakademi.net\\\/?s={search_term_string}\"},\"query-input\":{\"@type\":\"PropertyValueSpecification\",\"valueRequired\":true,\"valueName\":\"search_term_string\"}}],\"inLanguage\":\"en-US\"},{\"@type\":\"Organization\",\"@id\":\"https:\\\/\\\/nilakademi.net\\\/#organization\",\"name\":\"Nil Akademi\",\"url\":\"https:\\\/\\\/nilakademi.net\\\/\",\"logo\":{\"@type\":\"ImageObject\",\"inLanguage\":\"en-US\",\"@id\":\"https:\\\/\\\/nilakademi.net\\\/#\\\/schema\\\/logo\\\/image\\\/\",\"url\":\"https:\\\/\\\/nilakademi.net\\\/wp-content\\\/uploads\\\/2025\\\/01\\\/Logo-web-1024x156.avif\",\"contentUrl\":\"https:\\\/\\\/nilakademi.net\\\/wp-content\\\/uploads\\\/2025\\\/01\\\/Logo-web-1024x156.avif\",\"width\":1031,\"height\":157,\"caption\":\"Nil Akademi\"},\"image\":{\"@id\":\"https:\\\/\\\/nilakademi.net\\\/#\\\/schema\\\/logo\\\/image\\\/\"},\"sameAs\":[\"https:\\\/\\\/www.instagram.com\\\/nilakademik\\\/\",\"https:\\\/\\\/www.linkedin.com\\\/company\\\/nil-akademi-uluslararas-sertifikal-eitim-ve-danmanlk\\\/about\\\/\"]}]}<\/script>\n<!-- \/ Yoast SEO plugin. -->","yoast_head_json":{"title":"E\u011fitim Uzmanl\u0131\u011f\u0131 Mod\u00fcl 5 \u2013 \u00d6l\u00e7me, De\u011ferlendirme ve Profesyonelle\u015fme - Nil Akademi","robots":{"index":"index","follow":"follow","max-snippet":"max-snippet:-1","max-image-preview":"max-image-preview:large","max-video-preview":"max-video-preview:-1"},"canonical":"https:\/\/nilakademi.net\/en\/product\/egitim-uzmanligi-modul-5-olcme-degerlendirme-ve-profesyonellesme\/","og_locale":"en_US","og_type":"article","og_title":"E\u011fitim Uzmanl\u0131\u011f\u0131 Mod\u00fcl 5 \u2013 \u00d6l\u00e7me, De\u011ferlendirme ve Profesyonelle\u015fme - Nil Akademi","og_description":"6 video ders\u2714 Toplam s\u00fcre: 4 saat 22 dakika\u2714 E\u011fitim verimlili\u011fi \u00f6l\u00e7me y\u00f6ntemleri\u2714 Rubrik ve objektif de\u011ferlendirme teknikleri\u2714 Geri bildirim, etik ve profesyonel e\u011fitim yakla\u015f\u0131m\u0131 \ud83d\udce9 Video eri\u015fim ba\u011flant\u0131lar\u0131 sat\u0131n alma i\u015flemi tamamland\u0131ktan sonra sipari\u015f s\u0131ras\u0131nda kullan\u0131lan e-posta adresine g\u00f6nderilmektedir.","og_url":"https:\/\/nilakademi.net\/en\/product\/egitim-uzmanligi-modul-5-olcme-degerlendirme-ve-profesyonellesme\/","og_site_name":"Nil Akademi","article_modified_time":"2026-03-09T14:25:02+00:00","og_image":[{"width":1536,"height":1024,"url":"https:\/\/nilakademi.net\/wp-content\/uploads\/2026\/03\/modul5Y.avif","type":"image\/jpeg"}],"twitter_card":"summary_large_image","twitter_misc":{"Est. reading time":"2 minutes"},"schema":{"@context":"https:\/\/schema.org","@graph":[{"@type":"WebPage","@id":"https:\/\/nilakademi.net\/urun\/egitim-uzmanligi-modul-5-olcme-degerlendirme-ve-profesyonellesme\/","url":"https:\/\/nilakademi.net\/urun\/egitim-uzmanligi-modul-5-olcme-degerlendirme-ve-profesyonellesme\/","name":"E\u011fitim Uzmanl\u0131\u011f\u0131 Mod\u00fcl 5 \u2013 \u00d6l\u00e7me, De\u011ferlendirme ve Profesyonelle\u015fme - Nil Akademi","isPartOf":{"@id":"https:\/\/nilakademi.net\/#website"},"primaryImageOfPage":{"@id":"https:\/\/nilakademi.net\/urun\/egitim-uzmanligi-modul-5-olcme-degerlendirme-ve-profesyonellesme\/#primaryimage"},"image":{"@id":"https:\/\/nilakademi.net\/urun\/egitim-uzmanligi-modul-5-olcme-degerlendirme-ve-profesyonellesme\/#primaryimage"},"thumbnailUrl":"https:\/\/nilakademi.net\/wp-content\/uploads\/2026\/03\/modul5Y.avif","datePublished":"2026-03-08T15:33:46+00:00","dateModified":"2026-03-09T14:25:02+00:00","breadcrumb":{"@id":"https:\/\/nilakademi.net\/urun\/egitim-uzmanligi-modul-5-olcme-degerlendirme-ve-profesyonellesme\/#breadcrumb"},"inLanguage":"en-US","potentialAction":[{"@type":"ReadAction","target":["https:\/\/nilakademi.net\/urun\/egitim-uzmanligi-modul-5-olcme-degerlendirme-ve-profesyonellesme\/"]}]},{"@type":"ImageObject","inLanguage":"en-US","@id":"https:\/\/nilakademi.net\/urun\/egitim-uzmanligi-modul-5-olcme-degerlendirme-ve-profesyonellesme\/#primaryimage","url":"https:\/\/nilakademi.net\/wp-content\/uploads\/2026\/03\/modul5Y.avif","contentUrl":"https:\/\/nilakademi.net\/wp-content\/uploads\/2026\/03\/modul5Y.avif","width":1536,"height":1024},{"@type":"BreadcrumbList","@id":"https:\/\/nilakademi.net\/urun\/egitim-uzmanligi-modul-5-olcme-degerlendirme-ve-profesyonellesme\/#breadcrumb","itemListElement":[{"@type":"ListItem","position":1,"name":"Anasayfa","item":"https:\/\/nilakademi.net\/"},{"@type":"ListItem","position":2,"name":"Ma\u011faza","item":"https:\/\/nilakademi.net\/magaza\/"},{"@type":"ListItem","position":3,"name":"E\u011fitim Uzmanl\u0131\u011f\u0131 Mod\u00fcl 5 \u2013 \u00d6l\u00e7me, De\u011ferlendirme ve Profesyonelle\u015fme"}]},{"@type":"WebSite","@id":"https:\/\/nilakademi.net\/#website","url":"https:\/\/nilakademi.net\/","name":"Nil Akademi","description":"Uluslararas\u0131 Sertifikal\u0131 E\u011fitim ve Dan\u0131\u015fmanl\u0131k Merkezi","publisher":{"@id":"https:\/\/nilakademi.net\/#organization"},"potentialAction":[{"@type":"SearchAction","target":{"@type":"EntryPoint","urlTemplate":"https:\/\/nilakademi.net\/?s={search_term_string}"},"query-input":{"@type":"PropertyValueSpecification","valueRequired":true,"valueName":"search_term_string"}}],"inLanguage":"en-US"},{"@type":"Organization","@id":"https:\/\/nilakademi.net\/#organization","name":"Nil Akademi","url":"https:\/\/nilakademi.net\/","logo":{"@type":"ImageObject","inLanguage":"en-US","@id":"https:\/\/nilakademi.net\/#\/schema\/logo\/image\/","url":"https:\/\/nilakademi.net\/wp-content\/uploads\/2025\/01\/Logo-web-1024x156.avif","contentUrl":"https:\/\/nilakademi.net\/wp-content\/uploads\/2025\/01\/Logo-web-1024x156.avif","width":1031,"height":157,"caption":"Nil Akademi"},"image":{"@id":"https:\/\/nilakademi.net\/#\/schema\/logo\/image\/"},"sameAs":["https:\/\/www.instagram.com\/nilakademik\/","https:\/\/www.linkedin.com\/company\/nil-akademi-uluslararas-sertifikal-eitim-ve-danmanlk\/about\/"]}]}},"jetpack_sharing_enabled":true,"_links":{"self":[{"href":"https:\/\/nilakademi.net\/en\/wp-json\/wp\/v2\/product\/15606","targetHints":{"allow":["GET"]}}],"collection":[{"href":"https:\/\/nilakademi.net\/en\/wp-json\/wp\/v2\/product"}],"about":[{"href":"https:\/\/nilakademi.net\/en\/wp-json\/wp\/v2\/types\/product"}],"version-history":[{"count":1,"href":"https:\/\/nilakademi.net\/en\/wp-json\/wp\/v2\/product\/15606\/revisions"}],"predecessor-version":[{"id":15607,"href":"https:\/\/nilakademi.net\/en\/wp-json\/wp\/v2\/product\/15606\/revisions\/15607"}],"wp:featuredmedia":[{"embeddable":true,"href":"https:\/\/nilakademi.net\/en\/wp-json\/wp\/v2\/media\/15683"}],"wp:attachment":[{"href":"https:\/\/nilakademi.net\/en\/wp-json\/wp\/v2\/media?parent=15606"}],"wp:term":[{"taxonomy":"product_brand","embeddable":true,"href":"https:\/\/nilakademi.net\/en\/wp-json\/wp\/v2\/product_brand?post=15606"},{"taxonomy":"product_cat","embeddable":true,"href":"https:\/\/nilakademi.net\/en\/wp-json\/wp\/v2\/product_cat?post=15606"},{"taxonomy":"product_tag","embeddable":true,"href":"https:\/\/nilakademi.net\/en\/wp-json\/wp\/v2\/product_tag?post=15606"}],"curies":[{"name":"wp","href":"https:\/\/api.w.org\/{rel}","templated":true}]}}