{"id":15662,"date":"2026-03-09T00:08:55","date_gmt":"2026-03-08T21:08:55","guid":{"rendered":"https:\/\/nilakademi.net\/?post_type=product&#038;p=15662"},"modified":"2026-03-09T17:50:45","modified_gmt":"2026-03-09T14:50:45","slug":"myk-egitim-uzmanligi-sinavina-hazirlik-komple-program-5-modul","status":"publish","type":"product","link":"https:\/\/nilakademi.net\/en\/product\/myk-egitim-uzmanligi-sinavina-hazirlik-komple-program-5-modul\/","title":{"rendered":"MYK E\u011fitim Uzmanl\u0131\u011f\u0131 S\u0131nav\u0131na Haz\u0131rl\u0131k \u2013 Komple Program (5 Mod\u00fcl)"},"content":{"rendered":"<div class=\"wpb-content-wrapper\">\n<div class=\"vc_row wpb_row vc_row-fluid\">\n\t\t<div class=\"wpb_column vc_column_container vc_col-sm-12\"><div class=\"vc_column-inner\"><div class=\"wpb_wrapper\">\n\t<div class=\"wpb_text_column wpb_content_element\" >\n\t\t<div class=\"wpb_wrapper\">\n\t\t\t<p data-start=\"4044\" data-end=\"4260\"><strong data-start=\"4044\" data-end=\"4113\">MYK E\u011fitim Uzmanl\u0131\u011f\u0131 S\u0131nav\u0131na Haz\u0131rl\u0131k \u2013 Komple Program (5 Mod\u00fcl)<\/strong>, e\u011fitim uzmanl\u0131\u011f\u0131 alan\u0131nda yetkinlik kazanmak ve MYK E\u011fitim Uzman\u0131 s\u0131nav\u0131na kapsaml\u0131 \u015fekilde haz\u0131rlanmak isteyen kat\u0131l\u0131mc\u0131lar i\u00e7in haz\u0131rlanm\u0131\u015ft\u0131r.<\/p>\n<p data-start=\"4262\" data-end=\"4521\">Program, e\u011fitim uzmanl\u0131\u011f\u0131n\u0131n temel alanlar\u0131n\u0131 kapsayan <strong data-start=\"4317\" data-end=\"4351\">5 mod\u00fclden ve 36 video dersten<\/strong> olu\u015fmaktad\u0131r. \u0130\u00e7erik; e\u011fitim temelleri, \u00f6\u011frenme bilimi, e\u011fitim tasar\u0131m\u0131, uygulama ve s\u0131n\u0131f y\u00f6netimi ile \u00f6l\u00e7me-de\u011ferlendirme ba\u015fl\u0131klar\u0131n\u0131 b\u00fct\u00fcnc\u00fcl bi\u00e7imde ele almaktad\u0131r.<\/p>\n<p data-start=\"4523\" data-end=\"4680\">Kat\u0131l\u0131mc\u0131lar bu program sayesinde sadece s\u0131nava haz\u0131rlanmakla kalmaz, ayn\u0131 zamanda profesyonel bir e\u011fitimci olarak gerekli bilgi ve becerileri de kazan\u0131rlar.<\/p>\n<h2 data-section-id=\"flo166\" data-start=\"4682\" data-end=\"4700\">Program \u0130\u00e7eri\u011fi<\/h2>\n<h3 data-section-id=\"1sff25y\" data-start=\"4702\" data-end=\"4734\">Mod\u00fcl 1 \u2013 E\u011fitim Temelleri<\/h3>\n<p data-start=\"4735\" data-end=\"4822\">E\u011fitim ve \u00f6\u011fretim kavramlar\u0131, e\u011fitimci kimli\u011fi, e\u011fitim felsefesi ve e\u011fitim sosyolojisi.<\/p>\n<h3 data-section-id=\"1qbvhg2\" data-start=\"4824\" data-end=\"4863\">Mod\u00fcl 2 \u2013 \u00d6\u011frenme Bilimi ve \u0130nsan<\/h3>\n<p data-start=\"4864\" data-end=\"4938\">Beynin \u00f6\u011frenme s\u00fcre\u00e7leri, bellek, e\u011fitim psikolojisi ve \u00f6\u011frenme kuramlar\u0131.<\/p>\n<h3 data-section-id=\"1tjayp6\" data-start=\"4940\" data-end=\"4983\">Mod\u00fcl 3 \u2013 E\u011fitim Tasar\u0131m\u0131 ve Planlama<\/h3>\n<p data-start=\"4984\" data-end=\"5058\">Program geli\u015ftirme, ihtiya\u00e7 analizi, Bloom Taksonomisi ve dijital ara\u00e7lar.<\/p>\n<h3 data-section-id=\"1b3a0ni\" data-start=\"5060\" data-end=\"5112\">Mod\u00fcl 4 \u2013 Uygulama, \u0130leti\u015fim ve S\u0131n\u0131f Y\u00f6netimi<\/h3>\n<p data-start=\"5113\" data-end=\"5187\">\u0130leti\u015fim becerileri, grup dinami\u011fi, motivasyon ve etkili sunum teknikleri.<\/p>\n<h3 data-section-id=\"18x9tnb\" data-start=\"5189\" data-end=\"5245\">Mod\u00fcl 5 \u2013 \u00d6l\u00e7me, De\u011ferlendirme ve Profesyonelle\u015fme<\/h3>\n<p data-start=\"5246\" data-end=\"5321\">Rubrik, geri bildirim, Kirkpatrick modeli, etik ilkeler ve s\u0131nav haz\u0131rl\u0131\u011f\u0131.<\/p>\n<p data-start=\"5323\" data-end=\"5371\">Program\u0131n toplam s\u00fcresi yakla\u015f\u0131k <strong data-start=\"5356\" data-end=\"5371\">24 saattir.<\/strong><\/p>\n<h2 data-section-id=\"qe7mp9\" data-start=\"5373\" data-end=\"5403\">E\u011fitim Nas\u0131l Teslim Edilir?<\/h2>\n<p data-start=\"5405\" data-end=\"5487\">Bu e\u011fitim program\u0131nda video i\u00e7erikleri sistem i\u00e7erisinde do\u011frudan izlenmemektedir.<\/p>\n<p data-start=\"5489\" data-end=\"5634\">Sat\u0131n alma i\u015flemi tamamland\u0131ktan sonra e\u011fitim videolar\u0131na ait eri\u015fim ba\u011flant\u0131lar\u0131 sipari\u015f s\u0131ras\u0131nda kullan\u0131lan e-posta adresine g\u00f6nderilmektedir.<\/p>\n<p data-start=\"5636\" data-end=\"5736\">L\u00fctfen sipari\u015f olu\u015ftururken aktif olarak kulland\u0131\u011f\u0131n\u0131z ve do\u011fru yaz\u0131lm\u0131\u015f bir e-posta adresi giriniz.<\/p>\n\n\t\t<\/div>\n\t<\/div>\n<\/div><\/div><\/div><\/div>\n\n<\/div>","protected":false},"excerpt":{"rendered":"<p data-start=\"3740\" data-end=\"3871\">\u2714 5 kapsaml\u0131 e\u011fitim mod\u00fcl\u00fc<br data-start=\"3766\" data-end=\"3769\" \/>\u2714 36 video ders<br data-start=\"3784\" data-end=\"3787\" \/>\u2714 Yakla\u015f\u0131k 24 saat e\u011fitim i\u00e7eri\u011fi<br data-start=\"3820\" data-end=\"3823\" \/>\u2714 MYK E\u011fitim Uzman\u0131 s\u0131nav\u0131na kapsaml\u0131 haz\u0131rl\u0131k<\/p>\n<p data-start=\"3873\" data-end=\"4004\">\ud83d\udce9 Video eri\u015fim ba\u011flant\u0131lar\u0131 sat\u0131n alma i\u015flemi tamamland\u0131ktan sonra sipari\u015f s\u0131ras\u0131nda kullan\u0131lan e-posta adresine g\u00f6nderilmektedir.<\/p>","protected":false},"featured_media":15663,"template":"","meta":{"nf_dc_page":""},"product_brand":[],"product_cat":[15],"product_tag":[],"class_list":{"0":"post-15662","1":"product","2":"type-product","3":"status-publish","4":"has-post-thumbnail","6":"product_cat-ucretli-egitimler","8":"first","9":"instock","10":"sale","11":"sold-individually","12":"taxable","13":"shipping-taxable","14":"purchasable","15":"product-type-simple"},"yoast_head":"<!-- This site is optimized with the Yoast SEO plugin v27.5 - https:\/\/yoast.com\/product\/yoast-seo-wordpress\/ -->\n<title>MYK E\u011fitim Uzmanl\u0131\u011f\u0131 S\u0131nav\u0131na Haz\u0131rl\u0131k \u2013 Komple Program (5 Mod\u00fcl) - Nil Akademi<\/title>\n<meta name=\"robots\" content=\"index, follow, max-snippet:-1, max-image-preview:large, max-video-preview:-1\" \/>\n<link rel=\"canonical\" href=\"https:\/\/nilakademi.net\/en\/product\/myk-egitim-uzmanligi-sinavina-hazirlik-komple-program-5-modul\/\" \/>\n<meta property=\"og:locale\" content=\"en_US\" \/>\n<meta property=\"og:type\" content=\"article\" \/>\n<meta property=\"og:title\" content=\"MYK E\u011fitim Uzmanl\u0131\u011f\u0131 S\u0131nav\u0131na Haz\u0131rl\u0131k \u2013 Komple Program (5 Mod\u00fcl) - Nil Akademi\" \/>\n<meta property=\"og:description\" content=\"\u2714 5 kapsaml\u0131 e\u011fitim mod\u00fcl\u00fc\u2714 36 video ders\u2714 Yakla\u015f\u0131k 24 saat e\u011fitim i\u00e7eri\u011fi\u2714 MYK E\u011fitim Uzman\u0131 s\u0131nav\u0131na kapsaml\u0131 haz\u0131rl\u0131k \ud83d\udce9 Video eri\u015fim ba\u011flant\u0131lar\u0131 sat\u0131n alma i\u015flemi tamamland\u0131ktan sonra sipari\u015f s\u0131ras\u0131nda kullan\u0131lan e-posta adresine g\u00f6nderilmektedir.\" \/>\n<meta property=\"og:url\" content=\"https:\/\/nilakademi.net\/en\/product\/myk-egitim-uzmanligi-sinavina-hazirlik-komple-program-5-modul\/\" \/>\n<meta property=\"og:site_name\" content=\"Nil Akademi\" \/>\n<meta property=\"article:modified_time\" content=\"2026-03-09T14:50:45+00:00\" \/>\n<meta property=\"og:image\" content=\"https:\/\/nilakademi.net\/wp-content\/uploads\/2026\/03\/gorsel1.avif\" \/>\n\t<meta property=\"og:image:width\" content=\"1536\" \/>\n\t<meta property=\"og:image:height\" content=\"1024\" \/>\n\t<meta property=\"og:image:type\" content=\"image\/jpeg\" \/>\n<meta name=\"twitter:card\" content=\"summary_large_image\" \/>\n<meta name=\"twitter:label1\" content=\"Est. reading time\" \/>\n\t<meta name=\"twitter:data1\" content=\"2 minutes\" \/>\n<script type=\"application\/ld+json\" class=\"yoast-schema-graph\">{\"@context\":\"https:\\\/\\\/schema.org\",\"@graph\":[{\"@type\":\"WebPage\",\"@id\":\"https:\\\/\\\/nilakademi.net\\\/urun\\\/myk-egitim-uzmanligi-sinavina-hazirlik-komple-program-5-modul\\\/\",\"url\":\"https:\\\/\\\/nilakademi.net\\\/urun\\\/myk-egitim-uzmanligi-sinavina-hazirlik-komple-program-5-modul\\\/\",\"name\":\"MYK E\u011fitim Uzmanl\u0131\u011f\u0131 S\u0131nav\u0131na Haz\u0131rl\u0131k \u2013 Komple Program (5 Mod\u00fcl) - Nil Akademi\",\"isPartOf\":{\"@id\":\"https:\\\/\\\/nilakademi.net\\\/#website\"},\"primaryImageOfPage\":{\"@id\":\"https:\\\/\\\/nilakademi.net\\\/urun\\\/myk-egitim-uzmanligi-sinavina-hazirlik-komple-program-5-modul\\\/#primaryimage\"},\"image\":{\"@id\":\"https:\\\/\\\/nilakademi.net\\\/urun\\\/myk-egitim-uzmanligi-sinavina-hazirlik-komple-program-5-modul\\\/#primaryimage\"},\"thumbnailUrl\":\"https:\\\/\\\/nilakademi.net\\\/wp-content\\\/uploads\\\/2026\\\/03\\\/gorsel1.avif\",\"datePublished\":\"2026-03-08T21:08:55+00:00\",\"dateModified\":\"2026-03-09T14:50:45+00:00\",\"breadcrumb\":{\"@id\":\"https:\\\/\\\/nilakademi.net\\\/urun\\\/myk-egitim-uzmanligi-sinavina-hazirlik-komple-program-5-modul\\\/#breadcrumb\"},\"inLanguage\":\"en-US\",\"potentialAction\":[{\"@type\":\"ReadAction\",\"target\":[\"https:\\\/\\\/nilakademi.net\\\/urun\\\/myk-egitim-uzmanligi-sinavina-hazirlik-komple-program-5-modul\\\/\"]}]},{\"@type\":\"ImageObject\",\"inLanguage\":\"en-US\",\"@id\":\"https:\\\/\\\/nilakademi.net\\\/urun\\\/myk-egitim-uzmanligi-sinavina-hazirlik-komple-program-5-modul\\\/#primaryimage\",\"url\":\"https:\\\/\\\/nilakademi.net\\\/wp-content\\\/uploads\\\/2026\\\/03\\\/gorsel1.avif\",\"contentUrl\":\"https:\\\/\\\/nilakademi.net\\\/wp-content\\\/uploads\\\/2026\\\/03\\\/gorsel1.avif\",\"width\":1536,\"height\":1024},{\"@type\":\"BreadcrumbList\",\"@id\":\"https:\\\/\\\/nilakademi.net\\\/urun\\\/myk-egitim-uzmanligi-sinavina-hazirlik-komple-program-5-modul\\\/#breadcrumb\",\"itemListElement\":[{\"@type\":\"ListItem\",\"position\":1,\"name\":\"Anasayfa\",\"item\":\"https:\\\/\\\/nilakademi.net\\\/\"},{\"@type\":\"ListItem\",\"position\":2,\"name\":\"Ma\u011faza\",\"item\":\"https:\\\/\\\/nilakademi.net\\\/magaza\\\/\"},{\"@type\":\"ListItem\",\"position\":3,\"name\":\"MYK E\u011fitim Uzmanl\u0131\u011f\u0131 S\u0131nav\u0131na Haz\u0131rl\u0131k \u2013 Komple Program (5 Mod\u00fcl)\"}]},{\"@type\":\"WebSite\",\"@id\":\"https:\\\/\\\/nilakademi.net\\\/#website\",\"url\":\"https:\\\/\\\/nilakademi.net\\\/\",\"name\":\"Nil Akademi\",\"description\":\"Uluslararas\u0131 Sertifikal\u0131 E\u011fitim ve Dan\u0131\u015fmanl\u0131k Merkezi\",\"publisher\":{\"@id\":\"https:\\\/\\\/nilakademi.net\\\/#organization\"},\"potentialAction\":[{\"@type\":\"SearchAction\",\"target\":{\"@type\":\"EntryPoint\",\"urlTemplate\":\"https:\\\/\\\/nilakademi.net\\\/?s={search_term_string}\"},\"query-input\":{\"@type\":\"PropertyValueSpecification\",\"valueRequired\":true,\"valueName\":\"search_term_string\"}}],\"inLanguage\":\"en-US\"},{\"@type\":\"Organization\",\"@id\":\"https:\\\/\\\/nilakademi.net\\\/#organization\",\"name\":\"Nil Akademi\",\"url\":\"https:\\\/\\\/nilakademi.net\\\/\",\"logo\":{\"@type\":\"ImageObject\",\"inLanguage\":\"en-US\",\"@id\":\"https:\\\/\\\/nilakademi.net\\\/#\\\/schema\\\/logo\\\/image\\\/\",\"url\":\"https:\\\/\\\/nilakademi.net\\\/wp-content\\\/uploads\\\/2025\\\/01\\\/Logo-web-1024x156.avif\",\"contentUrl\":\"https:\\\/\\\/nilakademi.net\\\/wp-content\\\/uploads\\\/2025\\\/01\\\/Logo-web-1024x156.avif\",\"width\":1031,\"height\":157,\"caption\":\"Nil Akademi\"},\"image\":{\"@id\":\"https:\\\/\\\/nilakademi.net\\\/#\\\/schema\\\/logo\\\/image\\\/\"},\"sameAs\":[\"https:\\\/\\\/www.instagram.com\\\/nilakademik\\\/\",\"https:\\\/\\\/www.linkedin.com\\\/company\\\/nil-akademi-uluslararas-sertifikal-eitim-ve-danmanlk\\\/about\\\/\"]}]}<\/script>\n<!-- \/ Yoast SEO plugin. -->","yoast_head_json":{"title":"MYK E\u011fitim Uzmanl\u0131\u011f\u0131 S\u0131nav\u0131na Haz\u0131rl\u0131k \u2013 Komple Program (5 Mod\u00fcl) - Nil Akademi","robots":{"index":"index","follow":"follow","max-snippet":"max-snippet:-1","max-image-preview":"max-image-preview:large","max-video-preview":"max-video-preview:-1"},"canonical":"https:\/\/nilakademi.net\/en\/product\/myk-egitim-uzmanligi-sinavina-hazirlik-komple-program-5-modul\/","og_locale":"en_US","og_type":"article","og_title":"MYK E\u011fitim Uzmanl\u0131\u011f\u0131 S\u0131nav\u0131na Haz\u0131rl\u0131k \u2013 Komple Program (5 Mod\u00fcl) - Nil Akademi","og_description":"\u2714 5 kapsaml\u0131 e\u011fitim mod\u00fcl\u00fc\u2714 36 video ders\u2714 Yakla\u015f\u0131k 24 saat e\u011fitim i\u00e7eri\u011fi\u2714 MYK E\u011fitim Uzman\u0131 s\u0131nav\u0131na kapsaml\u0131 haz\u0131rl\u0131k \ud83d\udce9 Video eri\u015fim ba\u011flant\u0131lar\u0131 sat\u0131n alma i\u015flemi tamamland\u0131ktan sonra sipari\u015f s\u0131ras\u0131nda kullan\u0131lan e-posta adresine g\u00f6nderilmektedir.","og_url":"https:\/\/nilakademi.net\/en\/product\/myk-egitim-uzmanligi-sinavina-hazirlik-komple-program-5-modul\/","og_site_name":"Nil Akademi","article_modified_time":"2026-03-09T14:50:45+00:00","og_image":[{"width":1536,"height":1024,"url":"https:\/\/nilakademi.net\/wp-content\/uploads\/2026\/03\/gorsel1.avif","type":"image\/jpeg"}],"twitter_card":"summary_large_image","twitter_misc":{"Est. reading time":"2 minutes"},"schema":{"@context":"https:\/\/schema.org","@graph":[{"@type":"WebPage","@id":"https:\/\/nilakademi.net\/urun\/myk-egitim-uzmanligi-sinavina-hazirlik-komple-program-5-modul\/","url":"https:\/\/nilakademi.net\/urun\/myk-egitim-uzmanligi-sinavina-hazirlik-komple-program-5-modul\/","name":"MYK E\u011fitim Uzmanl\u0131\u011f\u0131 S\u0131nav\u0131na Haz\u0131rl\u0131k \u2013 Komple Program (5 Mod\u00fcl) - Nil Akademi","isPartOf":{"@id":"https:\/\/nilakademi.net\/#website"},"primaryImageOfPage":{"@id":"https:\/\/nilakademi.net\/urun\/myk-egitim-uzmanligi-sinavina-hazirlik-komple-program-5-modul\/#primaryimage"},"image":{"@id":"https:\/\/nilakademi.net\/urun\/myk-egitim-uzmanligi-sinavina-hazirlik-komple-program-5-modul\/#primaryimage"},"thumbnailUrl":"https:\/\/nilakademi.net\/wp-content\/uploads\/2026\/03\/gorsel1.avif","datePublished":"2026-03-08T21:08:55+00:00","dateModified":"2026-03-09T14:50:45+00:00","breadcrumb":{"@id":"https:\/\/nilakademi.net\/urun\/myk-egitim-uzmanligi-sinavina-hazirlik-komple-program-5-modul\/#breadcrumb"},"inLanguage":"en-US","potentialAction":[{"@type":"ReadAction","target":["https:\/\/nilakademi.net\/urun\/myk-egitim-uzmanligi-sinavina-hazirlik-komple-program-5-modul\/"]}]},{"@type":"ImageObject","inLanguage":"en-US","@id":"https:\/\/nilakademi.net\/urun\/myk-egitim-uzmanligi-sinavina-hazirlik-komple-program-5-modul\/#primaryimage","url":"https:\/\/nilakademi.net\/wp-content\/uploads\/2026\/03\/gorsel1.avif","contentUrl":"https:\/\/nilakademi.net\/wp-content\/uploads\/2026\/03\/gorsel1.avif","width":1536,"height":1024},{"@type":"BreadcrumbList","@id":"https:\/\/nilakademi.net\/urun\/myk-egitim-uzmanligi-sinavina-hazirlik-komple-program-5-modul\/#breadcrumb","itemListElement":[{"@type":"ListItem","position":1,"name":"Anasayfa","item":"https:\/\/nilakademi.net\/"},{"@type":"ListItem","position":2,"name":"Ma\u011faza","item":"https:\/\/nilakademi.net\/magaza\/"},{"@type":"ListItem","position":3,"name":"MYK E\u011fitim Uzmanl\u0131\u011f\u0131 S\u0131nav\u0131na Haz\u0131rl\u0131k \u2013 Komple Program (5 Mod\u00fcl)"}]},{"@type":"WebSite","@id":"https:\/\/nilakademi.net\/#website","url":"https:\/\/nilakademi.net\/","name":"Nil Akademi","description":"Uluslararas\u0131 Sertifikal\u0131 E\u011fitim ve Dan\u0131\u015fmanl\u0131k Merkezi","publisher":{"@id":"https:\/\/nilakademi.net\/#organization"},"potentialAction":[{"@type":"SearchAction","target":{"@type":"EntryPoint","urlTemplate":"https:\/\/nilakademi.net\/?s={search_term_string}"},"query-input":{"@type":"PropertyValueSpecification","valueRequired":true,"valueName":"search_term_string"}}],"inLanguage":"en-US"},{"@type":"Organization","@id":"https:\/\/nilakademi.net\/#organization","name":"Nil Akademi","url":"https:\/\/nilakademi.net\/","logo":{"@type":"ImageObject","inLanguage":"en-US","@id":"https:\/\/nilakademi.net\/#\/schema\/logo\/image\/","url":"https:\/\/nilakademi.net\/wp-content\/uploads\/2025\/01\/Logo-web-1024x156.avif","contentUrl":"https:\/\/nilakademi.net\/wp-content\/uploads\/2025\/01\/Logo-web-1024x156.avif","width":1031,"height":157,"caption":"Nil Akademi"},"image":{"@id":"https:\/\/nilakademi.net\/#\/schema\/logo\/image\/"},"sameAs":["https:\/\/www.instagram.com\/nilakademik\/","https:\/\/www.linkedin.com\/company\/nil-akademi-uluslararas-sertifikal-eitim-ve-danmanlk\/about\/"]}]}},"jetpack_sharing_enabled":true,"_links":{"self":[{"href":"https:\/\/nilakademi.net\/en\/wp-json\/wp\/v2\/product\/15662","targetHints":{"allow":["GET"]}}],"collection":[{"href":"https:\/\/nilakademi.net\/en\/wp-json\/wp\/v2\/product"}],"about":[{"href":"https:\/\/nilakademi.net\/en\/wp-json\/wp\/v2\/types\/product"}],"version-history":[{"count":1,"href":"https:\/\/nilakademi.net\/en\/wp-json\/wp\/v2\/product\/15662\/revisions"}],"predecessor-version":[{"id":15664,"href":"https:\/\/nilakademi.net\/en\/wp-json\/wp\/v2\/product\/15662\/revisions\/15664"}],"wp:featuredmedia":[{"embeddable":true,"href":"https:\/\/nilakademi.net\/en\/wp-json\/wp\/v2\/media\/15663"}],"wp:attachment":[{"href":"https:\/\/nilakademi.net\/en\/wp-json\/wp\/v2\/media?parent=15662"}],"wp:term":[{"taxonomy":"product_brand","embeddable":true,"href":"https:\/\/nilakademi.net\/en\/wp-json\/wp\/v2\/product_brand?post=15662"},{"taxonomy":"product_cat","embeddable":true,"href":"https:\/\/nilakademi.net\/en\/wp-json\/wp\/v2\/product_cat?post=15662"},{"taxonomy":"product_tag","embeddable":true,"href":"https:\/\/nilakademi.net\/en\/wp-json\/wp\/v2\/product_tag?post=15662"}],"curies":[{"name":"wp","href":"https:\/\/api.w.org\/{rel}","templated":true}]}}