{"id":15847,"date":"2026-04-08T10:45:04","date_gmt":"2026-04-08T07:45:04","guid":{"rendered":"https:\/\/nilakademi.net\/?post_type=product&#038;p=15847"},"modified":"2026-04-08T10:45:04","modified_gmt":"2026-04-08T07:45:04","slug":"adan-zye-koku-koku-uzmanligi-egitimi","status":"publish","type":"product","link":"https:\/\/nilakademi.net\/en\/product\/adan-zye-koku-koku-uzmanligi-egitimi\/","title":{"rendered":"A\u2019dan Z\u2019ye Koku: Koku Uzmanl\u0131\u011f\u0131 E\u011fitimi"},"content":{"rendered":"<div class=\"wpb-content-wrapper\">\n<div class=\"vc_row wpb_row vc_row-fluid\">\n\t\t<div class=\"wpb_column vc_column_container vc_col-sm-12\"><div class=\"vc_column-inner\"><div class=\"wpb_wrapper\">\n\t<div class=\"wpb_text_column wpb_content_element\" >\n\t\t<div class=\"wpb_wrapper\">\n\t\t\t<h3 data-section-id=\"6mojfo\" data-start=\"208\" data-end=\"251\">A\u2019dan Z\u2019ye Koku: Koku Uzmanl\u0131\u011f\u0131 E\u011fitimi<\/h3>\n<p data-start=\"253\" data-end=\"374\">Koku d\u00fcnyas\u0131n\u0131 sadece hissetmekle kalmay\u0131n, <strong data-start=\"297\" data-end=\"374\">bilimsel olarak analiz etmeyi ve profesyonel d\u00fczeyde yorumlamay\u0131 \u00f6\u011frenin.<\/strong><\/p>\n<p data-start=\"376\" data-end=\"542\">Bu kapsaml\u0131 e\u011fitim program\u0131; kokuyu biyolojik, kimyasal, k\u00fclt\u00fcrel ve end\u00fcstriyel boyutlar\u0131yla ele alarak kat\u0131l\u0131mc\u0131lara <strong data-start=\"495\" data-end=\"542\">ger\u00e7ek bir uzmanl\u0131k perspektifi kazand\u0131r\u0131r.<\/strong><\/p>\n<p data-start=\"544\" data-end=\"559\">E\u011fitim boyunca:<\/p>\n<ul data-start=\"561\" data-end=\"867\">\n<li data-section-id=\"14hkqwr\" data-start=\"561\" data-end=\"610\">Koku alg\u0131s\u0131n\u0131n bilimsel temellerini \u00f6\u011frenecek<\/li>\n<li data-section-id=\"16p4fk5\" data-start=\"611\" data-end=\"667\">Parf\u00fcm ve kozmetik d\u00fcnyas\u0131n\u0131 teknik a\u00e7\u0131dan anlayacak<\/li>\n<li data-section-id=\"18n35po\" data-start=\"668\" data-end=\"729\">Ham madde, form\u00fclasyon ve analiz s\u00fcre\u00e7lerine hakim olacak<\/li>\n<li data-section-id=\"15rqldj\" data-start=\"730\" data-end=\"795\">Koku trendlerini ve pazarlama stratejilerini \u00e7\u00f6z\u00fcmleyebilecek<\/li>\n<li data-section-id=\"mk1tnt\" data-start=\"796\" data-end=\"867\">Yapay zek\u00e2 ve yeni teknolojilerin sekt\u00f6rdeki rol\u00fcn\u00fc ke\u015ffedeceksiniz<\/li>\n<\/ul>\n<p data-start=\"869\" data-end=\"949\"><strong data-start=\"872\" data-end=\"949\">1500+ dakika (25+ saat) e\u011fitim i\u00e7eri\u011fi ile sekt\u00f6re g\u00fc\u00e7l\u00fc bir giri\u015f yap\u0131n.<\/strong><\/p>\n\n\t\t<\/div>\n\t<\/div>\n<\/div><\/div><\/div><\/div>\n\n<\/div>","protected":false},"excerpt":{"rendered":"<p>Koku d\u00fcnyas\u0131n\u0131 bilimsel ve profesyonel a\u00e7\u0131dan \u00f6\u011frenmek isteyenler i\u00e7in haz\u0131rlanm\u0131\u015f kapsaml\u0131 bir uzmanl\u0131k e\u011fitimi.<\/p>","protected":false},"featured_media":15848,"template":"","meta":{"nf_dc_page":""},"product_brand":[],"product_cat":[15],"product_tag":[121],"class_list":{"0":"post-15847","1":"product","2":"type-product","3":"status-publish","4":"has-post-thumbnail","6":"product_cat-ucretli-egitimler","7":"product_tag-koku-egitimi","9":"first","10":"instock","11":"sold-individually","12":"taxable","13":"shipping-taxable","14":"purchasable","15":"product-type-simple"},"yoast_head":"<!-- This site is optimized with the Yoast SEO plugin v27.5 - https:\/\/yoast.com\/product\/yoast-seo-wordpress\/ -->\n<title>A\u2019dan Z\u2019ye Koku: Koku Uzmanl\u0131\u011f\u0131 E\u011fitimi - Nil Akademi<\/title>\n<meta name=\"robots\" content=\"index, follow, max-snippet:-1, max-image-preview:large, max-video-preview:-1\" \/>\n<link rel=\"canonical\" href=\"https:\/\/nilakademi.net\/en\/product\/adan-zye-koku-koku-uzmanligi-egitimi\/\" \/>\n<meta property=\"og:locale\" content=\"en_US\" \/>\n<meta property=\"og:type\" content=\"article\" \/>\n<meta property=\"og:title\" content=\"A\u2019dan Z\u2019ye Koku: Koku Uzmanl\u0131\u011f\u0131 E\u011fitimi - Nil Akademi\" \/>\n<meta property=\"og:description\" content=\"Koku d\u00fcnyas\u0131n\u0131 bilimsel ve profesyonel a\u00e7\u0131dan \u00f6\u011frenmek isteyenler i\u00e7in haz\u0131rlanm\u0131\u015f kapsaml\u0131 bir uzmanl\u0131k e\u011fitimi.\" \/>\n<meta property=\"og:url\" content=\"https:\/\/nilakademi.net\/en\/product\/adan-zye-koku-koku-uzmanligi-egitimi\/\" \/>\n<meta property=\"og:site_name\" content=\"Nil Akademi\" \/>\n<meta property=\"og:image\" content=\"https:\/\/nilakademi.net\/wp-content\/uploads\/2026\/04\/koku-egitim-1.avif\" \/>\n\t<meta property=\"og:image:width\" content=\"1536\" \/>\n\t<meta property=\"og:image:height\" content=\"862\" \/>\n\t<meta property=\"og:image:type\" content=\"image\/jpeg\" \/>\n<meta name=\"twitter:card\" content=\"summary_large_image\" \/>\n<meta name=\"twitter:label1\" content=\"Est. reading time\" \/>\n\t<meta name=\"twitter:data1\" content=\"1 minute\" \/>\n<script type=\"application\/ld+json\" class=\"yoast-schema-graph\">{\"@context\":\"https:\\\/\\\/schema.org\",\"@graph\":[{\"@type\":\"WebPage\",\"@id\":\"https:\\\/\\\/nilakademi.net\\\/urun\\\/adan-zye-koku-koku-uzmanligi-egitimi\\\/\",\"url\":\"https:\\\/\\\/nilakademi.net\\\/urun\\\/adan-zye-koku-koku-uzmanligi-egitimi\\\/\",\"name\":\"A\u2019dan Z\u2019ye Koku: Koku Uzmanl\u0131\u011f\u0131 E\u011fitimi - Nil Akademi\",\"isPartOf\":{\"@id\":\"https:\\\/\\\/nilakademi.net\\\/#website\"},\"primaryImageOfPage\":{\"@id\":\"https:\\\/\\\/nilakademi.net\\\/urun\\\/adan-zye-koku-koku-uzmanligi-egitimi\\\/#primaryimage\"},\"image\":{\"@id\":\"https:\\\/\\\/nilakademi.net\\\/urun\\\/adan-zye-koku-koku-uzmanligi-egitimi\\\/#primaryimage\"},\"thumbnailUrl\":\"https:\\\/\\\/nilakademi.net\\\/wp-content\\\/uploads\\\/2026\\\/04\\\/koku-egitim-1.avif\",\"datePublished\":\"2026-04-08T07:45:04+00:00\",\"breadcrumb\":{\"@id\":\"https:\\\/\\\/nilakademi.net\\\/urun\\\/adan-zye-koku-koku-uzmanligi-egitimi\\\/#breadcrumb\"},\"inLanguage\":\"en-US\",\"potentialAction\":[{\"@type\":\"ReadAction\",\"target\":[\"https:\\\/\\\/nilakademi.net\\\/urun\\\/adan-zye-koku-koku-uzmanligi-egitimi\\\/\"]}]},{\"@type\":\"ImageObject\",\"inLanguage\":\"en-US\",\"@id\":\"https:\\\/\\\/nilakademi.net\\\/urun\\\/adan-zye-koku-koku-uzmanligi-egitimi\\\/#primaryimage\",\"url\":\"https:\\\/\\\/nilakademi.net\\\/wp-content\\\/uploads\\\/2026\\\/04\\\/koku-egitim-1.avif\",\"contentUrl\":\"https:\\\/\\\/nilakademi.net\\\/wp-content\\\/uploads\\\/2026\\\/04\\\/koku-egitim-1.avif\",\"width\":1536,\"height\":862},{\"@type\":\"BreadcrumbList\",\"@id\":\"https:\\\/\\\/nilakademi.net\\\/urun\\\/adan-zye-koku-koku-uzmanligi-egitimi\\\/#breadcrumb\",\"itemListElement\":[{\"@type\":\"ListItem\",\"position\":1,\"name\":\"Anasayfa\",\"item\":\"https:\\\/\\\/nilakademi.net\\\/\"},{\"@type\":\"ListItem\",\"position\":2,\"name\":\"Ma\u011faza\",\"item\":\"https:\\\/\\\/nilakademi.net\\\/magaza\\\/\"},{\"@type\":\"ListItem\",\"position\":3,\"name\":\"A\u2019dan Z\u2019ye Koku: Koku Uzmanl\u0131\u011f\u0131 E\u011fitimi\"}]},{\"@type\":\"WebSite\",\"@id\":\"https:\\\/\\\/nilakademi.net\\\/#website\",\"url\":\"https:\\\/\\\/nilakademi.net\\\/\",\"name\":\"Nil Akademi\",\"description\":\"Uluslararas\u0131 Sertifikal\u0131 E\u011fitim ve Dan\u0131\u015fmanl\u0131k Merkezi\",\"publisher\":{\"@id\":\"https:\\\/\\\/nilakademi.net\\\/#organization\"},\"potentialAction\":[{\"@type\":\"SearchAction\",\"target\":{\"@type\":\"EntryPoint\",\"urlTemplate\":\"https:\\\/\\\/nilakademi.net\\\/?s={search_term_string}\"},\"query-input\":{\"@type\":\"PropertyValueSpecification\",\"valueRequired\":true,\"valueName\":\"search_term_string\"}}],\"inLanguage\":\"en-US\"},{\"@type\":\"Organization\",\"@id\":\"https:\\\/\\\/nilakademi.net\\\/#organization\",\"name\":\"Nil Akademi\",\"url\":\"https:\\\/\\\/nilakademi.net\\\/\",\"logo\":{\"@type\":\"ImageObject\",\"inLanguage\":\"en-US\",\"@id\":\"https:\\\/\\\/nilakademi.net\\\/#\\\/schema\\\/logo\\\/image\\\/\",\"url\":\"https:\\\/\\\/nilakademi.net\\\/wp-content\\\/uploads\\\/2025\\\/01\\\/Logo-web-1024x156.avif\",\"contentUrl\":\"https:\\\/\\\/nilakademi.net\\\/wp-content\\\/uploads\\\/2025\\\/01\\\/Logo-web-1024x156.avif\",\"width\":1031,\"height\":157,\"caption\":\"Nil Akademi\"},\"image\":{\"@id\":\"https:\\\/\\\/nilakademi.net\\\/#\\\/schema\\\/logo\\\/image\\\/\"},\"sameAs\":[\"https:\\\/\\\/www.instagram.com\\\/nilakademik\\\/\",\"https:\\\/\\\/www.linkedin.com\\\/company\\\/nil-akademi-uluslararas-sertifikal-eitim-ve-danmanlk\\\/about\\\/\"]}]}<\/script>\n<!-- \/ Yoast SEO plugin. -->","yoast_head_json":{"title":"A\u2019dan Z\u2019ye Koku: Koku Uzmanl\u0131\u011f\u0131 E\u011fitimi - Nil Akademi","robots":{"index":"index","follow":"follow","max-snippet":"max-snippet:-1","max-image-preview":"max-image-preview:large","max-video-preview":"max-video-preview:-1"},"canonical":"https:\/\/nilakademi.net\/en\/product\/adan-zye-koku-koku-uzmanligi-egitimi\/","og_locale":"en_US","og_type":"article","og_title":"A\u2019dan Z\u2019ye Koku: Koku Uzmanl\u0131\u011f\u0131 E\u011fitimi - Nil Akademi","og_description":"Koku d\u00fcnyas\u0131n\u0131 bilimsel ve profesyonel a\u00e7\u0131dan \u00f6\u011frenmek isteyenler i\u00e7in haz\u0131rlanm\u0131\u015f kapsaml\u0131 bir uzmanl\u0131k e\u011fitimi.","og_url":"https:\/\/nilakademi.net\/en\/product\/adan-zye-koku-koku-uzmanligi-egitimi\/","og_site_name":"Nil Akademi","og_image":[{"width":1536,"height":862,"url":"https:\/\/nilakademi.net\/wp-content\/uploads\/2026\/04\/koku-egitim-1.avif","type":"image\/jpeg"}],"twitter_card":"summary_large_image","twitter_misc":{"Est. reading time":"1 minute"},"schema":{"@context":"https:\/\/schema.org","@graph":[{"@type":"WebPage","@id":"https:\/\/nilakademi.net\/urun\/adan-zye-koku-koku-uzmanligi-egitimi\/","url":"https:\/\/nilakademi.net\/urun\/adan-zye-koku-koku-uzmanligi-egitimi\/","name":"A\u2019dan Z\u2019ye Koku: Koku Uzmanl\u0131\u011f\u0131 E\u011fitimi - Nil Akademi","isPartOf":{"@id":"https:\/\/nilakademi.net\/#website"},"primaryImageOfPage":{"@id":"https:\/\/nilakademi.net\/urun\/adan-zye-koku-koku-uzmanligi-egitimi\/#primaryimage"},"image":{"@id":"https:\/\/nilakademi.net\/urun\/adan-zye-koku-koku-uzmanligi-egitimi\/#primaryimage"},"thumbnailUrl":"https:\/\/nilakademi.net\/wp-content\/uploads\/2026\/04\/koku-egitim-1.avif","datePublished":"2026-04-08T07:45:04+00:00","breadcrumb":{"@id":"https:\/\/nilakademi.net\/urun\/adan-zye-koku-koku-uzmanligi-egitimi\/#breadcrumb"},"inLanguage":"en-US","potentialAction":[{"@type":"ReadAction","target":["https:\/\/nilakademi.net\/urun\/adan-zye-koku-koku-uzmanligi-egitimi\/"]}]},{"@type":"ImageObject","inLanguage":"en-US","@id":"https:\/\/nilakademi.net\/urun\/adan-zye-koku-koku-uzmanligi-egitimi\/#primaryimage","url":"https:\/\/nilakademi.net\/wp-content\/uploads\/2026\/04\/koku-egitim-1.avif","contentUrl":"https:\/\/nilakademi.net\/wp-content\/uploads\/2026\/04\/koku-egitim-1.avif","width":1536,"height":862},{"@type":"BreadcrumbList","@id":"https:\/\/nilakademi.net\/urun\/adan-zye-koku-koku-uzmanligi-egitimi\/#breadcrumb","itemListElement":[{"@type":"ListItem","position":1,"name":"Anasayfa","item":"https:\/\/nilakademi.net\/"},{"@type":"ListItem","position":2,"name":"Ma\u011faza","item":"https:\/\/nilakademi.net\/magaza\/"},{"@type":"ListItem","position":3,"name":"A\u2019dan Z\u2019ye Koku: Koku Uzmanl\u0131\u011f\u0131 E\u011fitimi"}]},{"@type":"WebSite","@id":"https:\/\/nilakademi.net\/#website","url":"https:\/\/nilakademi.net\/","name":"Nil Akademi","description":"Uluslararas\u0131 Sertifikal\u0131 E\u011fitim ve Dan\u0131\u015fmanl\u0131k Merkezi","publisher":{"@id":"https:\/\/nilakademi.net\/#organization"},"potentialAction":[{"@type":"SearchAction","target":{"@type":"EntryPoint","urlTemplate":"https:\/\/nilakademi.net\/?s={search_term_string}"},"query-input":{"@type":"PropertyValueSpecification","valueRequired":true,"valueName":"search_term_string"}}],"inLanguage":"en-US"},{"@type":"Organization","@id":"https:\/\/nilakademi.net\/#organization","name":"Nil Akademi","url":"https:\/\/nilakademi.net\/","logo":{"@type":"ImageObject","inLanguage":"en-US","@id":"https:\/\/nilakademi.net\/#\/schema\/logo\/image\/","url":"https:\/\/nilakademi.net\/wp-content\/uploads\/2025\/01\/Logo-web-1024x156.avif","contentUrl":"https:\/\/nilakademi.net\/wp-content\/uploads\/2025\/01\/Logo-web-1024x156.avif","width":1031,"height":157,"caption":"Nil Akademi"},"image":{"@id":"https:\/\/nilakademi.net\/#\/schema\/logo\/image\/"},"sameAs":["https:\/\/www.instagram.com\/nilakademik\/","https:\/\/www.linkedin.com\/company\/nil-akademi-uluslararas-sertifikal-eitim-ve-danmanlk\/about\/"]}]}},"jetpack_sharing_enabled":true,"_links":{"self":[{"href":"https:\/\/nilakademi.net\/en\/wp-json\/wp\/v2\/product\/15847","targetHints":{"allow":["GET"]}}],"collection":[{"href":"https:\/\/nilakademi.net\/en\/wp-json\/wp\/v2\/product"}],"about":[{"href":"https:\/\/nilakademi.net\/en\/wp-json\/wp\/v2\/types\/product"}],"version-history":[{"count":1,"href":"https:\/\/nilakademi.net\/en\/wp-json\/wp\/v2\/product\/15847\/revisions"}],"predecessor-version":[{"id":15849,"href":"https:\/\/nilakademi.net\/en\/wp-json\/wp\/v2\/product\/15847\/revisions\/15849"}],"wp:featuredmedia":[{"embeddable":true,"href":"https:\/\/nilakademi.net\/en\/wp-json\/wp\/v2\/media\/15848"}],"wp:attachment":[{"href":"https:\/\/nilakademi.net\/en\/wp-json\/wp\/v2\/media?parent=15847"}],"wp:term":[{"taxonomy":"product_brand","embeddable":true,"href":"https:\/\/nilakademi.net\/en\/wp-json\/wp\/v2\/product_brand?post=15847"},{"taxonomy":"product_cat","embeddable":true,"href":"https:\/\/nilakademi.net\/en\/wp-json\/wp\/v2\/product_cat?post=15847"},{"taxonomy":"product_tag","embeddable":true,"href":"https:\/\/nilakademi.net\/en\/wp-json\/wp\/v2\/product_tag?post=15847"}],"curies":[{"name":"wp","href":"https:\/\/api.w.org\/{rel}","templated":true}]}}